{"id":2544,"date":"2019-03-04T13:59:28","date_gmt":"2019-03-04T17:59:28","guid":{"rendered":"http:\/\/bilingual.marwoodltd.com\/a-propos-de-marwood\/"},"modified":"2023-12-20T09:51:59","modified_gmt":"2023-12-20T13:51:59","slug":"a-propos-de-marwood","status":"publish","type":"page","link":"https:\/\/marwoodltd.com\/fr\/a-propos-de-marwood\/","title":{"rendered":"\u00c0 Propos de Marwood"},"content":{"rendered":"\n<div class=\"slider-wrapper relative\" id=\"slider-759984409\" >\n    <div class=\"slider slider-nav-circle slider-nav-large slider-nav-light slider-style-normal slider-show-nav\"\n        data-flickity-options='{\n            \"cellAlign\": \"center\",\n            \"imagesLoaded\": true,\n            \"lazyLoad\": 1,\n            \"freeScroll\": false,\n            \"wrapAround\": false,\n            \"autoPlay\": false,\n            \"pauseAutoPlayOnHover\" : true,\n            \"prevNextButtons\": true,\n            \"contain\" : true,\n            \"adaptiveHeight\" : true,\n            \"dragThreshold\" : 10,\n            \"percentPosition\": true,\n            \"pageDots\": true,\n            \"rightToLeft\": false,\n            \"draggable\": true,\n            \"selectedAttraction\": 0.1,\n            \"parallax\" : 2,\n            \"friction\": 0.6        }'\n        >\n        \n\n\n  <div class=\"banner has-hover\" id=\"banner-454783009\">\n          <div class=\"banner-inner fill\">\n        <div class=\"banner-bg fill\" >\n            <img loading=\"lazy\" decoding=\"async\" width=\"1020\" height=\"679\" src=\"https:\/\/marwoodltd.com\/wp-content\/uploads\/2017\/11\/about_marwood-1202x800.jpg\" class=\"bg attachment-large size-large\" alt=\"\" \/>                        <div class=\"overlay\"><\/div>            \n                    <\/div>\n\t\t\n        <div class=\"banner-layers container\">\n            <div class=\"fill banner-link\"><\/div>            \n\n   <div id=\"text-box-1277249158\" class=\"text-box banner-layer x5 md-x5 lg-x5 y10 md-y10 lg-y10 res-text\">\n                     <div data-animate=\"fadeInLeft\">           <div class=\"text-box-content text dark\">\n              \n              <div class=\"text-inner text-left\">\n                  \n\n<h2 class=\"uppercase\"><span style=\"font-size: 100%;\"><strong>\u00c0 propos de<br \/>Marwood<\/strong><\/span><\/h2>\n<p>\u00a0<\/p>\n<p>Marwood conna\u00eet le bois. Et nous savons comment maximiser sa valeur. Chacun de nos produits est con\u00e7u pour \u00eatre le meilleur de sa cat\u00e9gorie. La meilleure qualit\u00e9 \u00e0 des prix comp\u00e9titifs.<\/p>\n<p>Marwood, dont les origines remontent aux ann\u00e9es 1920, est une entreprise familiale qui continue de cro\u00eetre et d\u2019\u00e9voluer pour r\u00e9pondre aux besoins et aux attentes du march\u00e9 \u00e0 l\u2019aide de produits innovants propos\u00e9s \u00e0 prix concurrentiels.<span class=\"Apple-converted-space\">\u00a0<\/span><\/p>\n<p>Avec son personnel exp\u00e9riment\u00e9 et ses usines de fabrication modernes et extr\u00eamement efficaces, Marwood a les ressources humaines, techniques et manufacturi\u00e8res n\u00e9cessaires pour r\u00e9pondre aux besoins du march\u00e9.<\/p>\n<p>\u00a0<\/p>\n\n              <\/div>\n           <\/div>\n       <\/div>                     \n<style>\n#text-box-1277249158 {\n  width: 78%;\n}\n#text-box-1277249158 .text-box-content {\n  font-size: 125%;\n}\n@media (min-width:550px) {\n  #text-box-1277249158 {\n    width: 76%;\n  }\n  #text-box-1277249158 .text-box-content {\n    font-size: 100%;\n  }\n}\n<\/style>\n    <\/div>\n \n\n        <\/div>\n      <\/div>\n\n            \n<style>\n#banner-454783009 {\n  padding-top: 500px;\n}\n#banner-454783009 .overlay {\n  background-color: rgba(8, 76, 97, 0.62);\n}\n#banner-454783009 .banner-bg img {\n  object-position: 30% 57%;\n}\n<\/style>\n  <\/div>\n\n\n\n  <div class=\"banner has-hover\" id=\"banner-1375282942\">\n          <div class=\"banner-inner fill\">\n        <div class=\"banner-bg fill\" >\n            <img loading=\"lazy\" decoding=\"async\" width=\"1020\" height=\"655\" src=\"https:\/\/marwoodltd.com\/wp-content\/uploads\/2018\/01\/History_revised-1246x800.jpg\" class=\"bg attachment-large size-large\" alt=\"\" \/>                        <div class=\"overlay\"><\/div>            \n                    <\/div>\n\t\t\n        <div class=\"banner-layers container\">\n            <div class=\"fill banner-link\"><\/div>            \n\n   <div id=\"text-box-1269857566\" class=\"text-box banner-layer x5 md-x5 lg-x5 y10 md-y10 lg-y10 res-text\">\n                     <div data-animate=\"fadeInLeft\">           <div class=\"text-box-content text dark\">\n              \n              <div class=\"text-inner text-left\">\n                  \n\n<h2 class=\"uppercase\"><strong>Historique<\/strong><\/h2>\n<p>\u00a0<\/p>\n<p>Marwood est une entreprise familiale dont les origines remontent aux ann\u00e9es 1920.<\/p>\n<p>Depuis plus de 80 ans, l\u2019entreprise joue un r\u00f4le de premier plan dans le secteur des produits du bois.<\/p>\n<p>En mars 2001, Marwood a officiellement adopt\u00e9 sa nouvelle raison sociale. Avant cela, l\u2019entreprise \u00e9tait connue sous le nom de Atlantic Pressure Treating. Avec l\u2019introduction de plusieurs nouveaux produits non trait\u00e9s sous pression et la croissance des activit\u00e9s, une nouvelle raison sociale et une nouvelle identit\u00e9 \u00e9taient n\u00e9cessaires pour pr\u00e9parer l\u2019entreprise \u00e0 se d\u00e9velopper et \u00e0 conqu\u00e9rir de nouveaux march\u00e9s.<\/p>\n<p>Le nom Marwood vient de notre premier produit, le bois \u00e0 usage maritime.<\/p>\n<p>Aujourd\u2019hui et \u00e0 l\u2019avenir, Marwood continuera \u00e0 s\u2019appuyer sur sa longue exp\u00e9rience de fournisseur de produits et de services hors pair.<span class=\"Apple-converted-space\">\u00a0<\/span><\/p>\n<p>\u00a0<\/p>\n\n              <\/div>\n           <\/div>\n       <\/div>                     \n<style>\n#text-box-1269857566 {\n  width: 78%;\n}\n#text-box-1269857566 .text-box-content {\n  font-size: 125%;\n}\n@media (min-width:550px) {\n  #text-box-1269857566 {\n    width: 75%;\n  }\n  #text-box-1269857566 .text-box-content {\n    font-size: 100%;\n  }\n}\n<\/style>\n    <\/div>\n \n\n        <\/div>\n      <\/div>\n\n            \n<style>\n#banner-1375282942 {\n  padding-top: 500px;\n}\n#banner-1375282942 .overlay {\n  background-color: rgba(8, 76, 97, 0.62);\n}\n#banner-1375282942 .banner-bg img {\n  object-position: 64% 40%;\n}\n<\/style>\n  <\/div>\n\n\n\n  <div class=\"banner has-hover\" id=\"banner-1781820365\">\n          <div class=\"banner-inner fill\">\n        <div class=\"banner-bg fill\" >\n            <img loading=\"lazy\" decoding=\"async\" width=\"970\" height=\"800\" src=\"https:\/\/marwoodltd.com\/wp-content\/uploads\/2017\/11\/our_people-970x800.jpg\" class=\"bg attachment-large size-large\" alt=\"\" \/>                        <div class=\"overlay\"><\/div>            \n                    <\/div>\n\t\t\n        <div class=\"banner-layers container\">\n            <div class=\"fill banner-link\"><\/div>            \n\n   <div id=\"text-box-1290538789\" class=\"text-box banner-layer x5 md-x5 lg-x5 y10 md-y10 lg-y10 res-text\">\n                     <div data-animate=\"fadeInLeft\">           <div class=\"text-box-content text dark\">\n              \n              <div class=\"text-inner text-left\">\n                  \n\n<h2 class=\"uppercase\"><strong>Notre<br \/>Personnel<\/strong><\/h2>\n<p>\u00a0<\/p>\n<p>Un personnel comp\u00e9tent change vraiment la donne. Tous les employ\u00e9s de Marwood se distinguent par leur attitude constructive, leur exp\u00e9rience et leur formation continue.<\/p>\n<p>Les employ\u00e9s de Marwood visent l\u2019excellence. Vous pouvez \u00eatre assur\u00e9 que le personnel de Marwood, qui est d\u00e9termin\u00e9 \u00e0 ne produire que ce qu\u2019il y a de mieux, fournit syst\u00e9matiquement des produits de grande qualit\u00e9. Des produits sur lesquels vous pouvez compter pour respecter les promesses faites.<\/p>\n<p>Chez Marwood, concevoir, produire et fournir la meilleure qualit\u00e9 dans l\u2019industrie foresti\u00e8re est un objectif que nous poursuivons tous les jours.<\/p>\n<p>\u00a0<\/p>\n\n              <\/div>\n           <\/div>\n       <\/div>                     \n<style>\n#text-box-1290538789 {\n  width: 78%;\n}\n#text-box-1290538789 .text-box-content {\n  font-size: 125%;\n}\n@media (min-width:550px) {\n  #text-box-1290538789 {\n    width: 74%;\n  }\n  #text-box-1290538789 .text-box-content {\n    font-size: 100%;\n  }\n}\n<\/style>\n    <\/div>\n \n\n        <\/div>\n      <\/div>\n\n            \n<style>\n#banner-1781820365 {\n  padding-top: 500px;\n}\n#banner-1781820365 .overlay {\n  background-color: rgba(8, 76, 97, 0.62);\n}\n#banner-1781820365 .banner-bg img {\n  object-position: 74% 14%;\n}\n<\/style>\n  <\/div>\n\n\n\n  <div class=\"banner has-hover\" id=\"banner-1394185825\">\n          <div class=\"banner-inner fill\">\n        <div class=\"banner-bg fill\" >\n            <img loading=\"lazy\" decoding=\"async\" width=\"1020\" height=\"765\" src=\"https:\/\/marwoodltd.com\/wp-content\/uploads\/2017\/11\/our_markets-1067x800.jpg\" class=\"bg attachment-large size-large\" alt=\"\" \/>                        <div class=\"overlay\"><\/div>            \n                    <\/div>\n\t\t\n        <div class=\"banner-layers container\">\n            <div class=\"fill banner-link\"><\/div>            \n\n   <div id=\"text-box-1395406459\" class=\"text-box banner-layer x5 md-x5 lg-x5 y10 md-y10 lg-y10 res-text\">\n                     <div data-animate=\"fadeInLeft\">           <div class=\"text-box-content text dark\">\n              \n              <div class=\"text-inner text-left\">\n                  \n\n<h2 class=\"uppercase\"><strong>NoS<br \/>March\u00e9s<\/strong><\/h2>\n<p>\u00a0<\/p>\n<p>Marwood est fi\u00e8re d&rsquo;\u00eatre un chef de file dans la commercialisation de produits forestiers \u00e0 valeur ajout\u00e9e sur les march\u00e9s industriels et de consommation \u00e0 travers le Canada.<span class=\"Apple-converted-space\">\u00a0 \u00a0<\/span><\/p>\n<p>Nous jouons \u00e9galement un r\u00f4le de premier plan dans l\u2019industrie dans le d\u00e9veloppement de march\u00e9s d\u2019exportation pour les produits du bois \u00e0 valeur ajout\u00e9e canadiens. B\u00e9n\u00e9ficiant d\u2019un acc\u00e8s facile au port d\u2019Halifax et aux corridors de fret achaland\u00e9s du Nord-Est et du Midwest des \u00c9tats-Unis, Marwood a d\u00e9velopp\u00e9 des march\u00e9s aux \u00c9tats-Unis, au Royaume-Uni et dans de nombreux autres pays d\u2019Europe occidentale.<\/p>\n<p>\u00a0<\/p>\n\n              <\/div>\n           <\/div>\n       <\/div>                     \n<style>\n#text-box-1395406459 {\n  width: 78%;\n}\n#text-box-1395406459 .text-box-content {\n  font-size: 125%;\n}\n@media (min-width:550px) {\n  #text-box-1395406459 {\n    width: 77%;\n  }\n  #text-box-1395406459 .text-box-content {\n    font-size: 100%;\n  }\n}\n<\/style>\n    <\/div>\n \n\n        <\/div>\n      <\/div>\n\n            \n<style>\n#banner-1394185825 {\n  padding-top: 500px;\n}\n#banner-1394185825 .overlay {\n  background-color: rgba(8, 76, 97, 0.62);\n}\n#banner-1394185825 .banner-bg img {\n  object-position: 74% 14%;\n}\n<\/style>\n  <\/div>\n\n\n\n  <div class=\"banner has-hover\" id=\"banner-1002796666\">\n          <div class=\"banner-inner fill\">\n        <div class=\"banner-bg fill\" >\n            <img loading=\"lazy\" decoding=\"async\" width=\"1020\" height=\"679\" src=\"https:\/\/marwoodltd.com\/wp-content\/uploads\/2018\/01\/environment_2-1202x800.jpg\" class=\"bg attachment-large size-large\" alt=\"\" \/>                        <div class=\"overlay\"><\/div>            \n                    <\/div>\n\t\t\n        <div class=\"banner-layers container\">\n            <div class=\"fill banner-link\"><\/div>            \n\n   <div id=\"text-box-774009607\" class=\"text-box banner-layer x5 md-x5 lg-x5 y10 md-y10 lg-y10 res-text\">\n                     <div data-animate=\"fadeInLeft\">           <div class=\"text-box-content text dark\">\n              \n              <div class=\"text-inner text-left\">\n                  \n\n<h2 class=\"uppercase\"><strong>Environnement et<br \/>Durabilit\u00e9<\/strong><\/h2>\n<p>Soucieux de l\u2019environnement et conscients du r\u00f4le jou\u00e9 par les for\u00eats dans l\u2019\u00e9cosyst\u00e8me, nous tenons \u00e0 maximiser la valeur de chaque arbre abattu. M\u00eame la fibre de bois, s\u00e9ch\u00e9e et comprim\u00e9e, est utilis\u00e9e pour produire des granules de bois \u00e9cologiques, de la liti\u00e8re pour chevaux et pour chats. Par cons\u00e9quent, notre processus de fabrication laisse tr\u00e8s peu de place au gaspillage.<\/p>\n<p>En tant que fabricant de produits en bois certifi\u00e9s par le Forest Stewardship Council<sup>MD<\/sup> (SFI), Marwood contribue \u00e0 la protection des ressources naturelles pour les g\u00e9n\u00e9rations futures. La SFI<sup>MD<\/sup> garantit que le produit final provient d\u2019une for\u00eat bien g\u00e9r\u00e9e. <span class=\"Apple-converted-space\">\u00a0<\/span><\/p>\n<p>Marwood est \u00e9galement \u00e0 l\u2019avant-garde en mati\u00e8re de long\u00e9vit\u00e9 maximale du bois gr\u00e2ce au traitement sous pression. Le bois trait\u00e9 sous pression reste structurellement sain pendant des d\u00e9cennies, ce qui \u00e9vite \u00e0 des millions d&rsquo;arbres d&rsquo;\u00eatre abattus pour remplacer du bois pourri ou infest\u00e9 d&rsquo;insectes.<span class=\"Apple-converted-space\">\u00a0<\/span><\/p>\n<p>Ax\u00e9e sur la client\u00e8le, innovatrice, soucieuse d\u2019\u00e9cologie et proactive en mati\u00e8re de protection de l\u2019environnement, Marwood est reconnue comme l&rsquo;une des principales entreprises de l&rsquo;industrie des produits forestiers.<\/p>\n\n              <\/div>\n           <\/div>\n       <\/div>                     \n<style>\n#text-box-774009607 {\n  width: 78%;\n}\n#text-box-774009607 .text-box-content {\n  font-size: 125%;\n}\n@media (min-width:550px) {\n  #text-box-774009607 {\n    width: 94%;\n  }\n  #text-box-774009607 .text-box-content {\n    font-size: 100%;\n  }\n}\n<\/style>\n    <\/div>\n \n\n        <\/div>\n      <\/div>\n\n            \n<style>\n#banner-1002796666 {\n  padding-top: 500px;\n}\n#banner-1002796666 .overlay {\n  background-color: rgba(8, 76, 97, 0.62);\n}\n#banner-1002796666 .banner-bg img {\n  object-position: 74% 14%;\n}\n<\/style>\n  <\/div>\n\n\n\n     <\/div>\n\n     <div class=\"loading-spin dark large centered\"><\/div>\n\n\t<\/div>\n\n\n\n","protected":false},"excerpt":{"rendered":"","protected":false},"author":1,"featured_media":0,"parent":0,"menu_order":0,"comment_status":"closed","ping_status":"closed","template":"page-blank.php","meta":{"_acf_changed":false,"footnotes":""},"class_list":["post-2544","page","type-page","status-publish","hentry"],"acf":[],"_links":{"self":[{"href":"https:\/\/marwoodltd.com\/fr\/wp-json\/wp\/v2\/pages\/2544","targetHints":{"allow":["GET"]}}],"collection":[{"href":"https:\/\/marwoodltd.com\/fr\/wp-json\/wp\/v2\/pages"}],"about":[{"href":"https:\/\/marwoodltd.com\/fr\/wp-json\/wp\/v2\/types\/page"}],"author":[{"embeddable":true,"href":"https:\/\/marwoodltd.com\/fr\/wp-json\/wp\/v2\/users\/1"}],"replies":[{"embeddable":true,"href":"https:\/\/marwoodltd.com\/fr\/wp-json\/wp\/v2\/comments?post=2544"}],"version-history":[{"count":9,"href":"https:\/\/marwoodltd.com\/fr\/wp-json\/wp\/v2\/pages\/2544\/revisions"}],"predecessor-version":[{"id":4038,"href":"https:\/\/marwoodltd.com\/fr\/wp-json\/wp\/v2\/pages\/2544\/revisions\/4038"}],"wp:attachment":[{"href":"https:\/\/marwoodltd.com\/fr\/wp-json\/wp\/v2\/media?parent=2544"}],"curies":[{"name":"wp","href":"https:\/\/api.w.org\/{rel}","templated":true}]}}