{"id":2545,"date":"2019-03-04T14:15:29","date_gmt":"2019-03-04T18:15:29","guid":{"rendered":"http:\/\/bilingual.marwoodltd.com\/a-propos-de-marwood\/environnement-et-durabilite\/"},"modified":"2026-04-13T01:19:55","modified_gmt":"2026-04-13T04:19:55","slug":"environnement-et-durabilite","status":"publish","type":"page","link":"https:\/\/marwoodltd.com\/fr\/a-propos-de-marwood\/environnement-et-durabilite\/","title":{"rendered":"Environnement et Durabilit\u00e9"},"content":{"rendered":"\n\n  <div class=\"banner has-hover\" id=\"banner-261893066\">\n          <div class=\"banner-inner fill\">\n        <div class=\"banner-bg fill\" >\n            <img loading=\"lazy\" decoding=\"async\" width=\"1020\" height=\"679\" src=\"https:\/\/marwoodltd.com\/wp-content\/uploads\/2018\/05\/environment2-1201x800.jpg\" class=\"bg attachment-large size-large\" alt=\"\" \/>                                    \n                    <\/div>\n\t\t\n        <div class=\"banner-layers container\">\n            <div class=\"fill banner-link\"><\/div>            \n\n   <div id=\"text-box-1640774216\" class=\"text-box banner-layer x50 md-x50 lg-x50 y50 md-y50 lg-y50 res-text\">\n                                <div class=\"text-box-content text dark\">\n              \n              <div class=\"text-inner text-center\">\n                  \n\n<h2 class=\"uppercase\">Marwood et l\u2019environnement<\/h2>\n\n              <\/div>\n           <\/div>\n                            \n<style>\n#text-box-1640774216 {\n  width: 60%;\n}\n#text-box-1640774216 .text-box-content {\n  font-size: 100%;\n}\n<\/style>\n    <\/div>\n \n\n        <\/div>\n      <\/div>\n\n            \n<style>\n#banner-261893066 {\n  padding-top: 255px;\n}\n<\/style>\n  <\/div>\n\n\n<div class=\"row\"  id=\"row-712748126\">\n\n\n\t<div id=\"col-1395399244\" class=\"col medium-4 small-12 large-4\"  >\n\t\t\t\t<div class=\"col-inner\"  >\n\t\t\t\n\t\t\t\n\n<h4>Soucieux de l\u2019environnement et conscients du r\u00f4le jou\u00e9 par les for\u00eats dans l\u2019\u00e9cosyst\u00e8me, nous tenons \u00e0 maximiser la valeur de chaque arbre abattu. M\u00eame la fibre de bois, s\u00e9ch\u00e9e et comprim\u00e9e, est utilis\u00e9e pour produire des granules de bois \u00e9cologiques, de la liti\u00e8re pour chevaux et pour chats. Par cons\u00e9quent, notre processus de fabrication laisse tr\u00e8s peu de place au gaspillage.<span class=\"Apple-converted-space\">\u00a0<\/span><\/h4>\n\n\t\t<\/div>\n\t\t\t\t\t<\/div>\n\n\t\n\n\t<div id=\"col-1408422584\" class=\"col medium-8 small-12 large-8\"  >\n\t\t\t\t<div class=\"col-inner\"  >\n\t\t\t\n\t\t\t\n\n<p>En tant que fabricant de produits en bois certifi\u00e9s par le Forest Stewardship Council<sup>MD<\/sup> (SFI), Marwood contribue \u00e0 la protection des ressources naturelles pour les g\u00e9n\u00e9rations futures. La SFI<sup>MD<\/sup> garantit que le produit final provient d\u2019une for\u00eat bien g\u00e9r\u00e9e.<span class=\"Apple-converted-space\">\u00a0 \u00a0<\/span><\/p>\n<p>Marwood est \u00e9galement \u00e0 l\u2019avant-garde en mati\u00e8re de long\u00e9vit\u00e9 maximale du bois gr\u00e2ce au traitement sous pression. Le bois trait\u00e9 sous pression reste structurellement sain pendant des d\u00e9cennies. <span class=\"Apple-converted-space\">\u00a0<\/span><\/p>\n<p>Ax\u00e9e sur la client\u00e8le, innovatrice, soucieuse d\u2019\u00e9cologie et proactive en mati\u00e8re de protection de l\u2019environnement, Marwood est reconnue comme l&rsquo;une des principales entreprises de l&rsquo;industrie des produits forestiers.<\/p>\n\n\n\t\t<\/div>\n\t\t\t\t\t<\/div>\n\n\t\n\n<\/div>\n\n","protected":false},"excerpt":{"rendered":"","protected":false},"author":3,"featured_media":0,"parent":2544,"menu_order":0,"comment_status":"closed","ping_status":"closed","template":"page-blank.php","meta":{"_acf_changed":false,"footnotes":""},"class_list":["post-2545","page","type-page","status-publish","hentry"],"acf":[],"_links":{"self":[{"href":"https:\/\/marwoodltd.com\/fr\/wp-json\/wp\/v2\/pages\/2545","targetHints":{"allow":["GET"]}}],"collection":[{"href":"https:\/\/marwoodltd.com\/fr\/wp-json\/wp\/v2\/pages"}],"about":[{"href":"https:\/\/marwoodltd.com\/fr\/wp-json\/wp\/v2\/types\/page"}],"author":[{"embeddable":true,"href":"https:\/\/marwoodltd.com\/fr\/wp-json\/wp\/v2\/users\/3"}],"replies":[{"embeddable":true,"href":"https:\/\/marwoodltd.com\/fr\/wp-json\/wp\/v2\/comments?post=2545"}],"version-history":[{"count":5,"href":"https:\/\/marwoodltd.com\/fr\/wp-json\/wp\/v2\/pages\/2545\/revisions"}],"predecessor-version":[{"id":6761,"href":"https:\/\/marwoodltd.com\/fr\/wp-json\/wp\/v2\/pages\/2545\/revisions\/6761"}],"up":[{"embeddable":true,"href":"https:\/\/marwoodltd.com\/fr\/wp-json\/wp\/v2\/pages\/2544"}],"wp:attachment":[{"href":"https:\/\/marwoodltd.com\/fr\/wp-json\/wp\/v2\/media?parent=2545"}],"curies":[{"name":"wp","href":"https:\/\/api.w.org\/{rel}","templated":true}]}}