{"id":2546,"date":"2019-03-04T14:25:58","date_gmt":"2019-03-04T18:25:58","guid":{"rendered":"http:\/\/bilingual.marwoodltd.com\/a-propos-de-marwood\/nos-marques\/"},"modified":"2024-04-30T13:29:10","modified_gmt":"2024-04-30T16:29:10","slug":"nos-marques","status":"publish","type":"page","link":"https:\/\/marwoodltd.com\/fr\/a-propos-de-marwood\/nos-marques\/","title":{"rendered":"Nos Marques"},"content":{"rendered":"\n<div class=\"slider-wrapper relative\" id=\"slider-1255748149\" >\n    <div class=\"slider slider-nav-circle slider-nav-large slider-nav-light slider-style-normal\"\n        data-flickity-options='{\n            \"cellAlign\": \"center\",\n            \"imagesLoaded\": true,\n            \"lazyLoad\": 1,\n            \"freeScroll\": false,\n            \"wrapAround\": true,\n            \"autoPlay\": 6000,\n            \"pauseAutoPlayOnHover\" : true,\n            \"prevNextButtons\": true,\n            \"contain\" : true,\n            \"adaptiveHeight\" : true,\n            \"dragThreshold\" : 10,\n            \"percentPosition\": true,\n            \"pageDots\": true,\n            \"rightToLeft\": false,\n            \"draggable\": true,\n            \"selectedAttraction\": 0.1,\n            \"parallax\" : 0,\n            \"friction\": 0.6        }'\n        >\n        \n\n\n  <div class=\"banner has-hover has-parallax\" id=\"banner-648127850\">\n          <div class=\"banner-inner fill\">\n        <div class=\"banner-bg fill\" data-parallax=\"-2\" data-parallax-container=\".banner\" data-parallax-background>\n            <img loading=\"lazy\" decoding=\"async\" width=\"1020\" height=\"680\" src=\"https:\/\/marwoodltd.com\/wp-content\/uploads\/2018\/04\/suntrellis_brand_slider-1200x800.jpg\" class=\"bg attachment-large size-large\" alt=\"\" \/>                        <div class=\"overlay\"><\/div>            \n                    <\/div>\n\t\t\n        <div class=\"banner-layers container\">\n            <div class=\"fill banner-link\"><\/div>            \n\n   <div id=\"text-box-1842760298\" class=\"text-box banner-layer x5 md-x5 lg-x5 y50 md-y50 lg-y50 res-text\">\n                                <div class=\"text-box-content text box-shadow-3\">\n              \n              <div class=\"text-inner text-left\">\n                  \n\n<p>NOS MARQUES:<\/p>\n\t<div class=\"img has-hover x md-x lg-x y md-y lg-y\" id=\"image_1944177965\">\n\t\t\t\t\t\t\t\t<div class=\"img-inner dark\" style=\"margin:9px 0px 0px 0px;\">\n\t\t\t<img loading=\"lazy\" decoding=\"async\" width=\"454\" height=\"105\" src=\"https:\/\/marwoodltd.com\/wp-content\/uploads\/2017\/12\/SuntrellisLogo.png\" class=\"attachment-large size-large\" alt=\"\" \/>\t\t\t\t\t\t\n\t\t\t\t\t<\/div>\n\t\t\t\t\t\t\t\t\n<style>\n#image_1944177965 {\n  width: 55%;\n}\n<\/style>\n\t<\/div>\n\t\n\n<div class=\"is-divider divider clearfix\" style=\"margin-top:0.4em;margin-bottom:0.4em;max-width:350px;height:1px;background-color:rgb(50, 48, 49);\"><\/div>\n\n<h3>Accessoires pour terrasse<\/h3>\n<p>Une gamme compl\u00e8te de produits durables en c\u00e8dre et en bois trait\u00e9 sous pression con\u00e7us et fabriqu\u00e9s pour les terrasses, les am\u00e9nagements paysagers, les cl\u00f4tures et les terrains de jeux.<\/p>\n<a href=\"https:\/\/marwoodltd.com\/product-category\/outdoor_accessories\/\" class=\"button primary is-outline\" >\n\t\t<span>Parcourir les produits<\/span>\n\t<\/a>\n\n\n\n              <\/div>\n           <\/div>\n                            \n<style>\n#text-box-1842760298 {\n  margin: 0px 0px 0px 0px;\n  width: 60%;\n}\n#text-box-1842760298 .text-box-content {\n  background-color: rgb(255, 255, 255);\n  font-size: 100%;\n}\n#text-box-1842760298 .text-inner {\n  padding: 30px 30px 30px 30px;\n}\n@media (min-width:550px) {\n  #text-box-1842760298 {\n    width: 40%;\n  }\n}\n<\/style>\n    <\/div>\n \n\n        <\/div>\n      <\/div>\n\n            \n<style>\n#banner-648127850 {\n  padding-top: 500px;\n  background-color: rgb(255, 255, 255);\n}\n#banner-648127850 .overlay {\n  background-color: rgba(190, 190, 190, 0);\n}\n#banner-648127850 .banner-bg img {\n  object-position: 0% 32%;\n}\n<\/style>\n  <\/div>\n\n\n\n  <div class=\"banner has-hover\" id=\"banner-312002597\">\n          <div class=\"banner-inner fill\">\n        <div class=\"banner-bg fill\" >\n            <img loading=\"lazy\" decoding=\"async\" width=\"1020\" height=\"681\" src=\"https:\/\/marwoodltd.com\/wp-content\/uploads\/2018\/05\/pantherace2-1199x800.jpg\" class=\"bg attachment-large size-large\" alt=\"\" \/>                        <div class=\"overlay\"><\/div>            \n                    <\/div>\n\t\t\n        <div class=\"banner-layers container\">\n            <div class=\"fill banner-link\"><\/div>            \n\n   <div id=\"text-box-341178075\" class=\"text-box banner-layer x5 md-x5 lg-x5 y50 md-y50 lg-y50 res-text\">\n                                <div class=\"text-box-content text box-shadow-3\">\n              \n              <div class=\"text-inner text-left\">\n                  \n\n<p>NOS MARQUES:<\/p>\n\t<div class=\"img has-hover x md-x lg-x y md-y lg-y\" id=\"image_594377652\">\n\t\t\t\t\t\t\t\t<div class=\"img-inner dark\" style=\"margin:9px 0px 0px 0px;\">\n\t\t\t<img loading=\"lazy\" decoding=\"async\" width=\"1020\" height=\"292\" src=\"https:\/\/marwoodltd.com\/wp-content\/uploads\/2017\/12\/Pantherace-1400x401.png\" class=\"attachment-large size-large\" alt=\"\" srcset=\"https:\/\/marwoodltd.com\/wp-content\/uploads\/2017\/12\/Pantherace-1400x401.png 1400w, https:\/\/marwoodltd.com\/wp-content\/uploads\/2017\/12\/Pantherace-600x172.png 600w, https:\/\/marwoodltd.com\/wp-content\/uploads\/2017\/12\/Pantherace-800x229.png 800w, https:\/\/marwoodltd.com\/wp-content\/uploads\/2017\/12\/Pantherace-768x220.png 768w\" sizes=\"auto, (max-width: 1020px) 100vw, 1020px\" \/>\t\t\t\t\t\t\n\t\t\t\t\t<\/div>\n\t\t\t\t\t\t\t\t\n<style>\n#image_594377652 {\n  width: 55%;\n}\n<\/style>\n\t<\/div>\n\t\n\n<div class=\"is-divider divider clearfix\" style=\"margin-top:0.4em;margin-bottom:0.4em;max-width:350px;height:1px;background-color:rgb(50, 48, 49);\"><\/div>\n\n<h3>Bois de construction de dimensions courantes<\/h3>\n<p>Bois d\u2019\u0153uvre trait\u00e9 sous pression offert dans des dimensions de 1\u2033 x 2\u2033 \u00e0 6\u2033 x 6\u2033, id\u00e9al pour la construction de terrasses, l\u2019am\u00e9nagement paysager ou tout projet d\u2019ext\u00e9rieur.<\/p>\n<a href=\"https:\/\/marwoodltd.com\/lumber-2\/\" class=\"button primary is-outline\" >\n\t\t<span>En savoir plus<\/span>\n\t<\/a>\n\n\n\n              <\/div>\n           <\/div>\n                            \n<style>\n#text-box-341178075 {\n  margin: 0px 0px 0px 0px;\n  width: 60%;\n}\n#text-box-341178075 .text-box-content {\n  background-color: rgb(255, 255, 255);\n  font-size: 100%;\n}\n#text-box-341178075 .text-inner {\n  padding: 30px 30px 30px 30px;\n}\n@media (min-width:550px) {\n  #text-box-341178075 {\n    width: 40%;\n  }\n}\n<\/style>\n    <\/div>\n \n\n        <\/div>\n      <\/div>\n\n            \n<style>\n#banner-312002597 {\n  padding-top: 500px;\n  background-color: rgb(255, 255, 255);\n}\n#banner-312002597 .overlay {\n  background-color: rgba(190, 190, 190, 0);\n}\n#banner-312002597 .banner-bg img {\n  object-position: 0% 79%;\n}\n<\/style>\n  <\/div>\n\n\n\n  <div class=\"banner has-hover\" id=\"banner-1527143761\">\n          <div class=\"banner-inner fill\">\n        <div class=\"banner-bg fill\" >\n            <img loading=\"lazy\" decoding=\"async\" width=\"1020\" height=\"681\" src=\"https:\/\/marwoodltd.com\/wp-content\/uploads\/2018\/04\/capecod_slider-1199x800.jpg\" class=\"bg attachment-large size-large\" alt=\"\" \/>                        <div class=\"overlay\"><\/div>            \n                    <\/div>\n\t\t\n        <div class=\"banner-layers container\">\n            <div class=\"fill banner-link\"><\/div>            \n\n   <div id=\"text-box-1044937077\" class=\"text-box banner-layer x5 md-x5 lg-x5 y50 md-y50 lg-y50 res-text\">\n                                <div class=\"text-box-content text box-shadow-3\">\n              \n              <div class=\"text-inner text-left\">\n                  \n\n<p>NOS MARQUES:<\/p>\n\t<div class=\"img has-hover x md-x lg-x y md-y lg-y\" id=\"image_2042336835\">\n\t\t\t\t\t\t\t\t<div class=\"img-inner dark\" style=\"margin:9px 0px 0px 0px;\">\n\t\t\t<img loading=\"lazy\" decoding=\"async\" width=\"883\" height=\"275\" src=\"https:\/\/marwoodltd.com\/wp-content\/uploads\/2017\/12\/Cape-Cod.jpg\" class=\"attachment-large size-large\" alt=\"\" srcset=\"https:\/\/marwoodltd.com\/wp-content\/uploads\/2017\/12\/Cape-Cod.jpg 883w, https:\/\/marwoodltd.com\/wp-content\/uploads\/2017\/12\/Cape-Cod-600x187.jpg 600w, https:\/\/marwoodltd.com\/wp-content\/uploads\/2017\/12\/Cape-Cod-800x249.jpg 800w, https:\/\/marwoodltd.com\/wp-content\/uploads\/2017\/12\/Cape-Cod-768x239.jpg 768w\" sizes=\"auto, (max-width: 883px) 100vw, 883px\" \/>\t\t\t\t\t\t\n\t\t\t\t\t<\/div>\n\t\t\t\t\t\t\t\t\n<style>\n#image_2042336835 {\n  width: 66%;\n}\n<\/style>\n\t<\/div>\n\t\n\n<div class=\"is-divider divider clearfix\" style=\"margin-top:0.4em;margin-bottom:0.4em;max-width:350px;height:1px;background-color:rgb(50, 48, 49);\"><\/div>\n\n<h3>Bardage en bois<\/h3>\n<p>Offert dans un \u00e9ventail de profil\u00e9s et de couleurs populaires. Le bardage Cape Cod est fini en usine, peint et garanti 15 ans.<\/p>\n<a href=\"http:\/\/www.capecodsiding.com\" target=\"_blank\" class=\"button primary is-outline\" rel=\"noopener\" >\n\t\t<span>Consulter le site Web de Cape Cod<\/span>\n\t<\/a>\n\n\n\n              <\/div>\n           <\/div>\n                            \n<style>\n#text-box-1044937077 {\n  margin: 0px 0px 0px 0px;\n  width: 60%;\n}\n#text-box-1044937077 .text-box-content {\n  background-color: rgb(255, 255, 255);\n  font-size: 100%;\n}\n#text-box-1044937077 .text-inner {\n  padding: 30px 30px 30px 30px;\n}\n@media (min-width:550px) {\n  #text-box-1044937077 {\n    width: 40%;\n  }\n}\n<\/style>\n    <\/div>\n \n\n        <\/div>\n      <\/div>\n\n            \n<style>\n#banner-1527143761 {\n  padding-top: 500px;\n  background-color: rgb(255, 255, 255);\n}\n#banner-1527143761 .overlay {\n  background-color: rgba(190, 190, 190, 0);\n}\n#banner-1527143761 .banner-bg img {\n  object-position: 1% 45%;\n}\n<\/style>\n  <\/div>\n\n\n\n  <div class=\"banner has-hover\" id=\"banner-338990549\">\n          <div class=\"banner-inner fill\">\n        <div class=\"banner-bg fill\" >\n            <img loading=\"lazy\" decoding=\"async\" width=\"1020\" height=\"680\" src=\"https:\/\/marwoodltd.com\/wp-content\/uploads\/2018\/04\/Tanatone_slider-1200x800.jpg\" class=\"bg attachment-large size-large\" alt=\"\" \/>                        <div class=\"overlay\"><\/div>            \n                    <\/div>\n\t\t\n        <div class=\"banner-layers container\">\n            <div class=\"fill banner-link\"><\/div>            \n\n   <div id=\"text-box-190630101\" class=\"text-box banner-layer x5 md-x5 lg-x5 y50 md-y50 lg-y50 res-text\">\n                                <div class=\"text-box-content text box-shadow-3\">\n              \n              <div class=\"text-inner text-left\">\n                  \n\n<p>NOS MARQUES:<\/p>\n\t<div class=\"img has-hover x md-x lg-x y md-y lg-y\" id=\"image_1988920626\">\n\t\t\t\t\t\t\t\t<div class=\"img-inner dark\" style=\"margin:9px 0px 0px 0px;\">\n\t\t\t<img loading=\"lazy\" decoding=\"async\" width=\"471\" height=\"225\" src=\"https:\/\/marwoodltd.com\/wp-content\/uploads\/2019\/01\/tanatone_color_new_closecropped.jpg\" class=\"attachment-large size-large\" alt=\"\" \/>\t\t\t\t\t\t\n\t\t\t\t\t<\/div>\n\t\t\t\t\t\t\t\t\n<style>\n#image_1988920626 {\n  width: 66%;\n}\n<\/style>\n\t<\/div>\n\t\n\n<div class=\"is-divider divider clearfix\" style=\"margin-top:0.4em;margin-bottom:0.4em;max-width:350px;height:1px;background-color:rgb(50, 48, 49);\"><\/div>\n\n<h3>Accessoires pour terrasse<\/h3>\n<p>Tanatone associe la beaut\u00e9 naturelle du bois v\u00e9ritable \u00e0 une belle teinte d\u2019un brun riche. <\/p>\n\n              <\/div>\n           <\/div>\n                            \n<style>\n#text-box-190630101 {\n  margin: 0px 0px 0px 0px;\n  width: 60%;\n}\n#text-box-190630101 .text-box-content {\n  background-color: rgb(255, 255, 255);\n  font-size: 100%;\n}\n#text-box-190630101 .text-inner {\n  padding: 30px 30px 30px 30px;\n}\n@media (min-width:550px) {\n  #text-box-190630101 {\n    width: 40%;\n  }\n}\n<\/style>\n    <\/div>\n \n\n        <\/div>\n      <\/div>\n\n            \n<style>\n#banner-338990549 {\n  padding-top: 500px;\n  background-color: rgb(255, 255, 255);\n}\n#banner-338990549 .overlay {\n  background-color: rgba(190, 190, 190, 0);\n}\n#banner-338990549 .banner-bg img {\n  object-position: 0% 53%;\n}\n<\/style>\n  <\/div>\n\n\n\n  <div class=\"banner has-hover\" id=\"banner-77289742\">\n          <div class=\"banner-inner fill\">\n        <div class=\"banner-bg fill\" >\n            <img loading=\"lazy\" decoding=\"async\" width=\"1020\" height=\"679\" src=\"https:\/\/marwoodltd.com\/wp-content\/uploads\/2017\/12\/homeliving-1202x800.jpg\" class=\"bg attachment-large size-large\" alt=\"\" \/>                        <div class=\"overlay\"><\/div>            \n                    <\/div>\n\t\t\n        <div class=\"banner-layers container\">\n            <div class=\"fill banner-link\"><\/div>            \n\n   <div id=\"text-box-1346726000\" class=\"text-box banner-layer x5 md-x5 lg-x5 y50 md-y50 lg-y50 res-text\">\n                                <div class=\"text-box-content text box-shadow-3\">\n              \n              <div class=\"text-inner text-left\">\n                  \n\n<p>NOS MARQUES:<\/p>\n\t<div class=\"img has-hover x md-x lg-x y md-y lg-y\" id=\"image_1337486498\">\n\t\t\t\t\t\t\t\t<div class=\"img-inner dark\" style=\"margin:9px 0px 0px 0px;\">\n\t\t\t<img loading=\"lazy\" decoding=\"async\" width=\"900\" height=\"393\" src=\"https:\/\/marwoodltd.com\/wp-content\/uploads\/2017\/12\/Comfy-Cozy-Logo.jpg\" class=\"attachment-large size-large\" alt=\"\" srcset=\"https:\/\/marwoodltd.com\/wp-content\/uploads\/2017\/12\/Comfy-Cozy-Logo.jpg 900w, https:\/\/marwoodltd.com\/wp-content\/uploads\/2017\/12\/Comfy-Cozy-Logo-600x262.jpg 600w, https:\/\/marwoodltd.com\/wp-content\/uploads\/2017\/12\/Comfy-Cozy-Logo-800x349.jpg 800w, https:\/\/marwoodltd.com\/wp-content\/uploads\/2017\/12\/Comfy-Cozy-Logo-768x335.jpg 768w\" sizes=\"auto, (max-width: 900px) 100vw, 900px\" \/>\t\t\t\t\t\t\n\t\t\t\t\t<\/div>\n\t\t\t\t\t\t\t\t\n<style>\n#image_1337486498 {\n  width: 55%;\n}\n<\/style>\n\t<\/div>\n\t\n\n<div class=\"is-divider divider clearfix\" style=\"margin-top:0.4em;margin-bottom:0.4em;max-width:350px;height:1px;background-color:rgb(50, 48, 49);\"><\/div>\n\n<h3>Granules de bois<\/h3>\n<p>Combustible sous forme de granules de bois fabriqu\u00e9 de fa\u00e7on \u00e0 d\u00e9passer les normes de l\u2019industrie \u00e9tablies par le Pellet Fuels Institute. Offert en sacs de 40 livres, \u00e0 la tonne ou sous marque priv\u00e9e..<\/p>\n\n              <\/div>\n           <\/div>\n                            \n<style>\n#text-box-1346726000 {\n  margin: 0px 0px 0px 0px;\n  width: 60%;\n}\n#text-box-1346726000 .text-box-content {\n  background-color: rgb(255, 255, 255);\n  font-size: 100%;\n}\n#text-box-1346726000 .text-inner {\n  padding: 30px 30px 30px 30px;\n}\n@media (min-width:550px) {\n  #text-box-1346726000 {\n    width: 40%;\n  }\n}\n<\/style>\n    <\/div>\n \n\n        <\/div>\n      <\/div>\n\n            \n<style>\n#banner-77289742 {\n  padding-top: 500px;\n  background-color: rgb(255, 255, 255);\n}\n#banner-77289742 .overlay {\n  background-color: rgba(190, 190, 190, 0);\n}\n#banner-77289742 .banner-bg img {\n  object-position: 1% 38%;\n}\n<\/style>\n  <\/div>\n\n\n\n  <div class=\"banner has-hover\" id=\"banner-1950235560\">\n          <div class=\"banner-inner fill\">\n        <div class=\"banner-bg fill\" >\n            <img loading=\"lazy\" decoding=\"async\" width=\"1020\" height=\"679\" src=\"https:\/\/marwoodltd.com\/wp-content\/uploads\/2018\/05\/safetguard_slider2-1202x800.jpg\" class=\"bg attachment-large size-large\" alt=\"\" \/>                        <div class=\"overlay\"><\/div>            \n                    <\/div>\n\t\t\n        <div class=\"banner-layers container\">\n            <div class=\"fill banner-link\"><\/div>            \n\n   <div id=\"text-box-960363108\" class=\"text-box banner-layer x5 md-x5 lg-x5 y50 md-y50 lg-y50 res-text\">\n                                <div class=\"text-box-content text box-shadow-3\">\n              \n              <div class=\"text-inner text-left\">\n                  \n\n<p>NOS MARQUES:<\/p>\n\t<div class=\"img has-hover x md-x lg-x y md-y lg-y\" id=\"image_1953479083\">\n\t\t\t\t\t\t\t\t<div class=\"img-inner dark\" style=\"margin:9px 0px 0px 0px;\">\n\t\t\t<img loading=\"lazy\" decoding=\"async\" width=\"900\" height=\"376\" src=\"https:\/\/marwoodltd.com\/wp-content\/uploads\/2018\/05\/Safe-T-Guard_noISO.jpg\" class=\"attachment-large size-large\" alt=\"\" srcset=\"https:\/\/marwoodltd.com\/wp-content\/uploads\/2018\/05\/Safe-T-Guard_noISO.jpg 900w, https:\/\/marwoodltd.com\/wp-content\/uploads\/2018\/05\/Safe-T-Guard_noISO-800x334.jpg 800w, https:\/\/marwoodltd.com\/wp-content\/uploads\/2018\/05\/Safe-T-Guard_noISO-768x321.jpg 768w, https:\/\/marwoodltd.com\/wp-content\/uploads\/2018\/05\/Safe-T-Guard_noISO-600x251.jpg 600w\" sizes=\"auto, (max-width: 900px) 100vw, 900px\" \/>\t\t\t\t\t\t\n\t\t\t\t\t<\/div>\n\t\t\t\t\t\t\t\t\n<style>\n#image_1953479083 {\n  width: 86%;\n}\n<\/style>\n\t<\/div>\n\t\n\n<div class=\"is-divider divider clearfix\" style=\"margin-top:0.4em;margin-bottom:0.4em;max-width:350px;height:1px;background-color:rgb(50, 48, 49);\"><\/div>\n\n<h3>Poteaux routiers<\/h3>\n<p>Les poteaux routiers trait\u00e9s sous pression, pr\u00e9perc\u00e9s et pr\u00eats \u00e0 \u00eatre assembl\u00e9s sont produits selon le syst\u00e8me de gestion de la qualit\u00e9 certifi\u00e9 ISO 9001:2015 de Marwood.<\/p>\n\n              <\/div>\n           <\/div>\n                            \n<style>\n#text-box-960363108 {\n  margin: 0px 0px 0px 0px;\n  width: 60%;\n}\n#text-box-960363108 .text-box-content {\n  background-color: rgb(255, 255, 255);\n  font-size: 100%;\n}\n#text-box-960363108 .text-inner {\n  padding: 30px 30px 30px 30px;\n}\n@media (min-width:550px) {\n  #text-box-960363108 {\n    width: 40%;\n  }\n}\n<\/style>\n    <\/div>\n \n\n        <\/div>\n      <\/div>\n\n            \n<style>\n#banner-1950235560 {\n  padding-top: 500px;\n  background-color: rgb(255, 255, 255);\n}\n#banner-1950235560 .overlay {\n  background-color: rgba(190, 190, 190, 0);\n}\n#banner-1950235560 .banner-bg img {\n  object-position: 0% 6%;\n}\n<\/style>\n  <\/div>\n\n\n\n  <div class=\"banner has-hover\" id=\"banner-761223888\">\n          <div class=\"banner-inner fill\">\n        <div class=\"banner-bg fill\" >\n            <img loading=\"lazy\" decoding=\"async\" width=\"1020\" height=\"679\" src=\"https:\/\/marwoodltd.com\/wp-content\/uploads\/2017\/12\/apt-1202x800.jpg\" class=\"bg attachment-large size-large\" alt=\"\" \/>                        <div class=\"overlay\"><\/div>            \n                    <\/div>\n\t\t\n        <div class=\"banner-layers container\">\n            <div class=\"fill banner-link\"><\/div>            \n\n   <div id=\"text-box-299855946\" class=\"text-box banner-layer x5 md-x5 lg-x5 y50 md-y50 lg-y50 res-text\">\n                                <div class=\"text-box-content text box-shadow-3\">\n              \n              <div class=\"text-inner text-left\">\n                  \n\n<p>NOS MARQUES:<\/p>\n\t<div class=\"img has-hover x md-x lg-x y md-y lg-y\" id=\"image_1113340696\">\n\t\t\t\t\t\t\t\t<div class=\"img-inner dark\" style=\"margin:9px 0px 0px 0px;\">\n\t\t\t<img loading=\"lazy\" decoding=\"async\" width=\"900\" height=\"332\" src=\"https:\/\/marwoodltd.com\/wp-content\/uploads\/2017\/12\/APT-LOGO.jpg\" class=\"attachment-large size-large\" alt=\"\" srcset=\"https:\/\/marwoodltd.com\/wp-content\/uploads\/2017\/12\/APT-LOGO.jpg 900w, https:\/\/marwoodltd.com\/wp-content\/uploads\/2017\/12\/APT-LOGO-600x221.jpg 600w, https:\/\/marwoodltd.com\/wp-content\/uploads\/2017\/12\/APT-LOGO-800x295.jpg 800w, https:\/\/marwoodltd.com\/wp-content\/uploads\/2017\/12\/APT-LOGO-768x283.jpg 768w\" sizes=\"auto, (max-width: 900px) 100vw, 900px\" \/>\t\t\t\t\t\t\n\t\t\t\t\t<\/div>\n\t\t\t\t\t\t\t\t\n<style>\n#image_1113340696 {\n  width: 71%;\n}\n<\/style>\n\t<\/div>\n\t\n\n<div class=\"is-divider divider clearfix\" style=\"margin-top:0.4em;margin-bottom:0.4em;max-width:350px;height:1px;background-color:rgb(50, 48, 49);\"><\/div>\n\n<h3><strong>Atlantic Pressure Treating<\/strong><\/h3>\n<p>Poteaux \u00e9lectriques, pieux de d\u00e9fense, bois de quai et piquets de cl\u00f4ture agricole.<\/p>\n\n              <\/div>\n           <\/div>\n                            \n<style>\n#text-box-299855946 {\n  margin: 0px 0px 0px 0px;\n  width: 60%;\n}\n#text-box-299855946 .text-box-content {\n  background-color: rgb(255, 255, 255);\n  font-size: 100%;\n}\n#text-box-299855946 .text-inner {\n  padding: 30px 30px 30px 30px;\n}\n@media (min-width:550px) {\n  #text-box-299855946 {\n    width: 40%;\n  }\n}\n<\/style>\n    <\/div>\n \n\n        <\/div>\n      <\/div>\n\n            \n<style>\n#banner-761223888 {\n  padding-top: 500px;\n  background-color: rgb(255, 255, 255);\n}\n#banner-761223888 .overlay {\n  background-color: rgba(190, 190, 190, 0);\n}\n#banner-761223888 .banner-bg img {\n  object-position: 0% 95%;\n}\n<\/style>\n  <\/div>\n\n\n\n     <\/div>\n\n     <div class=\"loading-spin dark large centered\"><\/div>\n\n\t<\/div>\n\n\n\n","protected":false},"excerpt":{"rendered":"","protected":false},"author":3,"featured_media":0,"parent":2544,"menu_order":0,"comment_status":"closed","ping_status":"closed","template":"page-blank.php","meta":{"_acf_changed":false,"footnotes":""},"class_list":["post-2546","page","type-page","status-publish","hentry"],"acf":[],"_links":{"self":[{"href":"https:\/\/marwoodltd.com\/fr\/wp-json\/wp\/v2\/pages\/2546","targetHints":{"allow":["GET"]}}],"collection":[{"href":"https:\/\/marwoodltd.com\/fr\/wp-json\/wp\/v2\/pages"}],"about":[{"href":"https:\/\/marwoodltd.com\/fr\/wp-json\/wp\/v2\/types\/page"}],"author":[{"embeddable":true,"href":"https:\/\/marwoodltd.com\/fr\/wp-json\/wp\/v2\/users\/3"}],"replies":[{"embeddable":true,"href":"https:\/\/marwoodltd.com\/fr\/wp-json\/wp\/v2\/comments?post=2546"}],"version-history":[{"count":2,"href":"https:\/\/marwoodltd.com\/fr\/wp-json\/wp\/v2\/pages\/2546\/revisions"}],"predecessor-version":[{"id":4127,"href":"https:\/\/marwoodltd.com\/fr\/wp-json\/wp\/v2\/pages\/2546\/revisions\/4127"}],"up":[{"embeddable":true,"href":"https:\/\/marwoodltd.com\/fr\/wp-json\/wp\/v2\/pages\/2544"}],"wp:attachment":[{"href":"https:\/\/marwoodltd.com\/fr\/wp-json\/wp\/v2\/media?parent=2546"}],"curies":[{"name":"wp","href":"https:\/\/api.w.org\/{rel}","templated":true}]}}