{"id":2551,"date":"2019-03-04T14:42:23","date_gmt":"2019-03-04T18:42:23","guid":{"rendered":"http:\/\/bilingual.marwoodltd.com\/foire-aux-questions\/"},"modified":"2019-03-04T14:42:23","modified_gmt":"2019-03-04T18:42:23","slug":"foire-aux-questions","status":"publish","type":"page","link":"https:\/\/marwoodltd.com\/fr\/foire-aux-questions\/","title":{"rendered":"Foire aux questions"},"content":{"rendered":"\n  <div class=\"banner has-hover\" id=\"banner-1560603270\">\n          <div class=\"banner-inner fill\">\n        <div class=\"banner-bg fill\" >\n            <img loading=\"lazy\" decoding=\"async\" width=\"1020\" height=\"679\" src=\"https:\/\/marwoodltd.com\/wp-content\/uploads\/2018\/05\/FAQ-header-1202x800.jpg\" class=\"bg attachment-large size-large\" alt=\"\" \/>                        <div class=\"overlay\"><\/div>            \n                    <\/div>\n\t\t\n        <div class=\"banner-layers container\">\n            <div class=\"fill banner-link\"><\/div>            \n\n   <div id=\"text-box-2067081669\" class=\"text-box banner-layer x10 md-x10 lg-x10 y50 md-y50 lg-y50 res-text\">\n                     <div data-animate=\"fadeInLeft\">           <div class=\"text-box-content text dark\">\n              \n              <div class=\"text-inner text-left\">\n                  \n\n<h2 class=\"uppercase\">Foire aux questions<\/h2>\n\n              <\/div>\n           <\/div>\n       <\/div>                     \n<style>\n#text-box-2067081669 {\n  width: 60%;\n}\n#text-box-2067081669 .text-box-content {\n  font-size: 100%;\n}\n@media (min-width:550px) {\n  #text-box-2067081669 {\n    width: 77%;\n  }\n}\n<\/style>\n    <\/div>\n \n\n        <\/div>\n      <\/div>\n\n            \n<style>\n#banner-1560603270 {\n  padding-top: 400px;\n}\n#banner-1560603270 .overlay {\n  background-color: rgba(219, 58, 52, 0.8);\n}\n#banner-1560603270 .banner-bg img {\n  object-position: 0% 20%;\n}\n<\/style>\n  <\/div>\n\n\n<div class=\"row\"  id=\"row-1215181023\">\n\n\t<div id=\"col-893851749\" class=\"col medium-6 small-12 large-6\"  >\n\t\t\t\t<div class=\"col-inner\"  >\n\t\t\t\n\t\t\t\n<div class=\"accordion\">\n\t<div id=\"accordion-2950093320\" class=\"accordion-item\">\n\t\t<a id=\"accordion-2950093320-label\" class=\"accordion-title plain\" href=\"#accordion-item-combien-de-temps-faut-il-attendre-pour-que-le-bois-soit-sec-\u00e0-l\u2019int\u00e9rieur-et-pr\u00eat-\u00e0-\u00eatre-peint-ou-teint?\" aria-expanded=\"false\" aria-controls=\"accordion-2950093320-content\">\n\t\t\t<button class=\"toggle\" aria-label=\"Basculer\"><i class=\"icon-angle-down\" aria-hidden=\"true\"><\/i><\/button>\n\t\t\t<span>Combien de temps faut-il attendre pour que le bois soit sec \u00e0 l\u2019int\u00e9rieur et pr\u00eat \u00e0 \u00eatre peint ou teint?<\/span>\n\t\t<\/a>\n\t\t<div id=\"accordion-2950093320-content\" class=\"accordion-inner\" aria-labelledby=\"accordion-2950093320-label\">\n\t\t\t\n<p>Cela d\u00e9pend du climat et de l\u2019exposition du bois. En \u00e9t\u00e9, le bois de terrasse expos\u00e9 au soleil peut s\u00e9cher en quelques jours. Par temps frais et humide ou \u00e0 l\u2019ombre d\u2019un avant-toit ou d\u2019un arbre, le bois mettra beaucoup plus de temps \u00e0 s\u00e9cher. En moyenne, nous recommandons d\u2019attendre six mois avant d\u2019appliquer de la peinture ou de la teinture de couleur opaque et trois mois avant d\u2019appliquer de la teinture semi-transparente. Il vaut toujours mieux trop sec que trop humide!<\/p>\n\t\t<\/div>\n\t<\/div>\n\t\n\t<div id=\"accordion-1966756673\" class=\"accordion-item\">\n\t\t<a id=\"accordion-1966756673-label\" class=\"accordion-title plain\" href=\"#accordion-item-peut-on-peindre-ou-teindre-du-bois-trait\u00e9?\" aria-expanded=\"false\" aria-controls=\"accordion-1966756673-content\">\n\t\t\t<button class=\"toggle\" aria-label=\"Basculer\"><i class=\"icon-angle-down\" aria-hidden=\"true\"><\/i><\/button>\n\t\t\t<span>Peut-on peindre ou teindre du bois trait\u00e9?<\/span>\n\t\t<\/a>\n\t\t<div id=\"accordion-1966756673-content\" class=\"accordion-inner\" aria-labelledby=\"accordion-1966756673-label\">\n\t\t\t\n<p>Le bois trait\u00e9 sous pression peut \u00eatre peint ou teint. Il faut l\u2019enduire d\u2019hydrofuge pour pr\u00e9server son apparence.<\/p>\n<p>Pour tout enduit, suivez toujours les instructions du fabricant sur l\u2019\u00e9tiquette du produit.\n<\/p>\n\t\t<\/div>\n\t<\/div>\n\t\n\t<div id=\"accordion-3049218634\" class=\"accordion-item\">\n\t\t<a id=\"accordion-3049218634-label\" class=\"accordion-title plain\" href=\"#accordion-item-quelles-pi\u00e8ces-de-fixation-utiliser?\" aria-expanded=\"false\" aria-controls=\"accordion-3049218634-content\">\n\t\t\t<button class=\"toggle\" aria-label=\"Basculer\"><i class=\"icon-angle-down\" aria-hidden=\"true\"><\/i><\/button>\n\t\t\t<span>Quelles pi\u00e8ces de fixation utiliser?<\/span>\n\t\t<\/a>\n\t\t<div id=\"accordion-3049218634-content\" class=\"accordion-inner\" aria-labelledby=\"accordion-3049218634-label\">\n\t\t\t\n<p>Il est recommand\u00e9 d\u2019utiliser des pi\u00e8ces de fixation (conformes \u00e0 la norme ASTM A 153) et des connecteurs (t\u00f4le ASTM A 653 classe G185) galvanis\u00e9s \u00e0 chaud, ou des pi\u00e8ces conformes \u00e0 des normes sup\u00e9rieures. Les pi\u00e8ces de fixation qui ne satisfont pas \u00e0 ces exigences pourraient entra\u00eener des d\u00e9faillances pr\u00e9matur\u00e9es et la d\u00e9gradation des pi\u00e8ces et du bois trait\u00e9.<\/p>\n\t\t<\/div>\n\t<\/div>\n\t\n<\/div>\n\t\t<\/div>\n\t\t\t\t\t<\/div>\n\n\t\n\n\t<div id=\"col-1279268006\" class=\"col medium-6 small-12 large-6\"  >\n\t\t\t\t<div class=\"col-inner\"  >\n\t\t\t\n\t\t\t\n<div class=\"accordion\">\n\t<div id=\"accordion-3249433531\" class=\"accordion-item\">\n\t\t<a id=\"accordion-3249433531-label\" class=\"accordion-title plain\" href=\"#accordion-item-quel-type-d\u2019entretien-est-n\u00e9cessaire-pour-un-produit-trait\u00e9-sous-pression?\" aria-expanded=\"false\" aria-controls=\"accordion-3249433531-content\">\n\t\t\t<button class=\"toggle\" aria-label=\"Basculer\"><i class=\"icon-angle-down\" aria-hidden=\"true\"><\/i><\/button>\n\t\t\t<span>Quel type d\u2019entretien est n\u00e9cessaire pour un produit trait\u00e9 sous pression?<\/span>\n\t\t<\/a>\n\t\t<div id=\"accordion-3249433531-content\" class=\"accordion-inner\" aria-labelledby=\"accordion-3249433531-label\">\n\t\t\t\n<p>Aucun entretien n\u2019est n\u00e9cessaire pour maintenir la r\u00e9sistance aux champignons lignivores et aux termites. Cependant, une protection contre les intemp\u00e9ries est n\u00e9cessaire pour pr\u00e9server l\u2019apparence du bois. L\u2019alternance du soleil et de la pluie exerce des contraintes et entra\u00eene le gonflement, le r\u00e9tr\u00e9cissement, le gauchissement et la fissuration du bois d\u2019\u0153uvre.<\/p>\n<ul>\n<li>Pour prot\u00e9ger le bois des dommages caus\u00e9s par l\u2019humidit\u00e9, appliquez un hydrofuge apr\u00e8s l\u2019ach\u00e8vement du projet, une fois que le bois a eu le temps de s\u00e9cher compl\u00e8tement.<\/li>\n<li>Vous pouvez utiliser un nettoyant\/\u00e9claircissant pour terrasses tous les deux ans pour rafra\u00eechir l\u2019apparence de votre terrasse. L\u2019eau de Javel n\u2019est pas recommand\u00e9e, car elle contient des chlorures et risque de corroder la quincaillerie.<\/li>\n<li>Apr\u00e8s avoir nettoy\u00e9 la terrasse, renouvelez l\u2019application d\u2019hydrofuge ou de teinture hydrofuge pour raviver la couleur de la terrasse.<\/li>\n<\/ul>\n\t\t<\/div>\n\t<\/div>\n\t\n\t<div id=\"accordion-3748444563\" class=\"accordion-item\">\n\t\t<a id=\"accordion-3748444563-label\" class=\"accordion-title plain\" href=\"#accordion-item-faut-il-appliquer-un-agent-de-pr\u00e9servation-sur-les-extr\u00e9mit\u00e9s-apr\u00e8s-le-sciage?\" aria-expanded=\"false\" aria-controls=\"accordion-3748444563-content\">\n\t\t\t<button class=\"toggle\" aria-label=\"Basculer\"><i class=\"icon-angle-down\" aria-hidden=\"true\"><\/i><\/button>\n\t\t\t<span>Faut-il appliquer un agent de pr\u00e9servation sur les extr\u00e9mit\u00e9s apr\u00e8s le sciage?<\/span>\n\t\t<\/a>\n\t\t<div id=\"accordion-3748444563-content\" class=\"accordion-inner\" aria-labelledby=\"accordion-3748444563-label\">\n\t\t\t\n<p>Oui, enduisez g\u00e9n\u00e9reusement l\u2019ensemble des extr\u00e9mit\u00e9s coup\u00e9es, trous et autres intrusions dans le bois \u00e0 l\u2019aide d\u2019un produit appropri\u00e9 de pr\u00e9servation du bois. <\/p>\n\t\t<\/div>\n\t<\/div>\n\t\n\t<div id=\"accordion-1812291751\" class=\"accordion-item\">\n\t\t<a id=\"accordion-1812291751-label\" class=\"accordion-title plain\" href=\"#accordion-item-pourquoi-choisir-le-bois-trait\u00e9-sous-pression-pantherace?\" aria-expanded=\"false\" aria-controls=\"accordion-1812291751-content\">\n\t\t\t<button class=\"toggle\" aria-label=\"Basculer\"><i class=\"icon-angle-down\" aria-hidden=\"true\"><\/i><\/button>\n\t\t\t<span>Pourquoi choisir le bois trait\u00e9 sous pression Pantherace?<\/span>\n\t\t<\/a>\n\t\t<div id=\"accordion-1812291751-content\" class=\"accordion-inner\" aria-labelledby=\"accordion-1812291751-label\">\n\t\t\t\n<p>Le bois trait\u00e9 sous pression Pantherace est un produit d\u2019ext\u00e9rieur de haute qualit\u00e9 trait\u00e9 sous pression avec un agent de pr\u00e9servation efficace. Quelques autres points cl\u00e9s :<\/p>\n<ul>\n<li>Il offre une protection garantie contre les termites et la pourriture fongique.<\/li>\n<li>Il est aussi durable, mais moins co\u00fbteux, que le c\u00e8dre ou le s\u00e9quoia de qualit\u00e9 durable et il est nettement moins cher que les plastiques composites ou les bois durs tropicaux.<\/li>\n<li>Il a d\u2019excellentes caract\u00e9ristiques du point de vue de la facilit\u00e9 de travail. Ainsi, il peut \u00eatre :<br \/>-install\u00e9 rapidement par les professionnels ou les bricoleurs;<br \/>-manipul\u00e9 \u00e0 l\u2019aide d\u2019outils de tous les jours (scie, marteau, perceuse, etc.);<br \/>-peint ou teint;<br \/>-r\u00e9par\u00e9 facilement en cas d\u2019\u00e9gratignures.<\/li>\n<\/ul>\n<ul>\n<li>Il est fabriqu\u00e9 \u00e0 partir d\u2019une ressource naturelle renouvelable pr\u00e9serv\u00e9e pour durer des dizaines d\u2019ann\u00e9es<\/li>\n<\/ul>\n\t\t<\/div>\n\t<\/div>\n\t\n<\/div>\n\t\t<\/div>\n\t\t\t\t\t<\/div>\n\n\t\n\n<style>\n#row-1215181023 > .col > .col-inner {\n  padding: 25px 0px 0px 0px;\n}\n<\/style>\n<\/div>\n","protected":false},"excerpt":{"rendered":"","protected":false},"author":3,"featured_media":0,"parent":0,"menu_order":0,"comment_status":"closed","ping_status":"closed","template":"page-blank.php","meta":{"_acf_changed":false,"footnotes":""},"class_list":["post-2551","page","type-page","status-publish","hentry"],"acf":[],"_links":{"self":[{"href":"https:\/\/marwoodltd.com\/fr\/wp-json\/wp\/v2\/pages\/2551","targetHints":{"allow":["GET"]}}],"collection":[{"href":"https:\/\/marwoodltd.com\/fr\/wp-json\/wp\/v2\/pages"}],"about":[{"href":"https:\/\/marwoodltd.com\/fr\/wp-json\/wp\/v2\/types\/page"}],"author":[{"embeddable":true,"href":"https:\/\/marwoodltd.com\/fr\/wp-json\/wp\/v2\/users\/3"}],"replies":[{"embeddable":true,"href":"https:\/\/marwoodltd.com\/fr\/wp-json\/wp\/v2\/comments?post=2551"}],"version-history":[{"count":0,"href":"https:\/\/marwoodltd.com\/fr\/wp-json\/wp\/v2\/pages\/2551\/revisions"}],"wp:attachment":[{"href":"https:\/\/marwoodltd.com\/fr\/wp-json\/wp\/v2\/media?parent=2551"}],"curies":[{"name":"wp","href":"https:\/\/api.w.org\/{rel}","templated":true}]}}