{"id":2552,"date":"2019-03-04T14:53:01","date_gmt":"2019-03-04T18:53:01","guid":{"rendered":"http:\/\/bilingual.marwoodltd.com\/foire-aux-questions\/conseils-dentretien\/"},"modified":"2019-03-04T14:53:01","modified_gmt":"2019-03-04T18:53:01","slug":"conseils-dentretien","status":"publish","type":"page","link":"https:\/\/marwoodltd.com\/fr\/foire-aux-questions\/conseils-dentretien\/","title":{"rendered":"Conseils d\u2019entretien"},"content":{"rendered":"\n  <div class=\"banner has-hover\" id=\"banner-1509030540\">\n          <div class=\"banner-inner fill\">\n        <div class=\"banner-bg fill\" >\n            <img loading=\"lazy\" decoding=\"async\" width=\"1020\" height=\"680\" src=\"https:\/\/marwoodltd.com\/wp-content\/uploads\/2017\/12\/our_brands-1200x800.jpg\" class=\"bg attachment-large size-large\" alt=\"\" \/>                        <div class=\"overlay\"><\/div>            \n                    <\/div>\n\t\t\n        <div class=\"banner-layers container\">\n            <div class=\"fill banner-link\"><\/div>            \n\n   <div id=\"text-box-1025745295\" class=\"text-box banner-layer x10 md-x10 lg-x10 y50 md-y50 lg-y50 res-text\">\n                     <div data-animate=\"fadeInLeft\">           <div class=\"text-box-content text dark\">\n              \n              <div class=\"text-inner text-left\">\n                  \n\n<h2 class=\"uppercase\">Conseils d\u2019entretien<\/h2>\n<p style=\"text-align: left;\">Aucun entretien n\u2019est n\u00e9cessaire pour prolonger la r\u00e9sistance aux champignons et aux termites. Le bois Natural Select a une garantie limit\u00e9e \u00e0 vie contre ces organismes.<\/p>\n<p style=\"text-align: left;\">Cependant, une protection contre les intemp\u00e9ries est n\u00e9cessaire pour pr\u00e9server l\u2019apparence du bois. L\u2019alternance du soleil et de la pluie exerce des contraintes et entra\u00eene le gonflement, le r\u00e9tr\u00e9cissement, le gauchissement et la fissuration du bois d\u2019\u0153uvre.<\/p>\n<p style=\"text-align: left;\">Pour prot\u00e9ger le bois des dommages caus\u00e9s par l\u2019humidit\u00e9, appliquer une marque efficace d\u2019hydrofuge d\u00e8s la fin du projet d\u2019ext\u00e9rieur ou, pour les grands projets, d\u00e8s l\u2019ach\u00e8vement d\u2019une section. L\u2019hydrofuge est \u00e0 appliquer tous les ans ou tous les deux ans.<\/p>\n<p style=\"text-align: left;\">Pour redonner de l\u2019\u00e9clat \u00e0 du bois d\u2019ext\u00e9rieur terni par la salet\u00e9 ou la moisissure, le nettoyer \u00e0 l\u2019aide d\u2019un \u00e9claircissant pour terrasses.<\/p>\n\n              <\/div>\n           <\/div>\n       <\/div>                     \n<style>\n#text-box-1025745295 {\n  width: 60%;\n}\n#text-box-1025745295 .text-box-content {\n  font-size: 100%;\n}\n@media (min-width:550px) {\n  #text-box-1025745295 {\n    width: 77%;\n  }\n}\n<\/style>\n    <\/div>\n \n\n        <\/div>\n      <\/div>\n\n            \n<style>\n#banner-1509030540 {\n  padding-top: 500px;\n}\n#banner-1509030540 .overlay {\n  background-color: rgba(8, 76, 97, 0.81);\n}\n#banner-1509030540 .banner-bg img {\n  object-position: 1% 100%;\n}\n<\/style>\n  <\/div>\n\n\n<div class=\"row\"  id=\"row-766890958\">\n\n\t<div id=\"col-1474936972\" class=\"col medium-6 small-12 large-6\"  >\n\t\t\t\t<div class=\"col-inner\"  >\n\t\t\t\n\t\t\t\n<h4>Enduire le bois trait\u00e9<\/h4>\n<p>Les questions qu\u2019on nous pose le plus souvent ne portent pas sur la transformation ou la long\u00e9vit\u00e9 du bois trait\u00e9, mais sur les proc\u00e9d\u00e9s pour l\u2019enduire. Puis-je peindre ou teindre le bois trait\u00e9? Si oui, combien de temps dois-je attendre avant d\u2019appliquer un enduit? Qu\u2019en est-il de l\u2019hydrofuge? Ce sont de bonnes questions et, vu le grand nombre de produits diff\u00e9rents \u2013 bois trait\u00e9s et enduits \u2013 qu\u2019on trouve dans le commerce, elles n\u2019ont pas de r\u00e9ponse simple.<\/p>\n<p>Pour commencer, OUI, on peut teindre ou peindre le bois Wolmanized Natural Select. On peut aussi enduire le bois Natural Select d\u2019hydrofuge; en fait, nous le recommandons vivement. La meilleure fa\u00e7on de proc\u00e9der d\u00e9pend du bois, de son exposition et de l\u2019enduit qu\u2019on compte utiliser.<\/p>\n<h4>Bois trait\u00e9 typique<\/h4>\n<p>Quand le bois est trait\u00e9 sous pression, il est satur\u00e9 d\u2019une solution liquide d\u2019agent de pr\u00e9servation dilu\u00e9 dans l\u2019eau. En g\u00e9n\u00e9ral, le bois en vente est encore humide \u00e0 l\u2019int\u00e9rieur.<\/p>\n\t\t<\/div>\n\t\t\t\t\t<\/div>\n\n\t\n\n\t<div id=\"col-1264351518\" class=\"col medium-6 small-12 large-6\"  >\n\t\t\t\t<div class=\"col-inner\"  >\n\t\t\t\n\t\t\t\n<h4>Peinture<\/h4>\n<p>Il faut \u00e9viter d\u2019appliquer de la peinture avant que le bois soit sec, tant en surface qu\u2019\u00e0 l\u2019int\u00e9rieur. Sinon, \u00e0 mesure que le bois s\u00e8che, l\u2019humidit\u00e9 qui s\u2019\u00e9vapore entra\u00eene des cloques et une mauvaise adh\u00e9rence de la peinture. Nous recommandons d\u2019attendre six mois avant d\u2019appliquer de la peinture (voir plus bas). Une fois que le bois est sec, la proc\u00e9dure \u00e0 suivre pour peindre le bois trait\u00e9 n\u2019est pas diff\u00e9rente de celle pour le bois non trait\u00e9. (Nous d\u00e9conseillons d\u2019utiliser de la peinture sur le plancher d\u2019une terrasse en raison de l\u2019usure qui appara\u00eetra aux endroits de passage fr\u00e9quent, par exemple entre l\u2019escalier et la porte.) Notre conseil : suivre les instructions du fabricant de la peinture.<\/p>\n<h4>Teinture<\/h4>\n<p>Certaines teintures sont tr\u00e8s pigment\u00e9es et forment un film, comme la peinture. Les recommandations pour leur application sont les m\u00eames que pour la peinture, y compris notre conseil d\u2019\u00e9viter de les utiliser sur le plancher d\u2019une terrasse.<\/p>\n<h4>Hydrofuge<\/h4>\n<p>D\u2019apr\u00e8s les instructions donn\u00e9es par la plupart des marques d\u2019hydrofuge, il n\u2019est pas n\u00e9cessaire d\u2019attendre avant d\u2019appliquer un produit hydrofuge; une application imm\u00e9diate est donc id\u00e9ale. Pour d\u2019autres marques, il est recommand\u00e9 d\u2019attendre un peu. Encore une fois, il faut suivre les instructions du fabricant.<\/p>\n\t\t<\/div>\n\t\t\t\t\t<\/div>\n\n\t\n\n<style>\n#row-766890958 > .col > .col-inner {\n  padding: 25px 0px 0px 0px;\n}\n<\/style>\n<\/div>\n","protected":false},"excerpt":{"rendered":"","protected":false},"author":3,"featured_media":0,"parent":2551,"menu_order":0,"comment_status":"closed","ping_status":"closed","template":"page-blank.php","meta":{"_acf_changed":false,"footnotes":""},"class_list":["post-2552","page","type-page","status-publish","hentry"],"acf":[],"_links":{"self":[{"href":"https:\/\/marwoodltd.com\/fr\/wp-json\/wp\/v2\/pages\/2552","targetHints":{"allow":["GET"]}}],"collection":[{"href":"https:\/\/marwoodltd.com\/fr\/wp-json\/wp\/v2\/pages"}],"about":[{"href":"https:\/\/marwoodltd.com\/fr\/wp-json\/wp\/v2\/types\/page"}],"author":[{"embeddable":true,"href":"https:\/\/marwoodltd.com\/fr\/wp-json\/wp\/v2\/users\/3"}],"replies":[{"embeddable":true,"href":"https:\/\/marwoodltd.com\/fr\/wp-json\/wp\/v2\/comments?post=2552"}],"version-history":[{"count":0,"href":"https:\/\/marwoodltd.com\/fr\/wp-json\/wp\/v2\/pages\/2552\/revisions"}],"up":[{"embeddable":true,"href":"https:\/\/marwoodltd.com\/fr\/wp-json\/wp\/v2\/pages\/2551"}],"wp:attachment":[{"href":"https:\/\/marwoodltd.com\/fr\/wp-json\/wp\/v2\/media?parent=2552"}],"curies":[{"name":"wp","href":"https:\/\/api.w.org\/{rel}","templated":true}]}}