{"id":2553,"date":"2019-03-04T15:07:00","date_gmt":"2019-03-04T19:07:00","guid":{"rendered":"http:\/\/bilingual.marwoodltd.com\/foire-aux-questions\/utilisation-et-manipulation\/"},"modified":"2019-03-04T15:07:00","modified_gmt":"2019-03-04T19:07:00","slug":"utilisation-et-manipulation","status":"publish","type":"page","link":"https:\/\/marwoodltd.com\/fr\/foire-aux-questions\/utilisation-et-manipulation\/","title":{"rendered":"Utilisation et manipulation"},"content":{"rendered":"\n  <div class=\"banner has-hover\" id=\"banner-1550906140\">\n          <div class=\"banner-inner fill\">\n        <div class=\"banner-bg fill\" >\n            <img loading=\"lazy\" decoding=\"async\" width=\"1020\" height=\"678\" src=\"https:\/\/marwoodltd.com\/wp-content\/uploads\/2017\/11\/natural_fencing.jpg\" class=\"bg attachment-large size-large\" alt=\"\" \/>                        <div class=\"overlay\"><\/div>            \n                    <\/div>\n\t\t\n        <div class=\"banner-layers container\">\n            <div class=\"fill banner-link\"><\/div>            \n\n   <div id=\"text-box-1046615937\" class=\"text-box banner-layer x10 md-x10 lg-x10 y50 md-y50 lg-y50 res-text\">\n                     <div data-animate=\"fadeInLeft\">           <div class=\"text-box-content text dark\">\n              \n              <div class=\"text-inner text-left\">\n                  \n<h2 class=\"uppercase\">Utilisation et manipulation<\/h2>\nLes produits Pantherace et Suntrellis sont trait\u00e9s sous pression avec un agent de pr\u00e9servation homologu\u00e9 au Canada pour les prot\u00e9ger des termites et de la pourriture. Les produits chimiques p\u00e9n\u00e8trent en profondeur et restent dans le bois trait\u00e9. Toutefois, il faut respecter les recommandations suivantes lors de l\u2019utilisation et de la manipulation de bois trait\u00e9 ou non trait\u00e9.\n\n              <\/div>\n           <\/div>\n       <\/div>                     \n<style>\n#text-box-1046615937 {\n  width: 60%;\n}\n#text-box-1046615937 .text-box-content {\n  font-size: 100%;\n}\n@media (min-width:550px) {\n  #text-box-1046615937 {\n    width: 77%;\n  }\n}\n<\/style>\n    <\/div>\n \n\n        <\/div>\n      <\/div>\n\n            \n<style>\n#banner-1550906140 {\n  padding-top: 400px;\n}\n#banner-1550906140 .overlay {\n  background-color: rgba(219, 58, 52, 0.8);\n}\n#banner-1550906140 .banner-bg img {\n  object-position: 1% 100%;\n}\n<\/style>\n  <\/div>\n\n\n<div class=\"row\"  id=\"row-386587931\">\n\n\t<div id=\"col-40362964\" class=\"col medium-6 small-12 large-6\"  >\n\t\t\t\t<div class=\"col-inner\"  >\n\t\t\t\n\t\t\t\n<ul>\n<li>Les produits Pantherace et Suntrellis conviennent aux applications \u00e0 l\u2019ext\u00e9rieur, aux endroits expos\u00e9s aux intemp\u00e9ries, lorsque la r\u00e9sistance aux termites et \u00e0 la pourriture est souhait\u00e9e. Ils conviennent \u00e9galement aux applications \u00e0 l\u2019int\u00e9rieur (poutres, charpentes, planchers, fermes, fondations, appuis de fen\u00eatre, etc.) lorsqu\u2019il y a un risque de dommages par les termites ou la pourriture.<\/li>\n<li>Lors de l\u2019application d\u2019une peinture ou d\u2019une teinture, suivre les recommandations du fabricant du produit. Comme pour le bois d\u2019\u0153uvre non trait\u00e9, le bois doit \u00eatre propre et sec, tant en surface qu\u2019\u00e0 l\u2019int\u00e9rieur.<\/li>\n<li>Pour enfoncer des clous pr\u00e8s de l\u2019extr\u00e9mit\u00e9 d\u2019une planche, qu\u2019elle soit en bois trait\u00e9 ou non trait\u00e9, pr\u00e9percer les trous pour \u00e9viter les fissures. Utiliser exclusivement de la quincaillerie en acier galvanis\u00e9 ou inoxydable. Ne pas utiliser au contact de l\u2019aluminium.<\/li>\n<li>Il faut plus de temps pour assembler des pi\u00e8ces \u00e0 l\u2019aide de vis qu\u2019\u00e0 l\u2019aide de clous, mais les vis fixent les planches plus fermement et, au besoin, elles s\u2019enl\u00e8vent plus facilement.<\/li>\n<li>Tous les d\u00e9chets de construction et la sciure doivent \u00eatre nettoy\u00e9s et \u00e9limin\u00e9s apr\u00e8s les travaux.<\/li>\n<li>Ne pas utiliser de bois trait\u00e9 dans des circonstances o\u00f9 l\u2019agent de pr\u00e9servation risque de passer dans des aliments destin\u00e9s \u00e0 la consommation humaine ou animale (paillis de bois trait\u00e9 recycl\u00e9, planches \u00e0 d\u00e9couper, comptoirs, liti\u00e8re pour animaux, structures ou r\u00e9cipients pour la conservation de produits destin\u00e9s \u00e0 l\u2019alimentation humaine ou animale, etc.).<\/li>\n<li>Ne pas utiliser de bois trait\u00e9 pour construire des \u00e9l\u00e9ments de ruches qui pourraient entrer en contact avec le miel.<\/li>\n<\/ul>\n\t\t<\/div>\n\t\t\t\t\t<\/div>\n\n\t\n\n\t<div id=\"col-1577583252\" class=\"col medium-6 small-12 large-6\"  >\n\t\t\t\t<div class=\"col-inner\"  >\n\t\t\t\n\t\t\t\n<ul>\n<li>Ne pas utiliser de bois trait\u00e9 aux endroits o\u00f9 le bois risque d\u2019\u00eatre directement ou indirectement en contact avec de l\u2019eau potable, sauf si le risque se limite \u00e0 un contact accidentel comme dans le cas des quais ou des ponts.<\/li>\n<li>Jeter le bois trait\u00e9 avec les ordures m\u00e9nag\u00e8res ordinaires. NE PAS BR\u00dbLER LE BOIS TRAIT\u00c9 dans un feu ouvert, un po\u00eale, un foyer ou une chaudi\u00e8re domestique, car des substances toxiques peuvent se d\u00e9gager dans la fum\u00e9e et les cendres.<\/li>\n<li>\u00c9viter l\u2019inhalation fr\u00e9quente ou prolong\u00e9e de sciure de bois trait\u00e9 ou non trait\u00e9. Porter un masque antipoussi\u00e8re pour scier, poncer et usiner le bois. Dans la mesure du possible, ces op\u00e9rations sont \u00e0 effectuer \u00e0 l\u2019ext\u00e9rieur pour \u00e9viter l\u2019accumulation de sciure en suspension dans l\u2019air \u00e0 l\u2019int\u00e9rieur.<\/li>\n<li>Lors des travaux \u00e0 l\u2019aide d\u2019une scie \u00e0 cha\u00eene et de l\u2019usinage de pi\u00e8ces, porter des lunettes de protection pour prot\u00e9ger les yeux des projections de particules.<\/li>\n<li>Porter des gants pour travailler le bois. Utiliser des techniques de levage appropri\u00e9es. Apr\u00e8s avoir manipul\u00e9 du bois, laver soigneusement les parties du corps expos\u00e9es avant de manger, de boire, d\u2019utiliser des sanitaires ou de consommer des produits de tabac.<\/li>\n<li>\u00c9tant donn\u00e9 que les agents de pr\u00e9servation et la sciure peuvent s\u2019accumuler sur les v\u00eatements, laver ceux-ci avant de les porter \u00e0 nouveau. Laver les v\u00eatements de travail s\u00e9par\u00e9ment.<\/li>\n<li>Enduire g\u00e9n\u00e9reusement l\u2019ensemble des extr\u00e9mit\u00e9s coup\u00e9es, trous et autres intrusions dans le bois \u00e0 l\u2019aide d\u2019un produit appropri\u00e9 de pr\u00e9servation des extr\u00e9mit\u00e9s apr\u00e8s le sciage.<\/li>\n<\/ul>\n\t\t<\/div>\n\t\t\t\t\t<\/div>\n\n\t\n\n<style>\n#row-386587931 > .col > .col-inner {\n  padding: 25px 0px 0px 0px;\n}\n<\/style>\n<\/div>\n","protected":false},"excerpt":{"rendered":"","protected":false},"author":3,"featured_media":0,"parent":2551,"menu_order":0,"comment_status":"closed","ping_status":"closed","template":"page-blank.php","meta":{"_acf_changed":false,"footnotes":""},"class_list":["post-2553","page","type-page","status-publish","hentry"],"acf":[],"_links":{"self":[{"href":"https:\/\/marwoodltd.com\/fr\/wp-json\/wp\/v2\/pages\/2553","targetHints":{"allow":["GET"]}}],"collection":[{"href":"https:\/\/marwoodltd.com\/fr\/wp-json\/wp\/v2\/pages"}],"about":[{"href":"https:\/\/marwoodltd.com\/fr\/wp-json\/wp\/v2\/types\/page"}],"author":[{"embeddable":true,"href":"https:\/\/marwoodltd.com\/fr\/wp-json\/wp\/v2\/users\/3"}],"replies":[{"embeddable":true,"href":"https:\/\/marwoodltd.com\/fr\/wp-json\/wp\/v2\/comments?post=2553"}],"version-history":[{"count":0,"href":"https:\/\/marwoodltd.com\/fr\/wp-json\/wp\/v2\/pages\/2553\/revisions"}],"up":[{"embeddable":true,"href":"https:\/\/marwoodltd.com\/fr\/wp-json\/wp\/v2\/pages\/2551"}],"wp:attachment":[{"href":"https:\/\/marwoodltd.com\/fr\/wp-json\/wp\/v2\/media?parent=2553"}],"curies":[{"name":"wp","href":"https:\/\/api.w.org\/{rel}","templated":true}]}}