{"id":2554,"date":"2019-03-04T15:15:38","date_gmt":"2019-03-04T19:15:38","guid":{"rendered":"http:\/\/bilingual.marwoodltd.com\/accueil\/"},"modified":"2019-05-07T09:12:03","modified_gmt":"2019-05-07T12:12:03","slug":"accueil","status":"publish","type":"page","link":"https:\/\/marwoodltd.com\/fr\/","title":{"rendered":"Accueil"},"content":{"rendered":"\n<div class=\"slider-wrapper relative\" id=\"slider-1429071804\" style=\"background-color:rgb(79, 79, 79);\">\n    <div class=\"slider slider-nav-circle slider-nav-normal slider-nav-light slider-style-normal slider-show-nav\"\n        data-flickity-options='{\n            \"cellAlign\": \"center\",\n            \"imagesLoaded\": true,\n            \"lazyLoad\": 1,\n            \"freeScroll\": false,\n            \"wrapAround\": true,\n            \"autoPlay\": 6000,\n            \"pauseAutoPlayOnHover\" : true,\n            \"prevNextButtons\": true,\n            \"contain\" : true,\n            \"adaptiveHeight\" : true,\n            \"dragThreshold\" : 10,\n            \"percentPosition\": true,\n            \"pageDots\": true,\n            \"rightToLeft\": false,\n            \"draggable\": true,\n            \"selectedAttraction\": 0.1,\n            \"parallax\" : 0,\n            \"friction\": 0.6        }'\n        >\n        \n\n\n  <div class=\"banner has-hover has-parallax\" id=\"banner-1221075895\">\n          <div class=\"banner-inner fill\">\n        <div class=\"banner-bg fill\" data-parallax=\"-2\" data-parallax-container=\".banner\" data-parallax-background>\n            <img loading=\"lazy\" decoding=\"async\" width=\"1020\" height=\"592\" src=\"https:\/\/marwoodltd.com\/wp-content\/uploads\/2018\/03\/slider4.jpg\" class=\"bg attachment-large size-large\" alt=\"\" \/>                        <div class=\"overlay\"><\/div>            \n                    <\/div>\n\t\t\n        <div class=\"banner-layers container\">\n            <div class=\"fill banner-link\"><\/div>            \n\n   <div id=\"text-box-1224930989\" class=\"text-box banner-layer x50 md-x50 lg-x50 y50 md-y50 lg-y50 res-text\">\n                     <div data-animate=\"blurIn\">           <div class=\"text-box-content text dark\">\n              \n\t<div class=\"is-border\"\n\t\tstyle=\"border-width:1px 1px 1px 1px;\">\n\t<\/div>\n              <div class=\"text-inner text-center\">\n                  \n<h3 class=\"alt-font\" data-animate=\"fadeInRight\" data-animated=\"true\">Accessoires d\u2019ext\u00e9rieur Suntrellis<\/h3>\n<h2 class=\"uppercase\">Construisez du beau<\/h2>\n<a href=\"https:\/\/marwoodltd.com\/fr\/categorie-produit\/les-accessoires-dexterieur\/\" class=\"button alert\" >\n\t\t<span>En savoir plus<\/span>\n\t<\/a>\n\n\n              <\/div>\n           <\/div>\n       <\/div>                     \n<style>\n#text-box-1224930989 .text-box-content {\n  background-color: rgba(3, 3, 3, 0.29);\n  font-size: 105%;\n}\n#text-box-1224930989 .text-inner {\n  padding: 25px 25px 25px 25px;\n}\n#text-box-1224930989 {\n  width: 69%;\n}\n@media (min-width:550px) {\n  #text-box-1224930989 {\n    width: 60%;\n  }\n  #text-box-1224930989 .text-box-content {\n    font-size: 100%;\n  }\n}\n<\/style>\n    <\/div>\n \n\n        <\/div>\n      <\/div>\n\n            \n<style>\n#banner-1221075895 {\n  padding-top: 600px;\n}\n#banner-1221075895 .overlay {\n  background-color: rgba(0, 0, 0, 0);\n}\n#banner-1221075895 .banner-bg img {\n  object-position: 60% 16%;\n}\n<\/style>\n  <\/div>\n\n\n\n  <div class=\"banner has-hover has-parallax\" id=\"banner-601197438\">\n          <div class=\"banner-inner fill\">\n        <div class=\"banner-bg fill\" data-parallax=\"-2\" data-parallax-container=\".banner\" data-parallax-background>\n            <img loading=\"lazy\" decoding=\"async\" width=\"1020\" height=\"680\" src=\"https:\/\/marwoodltd.com\/wp-content\/uploads\/2018\/04\/MarwoodAug3rd2017KeithMinchin-602-1200x800.jpg\" class=\"bg attachment-large size-large\" alt=\"\" \/>                        <div class=\"overlay\"><\/div>            \n                    <\/div>\n\t\t\n        <div class=\"banner-layers container\">\n            <div class=\"fill banner-link\"><\/div>            \n\n   <div id=\"text-box-1165438548\" class=\"text-box banner-layer x50 md-x50 lg-x50 y50 md-y50 lg-y50 res-text\">\n                     <div data-animate=\"blurIn\">           <div class=\"text-box-content text dark\">\n              \n\t<div class=\"is-border\"\n\t\tstyle=\"border-width:1px 1px 1px 1px;\">\n\t<\/div>\n              <div class=\"text-inner text-center\">\n                  \n<h3 class=\"alt-font\" data-animate=\"fadeInRight\" data-animated=\"true\">Rampe Rapide Marwood<\/h3>\n<h2 class=\"uppercase\">Simple. S\u00e9curitaire.\n\u00c9l\u00e9gante.<\/h2>\n<p class=\"lead alt-font\">Installez vous-m\u00eame une main courante s\u00e9curitaire et attrayante.<\/p>\n<a href=\"https:\/\/marwoodltd.com\/fr\/produit\/kit-de-rampe-prepercee-rampe-rapide\/\" class=\"button primary\" >\n\t\t<span>En savoir plus<\/span>\n\t<\/a>\n\n\n              <\/div>\n           <\/div>\n       <\/div>                     \n<style>\n#text-box-1165438548 .text-box-content {\n  background-color: rgba(3, 3, 3, 0.29);\n  font-size: 105%;\n}\n#text-box-1165438548 .text-inner {\n  padding: 25px 25px 25px 25px;\n}\n#text-box-1165438548 {\n  width: 69%;\n}\n@media (min-width:550px) {\n  #text-box-1165438548 {\n    width: 60%;\n  }\n  #text-box-1165438548 .text-box-content {\n    font-size: 100%;\n  }\n}\n<\/style>\n    <\/div>\n \n\n        <\/div>\n      <\/div>\n\n            \n<style>\n#banner-601197438 {\n  padding-top: 600px;\n}\n#banner-601197438 .overlay {\n  background-color: rgba(0, 0, 0, 0);\n}\n#banner-601197438 .banner-bg img {\n  object-position: 60% 16%;\n}\n<\/style>\n  <\/div>\n\n\n\n  <div class=\"banner has-hover has-parallax\" id=\"banner-976246542\">\n          <div class=\"banner-inner fill\">\n        <div class=\"banner-bg fill\" data-parallax=\"-2\" data-parallax-container=\".banner\" data-parallax-background>\n            <img loading=\"lazy\" decoding=\"async\" width=\"1020\" height=\"679\" src=\"https:\/\/marwoodltd.com\/wp-content\/uploads\/2018\/04\/Bigwin-23-r-1202x800.jpg\" class=\"bg attachment-large size-large\" alt=\"\" \/>                        <div class=\"overlay\"><\/div>            \n                    <\/div>\n\t\t\n        <div class=\"banner-layers container\">\n            <div class=\"fill banner-link\"><\/div>            \n\n   <div id=\"text-box-780171621\" class=\"text-box banner-layer x50 md-x50 lg-x50 y50 md-y50 lg-y50 res-text\">\n                     <div data-animate=\"blurIn\">           <div class=\"text-box-content text dark\">\n              \n\t<div class=\"is-border\"\n\t\tstyle=\"border-width:1px 1px 1px 1px;\">\n\t<\/div>\n              <div class=\"text-inner text-center\">\n                  \n<h3 class=\"alt-font\" data-animate=\"fadeInRight\">Cape Cod Wood Siding<\/h3>\n<h2 class=\"uppercase\">La beaut\u00e9 et\nla tradition du bois v\u00e9ritable.<\/h2>\n<a href=\"http:\/\/www.capecodsiding.com\" target=\"_blank\" class=\"button secondary\" rel=\"noopener\" >\n\t\t<span>Consulter le site Web de Cape Cod<\/span>\n\t<\/a>\n\n\n              <\/div>\n           <\/div>\n       <\/div>                     \n<style>\n#text-box-780171621 .text-box-content {\n  background-color: rgba(3, 3, 3, 0.29);\n  font-size: 100%;\n}\n#text-box-780171621 .text-inner {\n  padding: 25px 25px 25px 25px;\n}\n#text-box-780171621 {\n  width: 60%;\n}\n<\/style>\n    <\/div>\n \n\n        <\/div>\n      <\/div>\n\n            \n<style>\n#banner-976246542 {\n  padding-top: 600px;\n}\n#banner-976246542 .overlay {\n  background-color: rgba(0, 0, 0, 0);\n}\n<\/style>\n  <\/div>\n\n\n\n  <div class=\"banner has-hover has-parallax\" id=\"banner-1738304301\">\n          <div class=\"banner-inner fill\">\n        <div class=\"banner-bg fill\" data-parallax=\"-2\" data-parallax-container=\".banner\" data-parallax-background>\n            <img loading=\"lazy\" decoding=\"async\" width=\"1020\" height=\"680\" src=\"https:\/\/marwoodltd.com\/wp-content\/uploads\/2018\/04\/MarwoodAug3rd2017KeithMinchin-142-1200x800.jpg\" class=\"bg attachment-large size-large\" alt=\"\" \/>                        <div class=\"overlay\"><\/div>            \n                    <\/div>\n\t\t\n        <div class=\"banner-layers container\">\n            <div class=\"fill banner-link\"><\/div>            \n\n   <div id=\"text-box-1355047339\" class=\"text-box banner-layer x50 md-x50 lg-x50 y50 md-y50 lg-y50 res-text\">\n                     <div data-animate=\"blurIn\">           <div class=\"text-box-content text dark\">\n              \n\t<div class=\"is-border\"\n\t\tstyle=\"border-width:1px 1px 1px 1px;\">\n\t<\/div>\n              <div class=\"text-inner text-center\">\n                  \n<h3 class=\"alt-font\" data-animate=\"fadeInRight\">Bois de construction de dimensions courantes Pantherace<\/h3>\n<h2 class=\"uppercase\">La durabilit\u00e9 pour vos projets ext\u00e9rieurs<\/h2>\n<a href=\"https:\/\/marwoodltd.com\/fr\/categorie-produit\/bois-de-construction\/\" class=\"button primary\" >\n\t\t<span>Parcourir le bois d\u2019\u0153uvre<\/span>\n\t<\/a>\n\n\n              <\/div>\n           <\/div>\n       <\/div>                     \n<style>\n#text-box-1355047339 .text-box-content {\n  background-color: rgba(3, 3, 3, 0.29);\n  font-size: 100%;\n}\n#text-box-1355047339 .text-inner {\n  padding: 25px 25px 25px 25px;\n}\n#text-box-1355047339 {\n  width: 60%;\n}\n<\/style>\n    <\/div>\n \n\n        <\/div>\n      <\/div>\n\n            \n<style>\n#banner-1738304301 {\n  padding-top: 600px;\n}\n#banner-1738304301 .overlay {\n  background-color: rgba(0, 0, 0, 0);\n}\n<\/style>\n  <\/div>\n\n\n\n     <\/div>\n\n     <div class=\"loading-spin dark large centered\"><\/div>\n\n\t<\/div>\n\n\n\t<div id=\"gap-136286734\" class=\"gap-element clearfix\" style=\"display:block; height:auto;\">\n\t\t\n<style>\n#gap-136286734 {\n  padding-top: 53px;\n}\n<\/style>\n\t<\/div>\n\t\n\n\n\t<section class=\"section\" id=\"section_387544907\">\n\t\t<div class=\"section-bg fill\" >\n\t\t\t\t\t\t\t\t\t\n\t\t\t\n\n\t\t<\/div>\n\n\t\t\n\n\t\t<div class=\"section-content relative\">\n\t\t\t\n\n<div class=\"row align-center\"  id=\"row-1438630363\">\n\n\n\t<div id=\"col-441696\" class=\"col medium-8 small-12 large-8\"  >\n\t\t\t\t<div class=\"col-inner text-center\"  >\n\t\t\t\n\t\t\t\n<h1 class=\"uppercase\"><span style=\"font-size: 115%;\">Cr\u00e9ateurs de produits en bois de qualit\u00e9<\/span><\/h1>\n<p class=\"alt-font\" style=\"text-align: center;\"><span style=\"font-size: 110%;\">Marwood <strong>conna\u00eet<\/strong> le bois. Et nous savons le valoriser. Chacun de nos produits est con\u00e7u pour \u00eatre le meilleur de sa cat\u00e9gorie. La meilleure qualit\u00e9 \u00e0 des prix comp\u00e9titifs.<\/span><\/p>\n\t\t<\/div>\n\t\t\t\t\t<\/div>\n\n\t\n\n<\/div>\n\n\t\t<\/div>\n\n\t\t\n<style>\n#section_387544907 {\n  padding-top: 30px;\n  padding-bottom: 30px;\n}\n<\/style>\n\t<\/section>\n\t\n\n\t<section class=\"section\" id=\"section_1097306680\">\n\t\t<div class=\"section-bg fill\" >\n\t\t\t<img loading=\"lazy\" decoding=\"async\" width=\"1200\" height=\"800\" src=\"https:\/\/marwoodltd.com\/wp-content\/uploads\/2018\/05\/decking_home.jpg\" class=\"bg attachment- size-\" alt=\"\" \/>\t\t\t\t\t\t<div class=\"section-bg-overlay absolute fill\"><\/div>\n\t\t\t\n\t<div class=\"is-border\"\n\t\tstyle=\"border-width:1px 0px 1px 0px;\">\n\t<\/div>\n\n\t\t<\/div>\n\n\t\t\n\n\t\t<div class=\"section-content relative\">\n\t\t\t\n\n<div class=\"row row-large align-middle\"  id=\"row-277427477\">\n\n\n\t<div id=\"col-2016292711\" class=\"col medium-6 small-12 large-6\"  >\n\t\t\t\t<div class=\"col-inner\"  >\n\t\t\t\n\t\t\t\n\n\t<div class=\"img has-hover x md-x lg-x y md-y lg-y\" id=\"image_1127647630\">\n\t\t\t\t\t\t\t\t<div class=\"img-inner box-shadow-2 dark\" >\n\t\t\t<img loading=\"lazy\" decoding=\"async\" width=\"1020\" height=\"680\" src=\"https:\/\/marwoodltd.com\/wp-content\/uploads\/2018\/05\/homepage_suntrellis_feature-1200x800.jpg\" class=\"attachment-large size-large\" alt=\"\" srcset=\"https:\/\/marwoodltd.com\/wp-content\/uploads\/2018\/05\/homepage_suntrellis_feature.jpg 1200w, https:\/\/marwoodltd.com\/wp-content\/uploads\/2018\/05\/homepage_suntrellis_feature-600x400.jpg 600w, https:\/\/marwoodltd.com\/wp-content\/uploads\/2018\/05\/homepage_suntrellis_feature-768x512.jpg 768w\" sizes=\"auto, (max-width: 1020px) 100vw, 1020px\" \/>\t\t\t\t\t\t\n\t\t\t\t\t<\/div>\n\t\t\t\t\t\t\t\t\n<style>\n#image_1127647630 {\n  width: 100%;\n}\n<\/style>\n\t<\/div>\n\t\n\n\t\t<\/div>\n\t\t\t\t\t<\/div>\n\n\t\n\n\t<div id=\"col-830615709\" class=\"col medium-6 small-12 large-6\"  >\n\t\t\t\t<div class=\"col-inner text-left\"  >\n\t\t\t\n\t\t\t\n<h1 class=\"uppercase\">La cr\u00e9ation d\u2019aires de s\u00e9jour ext\u00e9rieures exceptionnelles commence ici<\/h1>\nPr\u00e9sentez votre espace ext\u00e9rieur sous son meilleur jour avec les accessoires d\u2019ext\u00e9rieur Suntrellis. Faites votre choix parmi un \u00e9ventail de produits comme des montants tourn\u00e9s, des balustres biseaut\u00e9s, des poteaux de terrasse, des mains courantes, des treillis et des capuchons de poteau d\u00e9coratifs.\n\n<a href=\"https:\/\/marwoodltd.com\/fr\/categorie-produit\/les-accessoires-dexterieur\/\" class=\"button primary\" >\n\t\t<span>Parcourir les accessoires d\u2019ext\u00e9rieur<\/span>\n\t<\/a>\n\n\n\t\t<\/div>\n\t\t\t\t\t<\/div>\n\n\t\n\n<\/div>\n\n\t\t<\/div>\n\n\t\t\n<style>\n#section_1097306680 {\n  padding-top: 60px;\n  padding-bottom: 60px;\n  background-color: rgb(50, 48, 49);\n}\n#section_1097306680 .section-bg-overlay {\n  background-color: rgba(255, 255, 255, 0.63);\n}\n<\/style>\n\t<\/section>\n\t\n\t<div id=\"gap-80346964\" class=\"gap-element clearfix\" style=\"display:block; height:auto;\">\n\t\t\n<style>\n#gap-80346964 {\n  padding-top: 53px;\n}\n<\/style>\n\t<\/div>\n\t\n\n<div class=\"message-box relative dark\" style=\"padding-top:36px;padding-bottom:36px;\"><div class=\"message-box-bg-image bg-fill fill\" ><\/div><div class=\"message-box-bg-overlay bg-fill fill\" style=\"background-color:rgb(8, 76, 97);\"><\/div><div class=\"container relative\"><div class=\"inner last-reset\">\n\n<div class=\"row align-middle\"  id=\"row-1205635417\">\n\n\n\t<div id=\"col-1719243316\" class=\"col medium-7 small-12 large-7\"  >\n\t\t\t\t<div class=\"col-inner\"  >\n\t\t\t\n\t\t\t\n<h2 class=\"uppercase\">Plus de 90 ans d\u2019excellence<\/h2>\nDepuis les ann\u00e9es 1920, Marwood et ses marques commercialisent des produits fiables et de qualit\u00e9 destin\u00e9s tant aux particuliers qu\u2019aux entreprises. D\u00e9couvrez nos marques et leurs produits.\n\n\t\t<\/div>\n\t\t\t\t\t<\/div>\n\n\t\n\n\t<div id=\"col-235379397\" class=\"col medium-5 small-12 large-5\"  >\n\t\t\t\t<div class=\"col-inner text-right\"  >\n\t\t\t\n\t\t\t\n\n<a data-animate=\"flipInY\" href=\"https:\/\/marwoodltd.com\/fr\/a-propos-de-marwood\/nos-marques\/\" class=\"button white is-larger\" >\n\t\t<span>Nos Marques<\/span>\n\t<\/a>\n\n\n\t\t<\/div>\n\t\t\t\t\t<\/div>\n\n\t\n\n<\/div>\n\n<\/div><\/div><\/div>\n\t<div id=\"gap-1727817040\" class=\"gap-element clearfix\" style=\"display:block; height:auto;\">\n\t\t\n<style>\n#gap-1727817040 {\n  padding-top: 53px;\n}\n<\/style>\n\t<\/div>\n\t\n\n<div class=\"row row-collapse row-full-width\"  id=\"row-2121691729\">\n\n\n\t<div id=\"col-1512348578\" class=\"col medium-4 small-12 large-4\"  >\n\t\t\t\t<div class=\"col-inner\"  >\n\t\t\t\n\t\t\t\n\n\n  <div class=\"banner has-hover bg-zoom-fade\" id=\"banner-1412194608\">\n          <div class=\"banner-inner fill\">\n        <div class=\"banner-bg fill\" >\n            <img loading=\"lazy\" decoding=\"async\" width=\"1020\" height=\"655\" src=\"https:\/\/marwoodltd.com\/wp-content\/uploads\/2018\/01\/History_revised-1246x800.jpg\" class=\"bg attachment-large size-large\" alt=\"\" \/>                        <div class=\"overlay\"><\/div>            \n                    <\/div>\n\t\t\n        <div class=\"banner-layers container\">\n            <div class=\"fill banner-link\"><\/div>            \n\n   <div id=\"text-box-410492125\" class=\"text-box banner-layer x50 md-x50 lg-x50 y50 md-y50 lg-y50 res-text\">\n                                <div class=\"text-box-content text dark\">\n              \n              <div class=\"text-inner text-left\">\n                  \n<h4 class=\"uppercase\" style=\"text-align: left;\">Qui sommes-nous?<\/h4>\n<h2 class=\"uppercase\" style=\"text-align: left;\"><strong>\u00e0 propos\nMarwood<\/strong><\/h2>\n<a href=\"https:\/\/marwoodltd.com\/fr\/a-propos-de-marwood\/\" class=\"button secondary is-large\" >\n\t\t<span>En savoir plus<\/span>\n\t<\/a>\n\n\n              <\/div>\n           <\/div>\n                            \n<style>\n#text-box-410492125 {\n  width: 75%;\n}\n#text-box-410492125 .text-box-content {\n  font-size: 100%;\n}\n<\/style>\n    <\/div>\n \n\n        <\/div>\n      <\/div>\n\n            \n<style>\n#banner-1412194608 {\n  padding-top: 250px;\n}\n#banner-1412194608 .overlay {\n  background-color: rgba(0, 0, 0, 0.2);\n}\n#banner-1412194608 .banner-bg img {\n  object-position: 42% 18%;\n}\n<\/style>\n  <\/div>\n\n\n\n\t\t<\/div>\n\t\t\t\t\t<\/div>\n\n\t\n\n\t<div id=\"col-176940623\" class=\"col medium-4 small-12 large-4\"  >\n\t\t\t\t<div class=\"col-inner\"  >\n\t\t\t\n\t\t\t\n\n\n  <div class=\"banner has-hover bg-zoom-fade\" id=\"banner-524059872\">\n          <div class=\"banner-inner fill\">\n        <div class=\"banner-bg fill\" >\n            <img loading=\"lazy\" decoding=\"async\" width=\"601\" height=\"400\" src=\"https:\/\/marwoodltd.com\/wp-content\/uploads\/2018\/01\/careers-601x400.jpg\" class=\"bg attachment-medium size-medium\" alt=\"\" \/>                        <div class=\"overlay\"><\/div>            \n                    <\/div>\n\t\t\n        <div class=\"banner-layers container\">\n            <div class=\"fill banner-link\"><\/div>            \n\n   <div id=\"text-box-317653000\" class=\"text-box banner-layer x10 md-x10 lg-x10 y50 md-y50 lg-y50 res-text\">\n                                <div class=\"text-box-content text dark\">\n              \n              <div class=\"text-inner text-left\">\n                  \n<h4 class=\"uppercase\">Venez travailler avec nous!<\/h4>\n<h2 class=\"uppercase\"><strong>Carri\u00e8res chez\nMarwood<\/strong><\/h2>\n<a href=\"https:\/\/marwoodltd.com\/fr\/a-propos-de-marwood\/carrieres\/\" class=\"button secondary is-large\" >\n\t\t<span>En savoir plus<\/span>\n\t<\/a>\n\n\n              <\/div>\n           <\/div>\n                            \n<style>\n#text-box-317653000 {\n  width: 70%;\n}\n#text-box-317653000 .text-box-content {\n  font-size: 100%;\n}\n<\/style>\n    <\/div>\n \n\n        <\/div>\n      <\/div>\n\n            \n<style>\n#banner-524059872 {\n  padding-top: 250px;\n}\n#banner-524059872 .overlay {\n  background-color: rgba(0, 0, 0, 0.2);\n}\n#banner-524059872 .banner-bg img {\n  object-position: 50% 57%;\n}\n<\/style>\n  <\/div>\n\n\n\n\t\t<\/div>\n\t\t\t\t\t<\/div>\n\n\t\n\n\t<div id=\"col-2044549979\" class=\"col medium-4 small-12 large-4\"  >\n\t\t\t\t<div class=\"col-inner\"  >\n\t\t\t\n\t\t\t\n\n\n  <div class=\"banner has-hover bg-zoom-fade\" id=\"banner-1144927730\">\n          <div class=\"banner-inner fill\">\n        <div class=\"banner-bg fill\" >\n            <img loading=\"lazy\" decoding=\"async\" width=\"1020\" height=\"680\" src=\"https:\/\/marwoodltd.com\/wp-content\/uploads\/2018\/05\/decking_home-1200x800.jpg\" class=\"bg attachment-large size-large\" alt=\"\" \/>                        <div class=\"overlay\"><\/div>            \n                    <\/div>\n\t\t\n        <div class=\"banner-layers container\">\n            <div class=\"fill banner-link\"><\/div>            \n\n   <div id=\"text-box-1825343750\" class=\"text-box banner-layer x90 md-x90 lg-x90 y50 md-y50 lg-y50 res-text\">\n                                <div class=\"text-box-content text \">\n              \n              <div class=\"text-inner text-right\">\n                  \n<h4 class=\"uppercase\">Construisez en s\u00e9curit\u00e9!<\/h4>\n<h2 class=\"uppercase\"><strong>Instructions d\u2019utilisation\net de manutention<\/strong><\/h2>\n<a href=\"https:\/\/marwoodltd.com\/fr\/foire-aux-questions\/utilisation-et-manipulation\/\" class=\"button secondary\" >\n\t\t<span>En savoir plus<\/span>\n\t<\/a>\n\n\n              <\/div>\n           <\/div>\n                            \n<style>\n#text-box-1825343750 {\n  width: 70%;\n}\n#text-box-1825343750 .text-box-content {\n  font-size: 100%;\n}\n<\/style>\n    <\/div>\n \n\n        <\/div>\n      <\/div>\n\n            \n<style>\n#banner-1144927730 {\n  padding-top: 250px;\n}\n#banner-1144927730 .overlay {\n  background-color: rgba(0, 0, 0, 0.13);\n}\n#banner-1144927730 .banner-bg img {\n  object-position: 31% 0%;\n}\n<\/style>\n  <\/div>\n\n\n\n\t\t<\/div>\n\t\t\t\t\t<\/div>\n\n\t\n\n<\/div>\n","protected":false},"excerpt":{"rendered":"","protected":false},"author":1,"featured_media":0,"parent":0,"menu_order":0,"comment_status":"closed","ping_status":"closed","template":"page-blank.php","meta":{"_acf_changed":false,"footnotes":""},"class_list":["post-2554","page","type-page","status-publish","hentry"],"acf":[],"_links":{"self":[{"href":"https:\/\/marwoodltd.com\/fr\/wp-json\/wp\/v2\/pages\/2554","targetHints":{"allow":["GET"]}}],"collection":[{"href":"https:\/\/marwoodltd.com\/fr\/wp-json\/wp\/v2\/pages"}],"about":[{"href":"https:\/\/marwoodltd.com\/fr\/wp-json\/wp\/v2\/types\/page"}],"author":[{"embeddable":true,"href":"https:\/\/marwoodltd.com\/fr\/wp-json\/wp\/v2\/users\/1"}],"replies":[{"embeddable":true,"href":"https:\/\/marwoodltd.com\/fr\/wp-json\/wp\/v2\/comments?post=2554"}],"version-history":[{"count":10,"href":"https:\/\/marwoodltd.com\/fr\/wp-json\/wp\/v2\/pages\/2554\/revisions"}],"predecessor-version":[{"id":3058,"href":"https:\/\/marwoodltd.com\/fr\/wp-json\/wp\/v2\/pages\/2554\/revisions\/3058"}],"wp:attachment":[{"href":"https:\/\/marwoodltd.com\/fr\/wp-json\/wp\/v2\/media?parent=2554"}],"curies":[{"name":"wp","href":"https:\/\/api.w.org\/{rel}","templated":true}]}}