{"id":2558,"date":"2019-03-05T11:27:40","date_gmt":"2019-03-05T15:27:40","guid":{"rendered":"http:\/\/bilingual.marwoodltd.com\/produits-industriels\/"},"modified":"2019-03-05T11:27:40","modified_gmt":"2019-03-05T15:27:40","slug":"produits-industriels","status":"publish","type":"page","link":"https:\/\/marwoodltd.com\/fr\/produits-industriels\/","title":{"rendered":"Produits industriels"},"content":{"rendered":"\n  <div class=\"banner has-hover\" id=\"banner-1380826461\">\n          <div class=\"banner-inner fill\">\n        <div class=\"banner-bg fill\" >\n            <img loading=\"lazy\" decoding=\"async\" width=\"1277\" height=\"850\" src=\"https:\/\/marwoodltd.com\/wp-content\/uploads\/2017\/12\/industrial.jpg\" class=\"bg attachment-orginal size-orginal\" alt=\"\" \/>                        <div class=\"overlay\"><\/div>            \n                    <\/div>\n\t\t\n        <div class=\"banner-layers container\">\n            <div class=\"fill banner-link\"><\/div>            \n\n   <div id=\"text-box-1413006358\" class=\"text-box banner-layer x90 md-x90 lg-x90 y50 md-y50 lg-y50 res-text\">\n                                <div class=\"text-box-content text dark\">\n              \n              <div class=\"text-inner text-center\">\n                  \n\n<h2 class=\"uppercase\">Produits industriels<\/h2>\n<div class=\"row align-middle\"  id=\"row-962394540\">\n\n\n\t<div id=\"col-1867906044\" class=\"col medium-6 small-12 large-6\"  >\n\t\t\t\t<div class=\"col-inner\"  >\n\t\t\t\n\t\t\t\n\n\t<div class=\"img has-hover x md-x lg-x y md-y lg-y\" id=\"image_1000801725\">\n\t\t\t\t\t\t\t\t<div class=\"img-inner dark\" >\n\t\t\t<img loading=\"lazy\" decoding=\"async\" width=\"300\" height=\"100\" src=\"https:\/\/marwoodltd.com\/wp-content\/uploads\/2018\/05\/safe-t_white_noISO.png\" class=\"attachment-large size-large\" alt=\"\" \/>\t\t\t\t\t\t\n\t\t\t\t\t<\/div>\n\t\t\t\t\t\t\t\t\n<style>\n#image_1000801725 {\n  width: 100%;\n}\n<\/style>\n\t<\/div>\n\t\n\n\n\t\t<\/div>\n\t\t\t\t\t<\/div>\n\n\t\n\n\t<div id=\"col-1617076356\" class=\"col medium-6 small-12 large-6\"  >\n\t\t\t\t<div class=\"col-inner\"  >\n\t\t\t\n\t\t\t\n\n\t<div class=\"img has-hover x md-x lg-x y md-y lg-y\" id=\"image_2088092073\">\n\t\t\t\t\t\t\t\t<div class=\"img-inner dark\" >\n\t\t\t<img loading=\"lazy\" decoding=\"async\" width=\"300\" height=\"100\" src=\"https:\/\/marwoodltd.com\/wp-content\/uploads\/2017\/12\/apt_white.png\" class=\"attachment-large size-large\" alt=\"\" \/>\t\t\t\t\t\t\n\t\t\t\t\t<\/div>\n\t\t\t\t\t\t\t\t\n<style>\n#image_2088092073 {\n  width: 90%;\n}\n<\/style>\n\t<\/div>\n\t\n\n\n\t\t<\/div>\n\t\t\t\t\t<\/div>\n\n\t\n\n<\/div>\n\n              <\/div>\n           <\/div>\n                            \n<style>\n#text-box-1413006358 {\n  width: 60%;\n}\n#text-box-1413006358 .text-box-content {\n  font-size: 100%;\n}\n@media (min-width:550px) {\n  #text-box-1413006358 {\n    width: 40%;\n  }\n}\n<\/style>\n    <\/div>\n \n\n        <\/div>\n      <\/div>\n\n            \n<style>\n#banner-1380826461 {\n  padding-top: 311px;\n}\n#banner-1380826461 .overlay {\n  background-color: rgba(0, 0, 0, 0.44);\n}\n#banner-1380826461 .banner-bg img {\n  object-position: 3% 19%;\n}\n<\/style>\n  <\/div>\n\n\n\t<div id=\"gap-1095536850\" class=\"gap-element clearfix\" style=\"display:block; height:auto;\">\n\t\t\n<style>\n#gap-1095536850 {\n  padding-top: 30px;\n}\n<\/style>\n\t<\/div>\n\t\n<div class=\"row row-dashed\"  id=\"row-2025729895\">\n\n\t<div id=\"col-1630815307\" class=\"col medium-4 small-12 large-4\"  >\n\t\t\t\t<div class=\"col-inner\"  >\n\t\t\t\n\t\t\t\n<h3>Depuis pr\u00e8s de 40 ans, Marwood est r\u00e9put\u00e9e pour la qualit\u00e9 de son bois trait\u00e9 sous pression. Notre vaste client\u00e8le nous permet d\u2019avoir un stock important de produits \u00e0 livrer juste \u00e0 temps. <\/h3>\n<p>De nombreuses \u00e9tudes montrent que le bois trait\u00e9 sous pression est tr\u00e8s r\u00e9sistant \u00e0 la pourriture et \u00e0 l\u2019infestation par les insectes. Ces m\u00eames \u00e9tudes montrent qu\u2019il n\u2019est pas rare que le bois trait\u00e9 sous pression soit encore structurellement sain apr\u00e8s 60 ans d\u2019utilisation continue \u00e0 l\u2019ext\u00e9rieur. <\/p>\n\t\t<\/div>\n\t\t\t\t\t<\/div>\n\n\t\n\n\t<div id=\"col-1847158570\" class=\"col medium-4 small-12 large-4\"  >\n\t\t\t\t<div class=\"col-inner\"  >\n\t\t\t\n\t\t\t\n<p>Quelques exemples de produits trait\u00e9s sous pression de Marwood :<\/p>\n<ul>\n<li>Poteaux en bois ronds<\/li>\n<li>Poteaux de grange<\/li>\n<li>Poteaux \u00e9lectriques<\/li>\n<li>Pilotis de marine<\/li>\n<li>Traverses de chemin de fer<\/li>\n<li>Tabliers d\u2019acc\u00e8s<\/li>\n<li>Plateformes de grue<\/li>\n<\/ul>\n\t\t<\/div>\n\t\t\t\t\t<\/div>\n\n\t\n\n\t<div id=\"col-1572491511\" class=\"col medium-4 small-12 large-4\"  >\n\t\t\t\t<div class=\"col-inner\"  >\n\t\t\t\n\t\t\t\n<p><p>Syst\u00e8me certifi\u00e9 de gestion de la qualit\u00e9 ISO 9001:2015<\/p>\n<ul>\n<li>Poteaux de garde-corps en bois<\/li>\n<li>Bois de pont<\/li>\n<li>Calage et bois de marine<\/li>\n<li>Tablier de pont<\/li>\n<li>Poteaux indicateurs<\/li>\n<li>Bois d\u2019\u0153uvre pour am\u00e9nagement paysager<\/li>\n<\/ul>\n\t\t<\/div>\n\t\t\t\t\t<\/div>\n\n\t\n<\/div>\n","protected":false},"excerpt":{"rendered":"","protected":false},"author":3,"featured_media":0,"parent":0,"menu_order":0,"comment_status":"closed","ping_status":"closed","template":"page-blank.php","meta":{"_acf_changed":false,"footnotes":""},"class_list":["post-2558","page","type-page","status-publish","hentry"],"acf":[],"_links":{"self":[{"href":"https:\/\/marwoodltd.com\/fr\/wp-json\/wp\/v2\/pages\/2558","targetHints":{"allow":["GET"]}}],"collection":[{"href":"https:\/\/marwoodltd.com\/fr\/wp-json\/wp\/v2\/pages"}],"about":[{"href":"https:\/\/marwoodltd.com\/fr\/wp-json\/wp\/v2\/types\/page"}],"author":[{"embeddable":true,"href":"https:\/\/marwoodltd.com\/fr\/wp-json\/wp\/v2\/users\/3"}],"replies":[{"embeddable":true,"href":"https:\/\/marwoodltd.com\/fr\/wp-json\/wp\/v2\/comments?post=2558"}],"version-history":[{"count":0,"href":"https:\/\/marwoodltd.com\/fr\/wp-json\/wp\/v2\/pages\/2558\/revisions"}],"wp:attachment":[{"href":"https:\/\/marwoodltd.com\/fr\/wp-json\/wp\/v2\/media?parent=2558"}],"curies":[{"name":"wp","href":"https:\/\/api.w.org\/{rel}","templated":true}]}}