{"id":2562,"date":"2019-03-05T11:45:07","date_gmt":"2019-03-05T15:45:07","guid":{"rendered":"http:\/\/bilingual.marwoodltd.com\/granules-de-bois\/"},"modified":"2019-03-05T11:45:07","modified_gmt":"2019-03-05T15:45:07","slug":"granules-de-bois","status":"publish","type":"page","link":"https:\/\/marwoodltd.com\/fr\/granules-de-bois\/","title":{"rendered":"Granules de bois"},"content":{"rendered":"\n  <div class=\"banner has-hover\" id=\"banner-1896681606\">\n          <div class=\"banner-inner fill\">\n        <div class=\"banner-bg fill\" >\n            <img loading=\"lazy\" decoding=\"async\" width=\"1204\" height=\"801\" src=\"https:\/\/marwoodltd.com\/wp-content\/uploads\/2017\/12\/homeliving.jpg\" class=\"bg attachment-orginal size-orginal\" alt=\"\" \/>                        <div class=\"overlay\"><\/div>            \n                    <\/div>\n\t\t\n        <div class=\"banner-layers container\">\n            <div class=\"fill banner-link\"><\/div>            \n\n   <div id=\"text-box-1108838066\" class=\"text-box banner-layer x90 md-x90 lg-x90 y50 md-y50 lg-y50 res-text\">\n                                <div class=\"text-box-content text dark\">\n              \n              <div class=\"text-inner text-center\">\n                  \n\n\t<div class=\"img has-hover x md-x lg-x y md-y lg-y\" id=\"image_951079717\">\n\t\t\t\t\t\t\t\t<div class=\"img-inner dark\" >\n\t\t\t<img loading=\"lazy\" decoding=\"async\" width=\"239\" height=\"100\" src=\"https:\/\/marwoodltd.com\/wp-content\/uploads\/2018\/01\/comfycozy_revs.png\" class=\"attachment-large size-large\" alt=\"\" \/>\t\t\t\t\t\t\n\t\t\t\t\t<\/div>\n\t\t\t\t\t\t\t\t\n<style>\n#image_951079717 {\n  width: 61%;\n}\n<\/style>\n\t<\/div>\n\t\n\n<h2 class=\"uppercase\">Granules de bois<\/h2>\n\n              <\/div>\n           <\/div>\n                            \n<style>\n#text-box-1108838066 {\n  width: 60%;\n}\n#text-box-1108838066 .text-box-content {\n  font-size: 100%;\n}\n@media (min-width:550px) {\n  #text-box-1108838066 {\n    width: 40%;\n  }\n}\n<\/style>\n    <\/div>\n \n\n        <\/div>\n      <\/div>\n\n            \n<style>\n#banner-1896681606 {\n  padding-top: 311px;\n}\n#banner-1896681606 .overlay {\n  background-color: rgba(0, 0, 0, 0.44);\n}\n#banner-1896681606 .banner-bg img {\n  object-position: 0% 46%;\n}\n<\/style>\n  <\/div>\n\n\n\n\t<section class=\"section\" id=\"section_376077781\">\n\t\t<div class=\"section-bg fill\" >\n\t\t\t\t\t\t\t\t\t\n\t\t\t\n\n\t\t<\/div>\n\n\t\t\n\n\t\t<div class=\"section-content relative\">\n\t\t\t\n\t<div id=\"gap-1934033037\" class=\"gap-element clearfix\" style=\"display:block; height:auto;\">\n\t\t\n<style>\n#gap-1934033037 {\n  padding-top: 20px;\n}\n<\/style>\n\t<\/div>\n\t\n\t\t<\/div>\n\n\t\t\n<style>\n#section_376077781 {\n  padding-top: 1px;\n  padding-bottom: 1px;\n}\n<\/style>\n\t<\/section>\n\t\n<div class=\"row\"  id=\"row-1609941944\">\n\n\t<div id=\"col-1681570051\" class=\"col medium-4 small-12 large-4\"  >\n\t\t\t\t<div class=\"col-inner\"  >\n\t\t\t\n\t\t\t\n\t<div class=\"img has-hover x md-x lg-x y md-y lg-y\" id=\"image_1324882266\">\n\t\t\t\t\t\t\t\t<div class=\"img-inner dark\" >\n\t\t\t<img loading=\"lazy\" decoding=\"async\" width=\"900\" height=\"393\" src=\"https:\/\/marwoodltd.com\/wp-content\/uploads\/2017\/12\/Comfy-Cozy-Logo.jpg\" class=\"attachment-large size-large\" alt=\"\" srcset=\"https:\/\/marwoodltd.com\/wp-content\/uploads\/2017\/12\/Comfy-Cozy-Logo.jpg 900w, https:\/\/marwoodltd.com\/wp-content\/uploads\/2017\/12\/Comfy-Cozy-Logo-600x262.jpg 600w, https:\/\/marwoodltd.com\/wp-content\/uploads\/2017\/12\/Comfy-Cozy-Logo-800x349.jpg 800w, https:\/\/marwoodltd.com\/wp-content\/uploads\/2017\/12\/Comfy-Cozy-Logo-768x335.jpg 768w\" sizes=\"auto, (max-width: 900px) 100vw, 900px\" \/>\t\t\t\t\t\t\n\t\t\t\t\t<\/div>\n\t\t\t\t\t\t\t\t\n<style>\n#image_1324882266 {\n  width: 100%;\n}\n<\/style>\n\t<\/div>\n\t\n<h2 style=\"text-align: left;\">Granules de bois de premi\u00e8re qualit\u00e9<\/h2>\n\t\t<\/div>\n\t\t\t\t\t<\/div>\n\n\t\n\n\t<div id=\"col-1557461324\" class=\"col medium-8 small-12 large-8\"  >\n\t\t\t\t<div class=\"col-inner\"  >\n\t\t\t\n\t\t\t\n<p>Les granules de bois Comfy Cozy de Marwood sont un combustible d\u2019une qualit\u00e9 sup\u00e9rieure aux normes Premium du Pellet Fuels Institute (PFI). Commercialis\u00e9s \u00e0 un prix concurrentiel, les granules Comfy Cozy nous valent r\u00e9guli\u00e8rement des commentaires \u00e9logieux de nos nombreux clients.<\/p>\n<p>Les granules de bois ne sont pas tous \u00e9gaux. Marwood vise une qualit\u00e9 sup\u00e9rieure constante; ses granules br\u00fblent \u00e0 une temp\u00e9rature plus \u00e9lev\u00e9e et produisent moins de cendres.<\/p>\n<p>La raison de cette grande qualit\u00e9 constante? Contrairement \u00e0 la quasi-totalit\u00e9 de nos concurrents, nous utilisons notre propre fibre de bois qui provient de nos autres activit\u00e9s. En contr\u00f4lant la qualit\u00e9 et le taux d\u2019humidit\u00e9 de la fibre de bois et en utilisant la technologie de fabrication la plus avanc\u00e9e de l\u2019industrie, nous sommes en mesure de fournir syst\u00e9matiquement un produit de qualit\u00e9 sup\u00e9rieure. Am\u00e9liorez le rendement de votre po\u00eale \u00e0 granules avec les granules de bois Comfy Cozy.<\/p>\n<div class=\"accordion\">\n\t<div id=\"accordion-4064901474\" class=\"accordion-item\">\n\t\t<a id=\"accordion-4064901474-label\" class=\"accordion-title plain\" href=\"#accordion-item-avantages\" aria-expanded=\"false\" aria-controls=\"accordion-4064901474-content\">\n\t\t\t<button class=\"toggle\" aria-label=\"Basculer\"><i class=\"icon-angle-down\" aria-hidden=\"true\"><\/i><\/button>\n\t\t\t<span>Avantages<\/span>\n\t\t<\/a>\n\t\t<div id=\"accordion-4064901474-content\" class=\"accordion-inner\" aria-labelledby=\"accordion-4064901474-label\">\n\t\t\t\n<h4>Comfy Cozy offre les avantages suivants :<\/h4>\n<ul>\n<li>En produisant nous-m\u00eames toute la fibre de bois qui entre dans la fabrication des granules de bois de premi\u00e8re qualit\u00e9 Comfy Cozy, nous assurons l\u2019uniformit\u00e9 de la production tout au long de l\u2019ann\u00e9e.<\/li>\n<li>Un \u00e9quipement de fabrication ultramoderne et une manipulation soigneuse r\u00e9duisent au minimum le taux de fines.<\/li>\n<li>Des essais continus dans notre laboratoire sur place permettent de garantir que la densit\u00e9 des granules, la combustion et le taux de cendres respectent ou d\u00e9passent les normes \u00e9tablies par le Pellet Fuels Institute.<\/li>\n<li>Des \u00e9chantillons al\u00e9atoires de Comfy Cozy sont r\u00e9guli\u00e8rement test\u00e9s par des laboratoires ind\u00e9pendants pour confirmer les r\u00e9sultats de nos propres tests. C\u2019est votre garantie que nous prenons au s\u00e9rieux l\u2019assurance de la qualit\u00e9.<\/li>\n<li>Un service \u00e0 la client\u00e8le de qualit\u00e9 sup\u00e9rieure qui comprend l\u2019aide technique directe par notre service t\u00e9l\u00e9phonique sans frais.<\/li>\n<\/ul>\n\t\t<\/div>\n\t<\/div>\n\t\n\t<div id=\"accordion-351199368\" class=\"accordion-item\">\n\t\t<a id=\"accordion-351199368-label\" class=\"accordion-title plain\" href=\"#accordion-item-sp\u00e9cifications\" aria-expanded=\"false\" aria-controls=\"accordion-351199368-content\">\n\t\t\t<button class=\"toggle\" aria-label=\"Basculer\"><i class=\"icon-angle-down\" aria-hidden=\"true\"><\/i><\/button>\n\t\t\t<span>Sp\u00e9cifications<\/span>\n\t\t<\/a>\n\t\t<div id=\"accordion-351199368-content\" class=\"accordion-inner\" aria-labelledby=\"accordion-351199368-label\">\n\t\t\t\n<h4>Granules de bois r\u00e9sineux de premi\u00e8re qualit\u00e9 conformes ou sup\u00e9rieurs aux normes du Pellet Fuels Institute. Voici les valeurs moyennes des derniers tests effectu\u00e9s par des tiers :<\/h4>\n<ul>\n<li><strong>Pouvoir calorifique : <\/strong> 8500 BTU\/lb \u2013 Le pouvoir calorifique \u00e9lev\u00e9 de notre produit signifie plus de chaleur pour votre maison.<\/li>\n<li><strong>Taux d\u2019humidit\u00e9 : <\/strong> Moins de 8 % \u2013 Chaque granule est fait de sciure s\u00e9ch\u00e9e et comprim\u00e9e, c\u2019est pourquoi la combustion est uniforme.<\/li>\n<li><strong>Taux de cendres : <\/strong> Moins de 1 % \u2013 Avec un taux de cendres r\u00e9duit, les granules Comfy Cozy permettent de r\u00e9duire la fr\u00e9quence du nettoyage et de l\u2019entretien des po\u00eales.<\/li>\n<li><strong>Fines : <\/strong> Moins de 0,55 \u2013 Avec moins de fines, vous profitez au maximum du pouvoir calorifique du produit que vous achetez.<\/li>\n<li><strong>Masse volumique : <\/strong> 40-46 lb\/ft3 \u2013 Le bois r\u00e9sineux naturel compress\u00e9 donne un granule qui br\u00fble proprement et qui a un pouvoir calorifique \u00e9lev\u00e9.<\/li>\n<li><strong>Chlorures et sodium solubles dans l\u2019eau : <\/strong> Moins de 330 ppm \u2013 Nos granules se composent exclusivement de bois naturel, sans produits chimiques ni additifs.<\/li>\n<li><strong>Dimensions : <\/strong> Longueur \u2013 Moins de 1 % de plus de 1,5\u2033 (38 mm) et entre 6,35 mm et 7,25 mm de diam\u00e8tre \u2013 Les pellets sont de taille uniforme, ce qui garantit la r\u00e9gularit\u00e9 de l\u2019alimentation du po\u00eale et de la combustion.<\/li>\n<li><strong>Indice de durabilit\u00e9 : <\/strong> Plus de 97,5 % \u2013 Nous vous donnons l\u2019assurance que les granules de chaque sac de Comfy Cozy sont solides et durables, et qu\u2019ils resteront intacts entre le magasin et la tr\u00e9mie.<\/li>\n<\/ul>\n\t\t<\/div>\n\t<\/div>\n\t\n<\/div>\n\t\t<\/div>\n\t\t\t\t\t<\/div>\n\n\t\n<\/div>\n","protected":false},"excerpt":{"rendered":"","protected":false},"author":3,"featured_media":0,"parent":0,"menu_order":0,"comment_status":"closed","ping_status":"closed","template":"page-blank.php","meta":{"_acf_changed":false,"footnotes":""},"class_list":["post-2562","page","type-page","status-publish","hentry"],"acf":[],"_links":{"self":[{"href":"https:\/\/marwoodltd.com\/fr\/wp-json\/wp\/v2\/pages\/2562","targetHints":{"allow":["GET"]}}],"collection":[{"href":"https:\/\/marwoodltd.com\/fr\/wp-json\/wp\/v2\/pages"}],"about":[{"href":"https:\/\/marwoodltd.com\/fr\/wp-json\/wp\/v2\/types\/page"}],"author":[{"embeddable":true,"href":"https:\/\/marwoodltd.com\/fr\/wp-json\/wp\/v2\/users\/3"}],"replies":[{"embeddable":true,"href":"https:\/\/marwoodltd.com\/fr\/wp-json\/wp\/v2\/comments?post=2562"}],"version-history":[{"count":0,"href":"https:\/\/marwoodltd.com\/fr\/wp-json\/wp\/v2\/pages\/2562\/revisions"}],"wp:attachment":[{"href":"https:\/\/marwoodltd.com\/fr\/wp-json\/wp\/v2\/media?parent=2562"}],"curies":[{"name":"wp","href":"https:\/\/api.w.org\/{rel}","templated":true}]}}