{"id":2968,"date":"2019-04-03T11:25:09","date_gmt":"2019-04-03T14:25:09","guid":{"rendered":"http:\/\/bilingual.marwoodltd.com\/a-propos-de-marwood\/carrieres\/"},"modified":"2026-04-09T01:36:58","modified_gmt":"2026-04-09T04:36:58","slug":"carrieres","status":"publish","type":"page","link":"https:\/\/marwoodltd.com\/fr\/a-propos-de-marwood\/carrieres\/","title":{"rendered":"Carri\u00e8res"},"content":{"rendered":"\n\n  <div class=\"banner has-hover\" id=\"banner-833165189\">\n          <div class=\"banner-inner fill\">\n        <div class=\"banner-bg fill\" >\n            <img loading=\"lazy\" decoding=\"async\" width=\"1020\" height=\"679\" src=\"https:\/\/marwoodltd.com\/wp-content\/uploads\/2018\/01\/careers-1202x800.jpg\" class=\"bg attachment-large size-large\" alt=\"\" \/>                        <div class=\"overlay\"><\/div>            \n                    <\/div>\n\t\t\n        <div class=\"banner-layers container\">\n            <div class=\"fill banner-link\"><\/div>            \n\n   <div id=\"text-box-1754757566\" class=\"text-box banner-layer x5 md-x5 lg-x5 y50 md-y50 lg-y50 res-text\">\n                                <div class=\"text-box-content text box-shadow-3 dark\">\n              \n              <div class=\"text-inner text-center\">\n                  \n\n<h2 class=\"uppercase\"><strong>B\u00e2tissez Votre Carri\u00e8re Avec Marwood<\/strong><\/h2>\n<p><strong>Vous joindre \u00e0 l\u2019\u00e9quipe Marwood vous int\u00e9resse?<\/strong><br \/>\nEnvoyez-nous sans tarder votre curriculum vitae ou consultez nos offres d\u2019emploi.<\/p>\n\n              <\/div>\n           <\/div>\n                            \n<style>\n#text-box-1754757566 .text-box-content {\n  background-color: rgba(8, 76, 97, 0.77);\n  font-size: 100%;\n}\n#text-box-1754757566 .text-inner {\n  padding: 30px 30px 30px 30px;\n}\n#text-box-1754757566 {\n  width: 60%;\n}\n@media (min-width:550px) {\n  #text-box-1754757566 {\n    width: 40%;\n  }\n}\n<\/style>\n    <\/div>\n \n\n        <\/div>\n      <\/div>\n\n            \n<style>\n#banner-833165189 {\n  padding-top: 500px;\n}\n#banner-833165189 .overlay {\n  background-color: rgba(0, 0, 0, 0.2);\n}\n#banner-833165189 .banner-bg img {\n  object-position: 0% 33%;\n}\n<\/style>\n  <\/div>\n\n\n\n\t<section class=\"section\" id=\"section_1392654592\">\n\t\t<div class=\"section-bg fill\" >\n\t\t\t\t\t\t\t\t\t\n\t\t\t\n\n\t\t<\/div>\n\n\t\t\n\n\t\t<div class=\"section-content relative\">\n\t\t\t\n\n\n\t\t<\/div>\n\n\t\t\n<style>\n#section_1392654592 {\n  padding-top: 30px;\n  padding-bottom: 30px;\n}\n<\/style>\n\t<\/section>\n\t\n<div class=\"container section-title-container\" ><h3 class=\"section-title section-title-bold-center\"><b aria-hidden=\"true\"><\/b><span class=\"section-title-main\" style=\"font-size:126%;\">Offres d\u2019emploi actuelles<\/span><b aria-hidden=\"true\"><\/b><\/h3><\/div>\n\n\n  \n    <div id=\"row-824061333\" class=\"row large-columns-3 medium-columns- small-columns-1 has-shadow row-box-shadow-2 row-masonry\" data-packery-options='{\"itemSelector\": \".col\", \"gutter\": 0, \"presentageWidth\" : true}'>\n\n  <div class=\"col post-item\" >\n\t\t\t<div class=\"col-inner\">\n\t\t\t\t<div class=\"box box-text-bottom box-blog-post has-hover\">\n          \t\t\t\t\t<div class=\"box-text text-center\" >\n\t\t\t\t\t<div class=\"box-text-inner blog-post-inner\">\n\n\t\t\t\t\t\n\t\t\t\t\t\t\t\t\t\t<h5 class=\"post-title is-large \">\n\t\t\t\t\t\t<a href=\"https:\/\/marwoodltd.com\/fr\/2025\/10\/08\/treating-plant-operator-brookfield-ns\/\" class=\"plain\">Op\u00e9rateur d\u2019usine de traitement &#8211; Brookfield, N.-\u00c9.<\/a>\n\t\t\t\t\t<\/h5>\n\t\t\t\t\t<div class=\"post-meta is-small op-8\">8 octobre 2025<\/div>\t\t\t\t\t<div class=\"is-divider\"><\/div>\n\t\t\t\t\t                    \n\t\t\t\t\t\t\t\t\t\t\t<a href=\"https:\/\/marwoodltd.com\/fr\/2025\/10\/08\/treating-plant-operator-brookfield-ns\/\" class=\"button alert is-outline is-small mb-0\">\n\t\t\t\t\t\t\tVoir le poste\t\t\t\t\t\t<\/a>\n\t\t\t\t\t\n\t\t\t\t\t\n\t\t\t\t\t<\/div>\n\t\t\t\t\t<\/div>\n\t\t\t\t\t\t\t\t\t<\/div>\n\t\t\t<\/div>\n\t\t<\/div><\/div>\n\n\n\t<section class=\"section\" id=\"section_1790571818\">\n\t\t<div class=\"section-bg fill\" >\n\t\t\t\t\t\t\t\t\t\n\t\t\t\n\n\t\t<\/div>\n\n\t\t\n\n\t\t<div class=\"section-content relative\">\n\t\t\t\n\n\n\t\t<\/div>\n\n\t\t\n<style>\n#section_1790571818 {\n  padding-top: 15px;\n  padding-bottom: 15px;\n}\n<\/style>\n\t<\/section>\n\t\n<span class=\"scroll-to\" data-label=\"Scroll to: #apply\" data-bullet=\"false\" data-link=\"#apply\" data-title=\"apply\"><a name=\"apply\"><\/a><\/span>\n\n  <div class=\"banner-grid-wrapper\">\n  <div id=\"banner-grid-1786387357\" class=\"banner-grid row row-grid row-small\" data-packery-options=\"\">\n                      \n\n<div class=\"col grid-col large-9 grid-col-1\" ><div class=\"col-inner\">\n\n<h2>Envoyer votre curriculum vitae<\/h2>\n\n<div class=\"wpcf7 no-js\" id=\"wpcf7-f5505-o1\" lang=\"en-US\" dir=\"ltr\" data-wpcf7-id=\"5505\">\n<div class=\"screen-reader-response\"><p role=\"status\" aria-live=\"polite\" aria-atomic=\"true\"><\/p> <ul><\/ul><\/div>\n<form action=\"\/fr\/wp-json\/wp\/v2\/pages\/2968#wpcf7-f5505-o1\" method=\"post\" class=\"wpcf7-form init\" aria-label=\"Contact form\" enctype=\"multipart\/form-data\" novalidate=\"novalidate\" data-status=\"init\">\n<fieldset class=\"hidden-fields-container\"><input type=\"hidden\" name=\"_wpcf7\" value=\"5505\" \/><input type=\"hidden\" name=\"_wpcf7_version\" value=\"6.1.5\" \/><input type=\"hidden\" name=\"_wpcf7_locale\" value=\"en_US\" \/><input type=\"hidden\" name=\"_wpcf7_unit_tag\" value=\"wpcf7-f5505-o1\" \/><input type=\"hidden\" name=\"_wpcf7_container_post\" value=\"0\" \/><input type=\"hidden\" name=\"_wpcf7_posted_data_hash\" value=\"\" \/><input type=\"hidden\" name=\"_wpcf7dtx_version\" value=\"5.0.5\" \/>\n<\/fieldset>\n<p><label> Position<br \/>\n<span class=\"wpcf7-form-control-wrap position\" data-name=\"position\"><select name=\"position\" class=\"wpcf7-form-control wpcf7-select wpcf7dtx wpcf7dtx-select\" aria-invalid=\"false\" required=\"required\" size=\"1\"><option value=\"\" selected disabled>--Select--<\/option><option value=\"-1\">General Application<\/option><option value=\"5528\">Op\u00e9rateur d\u2019usine de traitement &#8211; Brookfield, N.-\u00c9.<\/option><\/select><\/span> <\/label>\n<\/p>\n<p><label> Your name<br \/>\n<span class=\"wpcf7-form-control-wrap\" data-name=\"your-name\"><input size=\"40\" maxlength=\"400\" class=\"wpcf7-form-control wpcf7-text wpcf7-validates-as-required\" autocomplete=\"name\" aria-required=\"true\" aria-invalid=\"false\" value=\"\" type=\"text\" name=\"your-name\" \/><\/span> <\/label>\n<\/p>\n<div class=\"form-row\">\n\t<div class=\"form-col-half\">\n\t\t<p><label> Your email<br \/>\n<span class=\"wpcf7-form-control-wrap\" data-name=\"your-email\"><input size=\"40\" maxlength=\"400\" class=\"wpcf7-form-control wpcf7-email wpcf7-validates-as-required wpcf7-text wpcf7-validates-as-email\" autocomplete=\"email\" aria-required=\"true\" aria-invalid=\"false\" value=\"\" type=\"email\" name=\"your-email\" \/><\/span> <\/label>\n\t\t<\/p>\n\t<\/div>\n\t<div class=\"form-col-half\">\n\t\t<p><label> Confirm your email<br \/>\n<span class=\"wpcf7-form-control-wrap\" data-name=\"your-email-confirm\"><input size=\"40\" maxlength=\"400\" class=\"wpcf7-form-control wpcf7-email wpcf7-validates-as-required wpcf7-text wpcf7-validates-as-email\" autocomplete=\"email\" aria-required=\"true\" aria-invalid=\"false\" value=\"\" type=\"email\" name=\"your-email-confirm\" \/><\/span> <\/label>\n\t\t<\/p>\n\t<\/div>\n<\/div>\n<p><label> Your message (optional)<br \/>\n<span class=\"wpcf7-form-control-wrap\" data-name=\"your-message\"><textarea cols=\"40\" rows=\"10\" maxlength=\"2000\" class=\"wpcf7-form-control wpcf7-textarea\" aria-invalid=\"false\" name=\"your-message\"><\/textarea><\/span> <\/label>\n<\/p>\n<p>Please attach your resume, .jpg or .pdf, maximum 5mb.\n<\/p>\n<p><span class=\"wpcf7-form-control-wrap\" data-name=\"file-137\"><input size=\"40\" class=\"wpcf7-form-control wpcf7-file\" accept=\".jpg,.pdf\" aria-invalid=\"false\" type=\"file\" name=\"file-137\" \/><\/span>\n<\/p>\n<p><input class=\"wpcf7-form-control wpcf7-submit has-spinner\" type=\"submit\" value=\"Submit\" \/>\n<\/p><p style=\"display: none !important;\" class=\"akismet-fields-container\" data-prefix=\"_wpcf7_ak_\"><label>&#916;<textarea name=\"_wpcf7_ak_hp_textarea\" cols=\"45\" rows=\"8\" maxlength=\"100\"><\/textarea><\/label><input type=\"hidden\" id=\"ak_js_1\" name=\"_wpcf7_ak_js\" value=\"217\"\/><script>document.getElementById( \"ak_js_1\" ).setAttribute( \"value\", ( new Date() ).getTime() );<\/script><\/p><div class=\"wpcf7-response-output\" aria-hidden=\"true\"><\/div>\n<\/form>\n<\/div>\n\n\n<\/div><\/div>\n<div class=\"col grid-col large-3 grid-col-1\" ><div class=\"col-inner\">\n\n\n  <div class=\"banner has-hover\" id=\"banner-1217229859\">\n          <div class=\"banner-inner fill\">\n        <div class=\"banner-bg fill\" >\n                                    <div class=\"overlay\"><\/div>            \n\t<div class=\"is-border\"\n\t\tstyle=\"border-width:2px 2px 2px 02px;\">\n\t<\/div>\n                    <\/div>\n\t\t\n        <div class=\"banner-layers container\">\n            <div class=\"fill banner-link\"><\/div>            \n\n   <div id=\"text-box-32466996\" class=\"text-box banner-layer x50 md-x50 lg-x50 y5 md-y5 lg-y5 res-text\">\n                                <div class=\"text-box-content text dark\">\n              \n              <div class=\"text-inner text-center\">\n                  \n\n<h2>NOUS OFFRONS<\/h2>\n<hr>\n<h3>\u00c9quilibre travail\/vie priv\u00e9e<\/h3>\n<p>&nbsp;<\/p>\n<h3>Possibilit\u00e9 d\u2019\u00e9volution et d\u2019avancement<\/h3>\n<p>&nbsp;<\/p>\n<h3>Un environnement de travail s\u00fbr et sain qui encourage le travail d\u2019\u00e9quipe<\/h3>\n<p>&nbsp;<\/p>\n<h3>Une r\u00e9mun\u00e9ration concurrentielle avec un r\u00e9gime complet d\u2019avantages sociaux<\/h3>\n\n              <\/div>\n           <\/div>\n                            \n<style>\n#text-box-32466996 {\n  width: 82%;\n}\n#text-box-32466996 .text-box-content {\n  font-size: 100%;\n}\n<\/style>\n    <\/div>\n \n\n        <\/div>\n      <\/div>\n\n            \n<style>\n#banner-1217229859 {\n  padding-top: 500px;\n  background-color: rgb(34, 201, 112);\n}\n#banner-1217229859 .overlay {\n  background-color: rgba(0, 0, 0, 0.17);\n}\n<\/style>\n  <\/div>\n\n\n\n<\/div><\/div>\n\n            <\/div>\n    <style>\n    #banner-grid-1786387357 .grid-col-1{height: 636px}\n    #banner-grid-1786387357 .grid-col-1-2{height: 318px}\n    #banner-grid-1786387357 .grid-col-1-3{height:212px}\n    #banner-grid-1786387357 .grid-col-2-3{height: 424px}\n    #banner-grid-1786387357 .grid-col-1-4{height: 159px}\n    #banner-grid-1786387357 .grid-col-3-4{height: 477px}\n\n\n    \n    \n\n  <\/style>\n    <\/div>\n  \n\n","protected":false},"excerpt":{"rendered":"","protected":false},"author":3,"featured_media":0,"parent":2544,"menu_order":0,"comment_status":"closed","ping_status":"closed","template":"page-blank.php","meta":{"_acf_changed":false,"footnotes":""},"class_list":["post-2968","page","type-page","status-publish","hentry"],"acf":[],"_links":{"self":[{"href":"https:\/\/marwoodltd.com\/fr\/wp-json\/wp\/v2\/pages\/2968","targetHints":{"allow":["GET"]}}],"collection":[{"href":"https:\/\/marwoodltd.com\/fr\/wp-json\/wp\/v2\/pages"}],"about":[{"href":"https:\/\/marwoodltd.com\/fr\/wp-json\/wp\/v2\/types\/page"}],"author":[{"embeddable":true,"href":"https:\/\/marwoodltd.com\/fr\/wp-json\/wp\/v2\/users\/3"}],"replies":[{"embeddable":true,"href":"https:\/\/marwoodltd.com\/fr\/wp-json\/wp\/v2\/comments?post=2968"}],"version-history":[{"count":6,"href":"https:\/\/marwoodltd.com\/fr\/wp-json\/wp\/v2\/pages\/2968\/revisions"}],"predecessor-version":[{"id":6741,"href":"https:\/\/marwoodltd.com\/fr\/wp-json\/wp\/v2\/pages\/2968\/revisions\/6741"}],"up":[{"embeddable":true,"href":"https:\/\/marwoodltd.com\/fr\/wp-json\/wp\/v2\/pages\/2544"}],"wp:attachment":[{"href":"https:\/\/marwoodltd.com\/fr\/wp-json\/wp\/v2\/media?parent=2968"}],"curies":[{"name":"wp","href":"https:\/\/api.w.org\/{rel}","templated":true}]}}