{"id":2969,"date":"2019-04-03T11:31:37","date_gmt":"2019-04-03T14:31:37","guid":{"rendered":"http:\/\/bilingual.marwoodltd.com\/a-propos-de-marwood\/marketing\/"},"modified":"2019-05-07T07:27:22","modified_gmt":"2019-05-07T10:27:22","slug":"marketing","status":"publish","type":"page","link":"https:\/\/marwoodltd.com\/fr\/a-propos-de-marwood\/marketing\/","title":{"rendered":"Marketing"},"content":{"rendered":"\n\n  <div class=\"banner has-hover\" id=\"banner-565815736\">\n          <div class=\"banner-inner fill\">\n        <div class=\"banner-bg fill\" >\n            <img loading=\"lazy\" decoding=\"async\" width=\"1020\" height=\"592\" src=\"https:\/\/marwoodltd.com\/wp-content\/uploads\/2018\/03\/slider4.jpg\" class=\"bg attachment-large size-large\" alt=\"\" \/>                                    \n                    <\/div>\n\t\t\n        <div class=\"banner-layers container\">\n            <div class=\"fill banner-link\"><\/div>            \n\n   <div id=\"text-box-1570945514\" class=\"text-box banner-layer x5 md-x5 lg-x5 y50 md-y50 lg-y50 res-text\">\n                                <div class=\"text-box-content text dark\">\n              \n\t<div class=\"is-border\"\n\t\tstyle=\"border-width:2px 2px 2px 2px;\">\n\t<\/div>\n              <div class=\"text-inner text-left\">\n                  \n\n<h2 class=\"uppercase\"><strong>Brochure de produits<\/strong><\/h2>\n<h3>Accessoires pour terrasse, treillis et bois de construction<\/h3>\n<p>Brochures en fran\u00e7ais et en anglais pour les produits trait\u00e9s sous pression verts et bruns. Cliquer pour t\u00e9l\u00e9charger le PDF.<\/p>\n<a href=\"https:\/\/marwoodltd.com\/wp-content\/uploads\/2019\/01\/marwood-consumer-brochure_green.pdf\" target=\"_blank\" class=\"button alert\" rel=\"noopener\" >\n\t\t<span>Vert, anglais<\/span>\n\t<\/a>\n\n\n<a href=\"https:\/\/marwoodltd.com\/wp-content\/uploads\/2019\/01\/marwood-consumer-brochure_brown.pdf\" target=\"_blank\" class=\"button primary\" rel=\"noopener\" >\n\t\t<span>Brun, anglais<\/span>\n\t<\/a>\n\n\n<a href=\"https:\/\/marwoodltd.com\/wp-content\/uploads\/2019\/01\/marwood-consumer-brochure_green_french.pdf\" target=\"_blank\" class=\"button alert\" rel=\"noopener\" >\n\t\t<span>Vert, fran\u00e7ais<\/span>\n\t<\/a>\n\n\n<a href=\"https:\/\/marwoodltd.com\/wp-content\/uploads\/2019\/01\/marwood-consumer-brochure_brown-_french.pdf\" target=\"_blank\" class=\"button primary\" rel=\"noopener\" >\n\t\t<span>Brun, fran\u00e7ais<\/span>\n\t<\/a>\n\n\n\n              <\/div>\n           <\/div>\n                            \n<style>\n#text-box-1570945514 {\n  margin: 0px 0px 0px 0px;\n  width: 60%;\n}\n#text-box-1570945514 .text-box-content {\n  background-color: rgba(50, 48, 49, 0.65);\n  font-size: 100%;\n}\n#text-box-1570945514 .text-inner {\n  padding: 14px 14px 14px 14px;\n}\n@media (min-width:550px) {\n  #text-box-1570945514 {\n    width: 39%;\n  }\n}\n<\/style>\n    <\/div>\n \n\n        <\/div>\n      <\/div>\n\n            \n<style>\n#banner-565815736 {\n  padding-top: 500px;\n}\n#banner-565815736 .banner-bg img {\n  object-position: 0% 76%;\n}\n<\/style>\n  <\/div>\n\n\n\t<div id=\"gap-965693513\" class=\"gap-element clearfix\" style=\"display:block; height:auto;\">\n\t\t\n<style>\n#gap-965693513 {\n  padding-top: 30px;\n}\n<\/style>\n\t<\/div>\n\t\n\n\n\t<section class=\"section\" id=\"section_411115800\">\n\t\t<div class=\"section-bg fill\" >\n\t\t\t\t\t\t\t\t\t\n\t\t\t\n\n\t\t<\/div>\n\n\t\t\n\n\t\t<div class=\"section-content relative\">\n\t\t\t\n\n<div class=\"row align-middle\"  id=\"row-7479366\">\n\n\n\t<div id=\"col-256035418\" class=\"col medium-8 small-12 large-8\"  >\n\t\t\t\t<div class=\"col-inner\"  >\n\t\t\t\n\t\t\t\n\n<div class=\"slider-wrapper relative\" id=\"slider-473104726\" >\n    <div class=\"slider slider-nav-circle slider-nav-large slider-nav-light slider-style-normal slider-show-nav\"\n        data-flickity-options='{\n            \"cellAlign\": \"center\",\n            \"imagesLoaded\": true,\n            \"lazyLoad\": 1,\n            \"freeScroll\": false,\n            \"wrapAround\": true,\n            \"autoPlay\": 6000,\n            \"pauseAutoPlayOnHover\" : true,\n            \"prevNextButtons\": true,\n            \"contain\" : true,\n            \"adaptiveHeight\" : true,\n            \"dragThreshold\" : 10,\n            \"percentPosition\": true,\n            \"pageDots\": false,\n            \"rightToLeft\": false,\n            \"draggable\": true,\n            \"selectedAttraction\": 0.1,\n            \"parallax\" : 0,\n            \"friction\": 0.6        }'\n        >\n        \n\n\t<div class=\"img has-hover x md-x lg-x y md-y lg-y\" id=\"image_1639139168\">\n\t\t\t\t\t\t\t\t<div class=\"img-inner dark\" >\n\t\t\t<img loading=\"lazy\" decoding=\"async\" width=\"800\" height=\"480\" src=\"https:\/\/marwoodltd.com\/wp-content\/uploads\/2019\/01\/fence_banner_1.jpg\" class=\"attachment-large size-large\" alt=\"\" srcset=\"https:\/\/marwoodltd.com\/wp-content\/uploads\/2019\/01\/fence_banner_1.jpg 800w, https:\/\/marwoodltd.com\/wp-content\/uploads\/2019\/01\/fence_banner_1-667x400.jpg 667w, https:\/\/marwoodltd.com\/wp-content\/uploads\/2019\/01\/fence_banner_1-768x461.jpg 768w, https:\/\/marwoodltd.com\/wp-content\/uploads\/2019\/01\/fence_banner_1-600x360.jpg 600w\" sizes=\"auto, (max-width: 800px) 100vw, 800px\" \/>\t\t\t\t\t\t\n\t\t\t\t\t<\/div>\n\t\t\t\t\t\t\t\t\n<style>\n#image_1639139168 {\n  width: 100%;\n}\n<\/style>\n\t<\/div>\n\t\n\n\t<div class=\"img has-hover x md-x lg-x y md-y lg-y\" id=\"image_1608279893\">\n\t\t\t\t\t\t\t\t<div class=\"img-inner dark\" >\n\t\t\t<img loading=\"lazy\" decoding=\"async\" width=\"800\" height=\"480\" src=\"https:\/\/marwoodltd.com\/wp-content\/uploads\/2019\/01\/fence_banner_2.jpg\" class=\"attachment-large size-large\" alt=\"\" srcset=\"https:\/\/marwoodltd.com\/wp-content\/uploads\/2019\/01\/fence_banner_2.jpg 800w, https:\/\/marwoodltd.com\/wp-content\/uploads\/2019\/01\/fence_banner_2-667x400.jpg 667w, https:\/\/marwoodltd.com\/wp-content\/uploads\/2019\/01\/fence_banner_2-768x461.jpg 768w, https:\/\/marwoodltd.com\/wp-content\/uploads\/2019\/01\/fence_banner_2-600x360.jpg 600w\" sizes=\"auto, (max-width: 800px) 100vw, 800px\" \/>\t\t\t\t\t\t\n\t\t\t\t\t<\/div>\n\t\t\t\t\t\t\t\t\n<style>\n#image_1608279893 {\n  width: 100%;\n}\n<\/style>\n\t<\/div>\n\t\n\n\t<div class=\"img has-hover x md-x lg-x y md-y lg-y\" id=\"image_1918158499\">\n\t\t\t\t\t\t\t\t<div class=\"img-inner dark\" >\n\t\t\t<img loading=\"lazy\" decoding=\"async\" width=\"800\" height=\"480\" src=\"https:\/\/marwoodltd.com\/wp-content\/uploads\/2019\/01\/fence_banner_3.jpg\" class=\"attachment-large size-large\" alt=\"\" srcset=\"https:\/\/marwoodltd.com\/wp-content\/uploads\/2019\/01\/fence_banner_3.jpg 800w, https:\/\/marwoodltd.com\/wp-content\/uploads\/2019\/01\/fence_banner_3-667x400.jpg 667w, https:\/\/marwoodltd.com\/wp-content\/uploads\/2019\/01\/fence_banner_3-768x461.jpg 768w, https:\/\/marwoodltd.com\/wp-content\/uploads\/2019\/01\/fence_banner_3-600x360.jpg 600w\" sizes=\"auto, (max-width: 800px) 100vw, 800px\" \/>\t\t\t\t\t\t\n\t\t\t\t\t<\/div>\n\t\t\t\t\t\t\t\t\n<style>\n#image_1918158499 {\n  width: 100%;\n}\n<\/style>\n\t<\/div>\n\t\n\n\n     <\/div>\n\n     <div class=\"loading-spin dark large centered\"><\/div>\n\n\t<\/div>\n\n\n\n\t\t<\/div>\n\t\t\t\t\t<\/div>\n\n\t\n\n\t<div id=\"col-1750201297\" class=\"col medium-4 small-12 large-4\"  >\n\t\t\t\t<div class=\"col-inner\"  >\n\t\t\t\n\t\t\t\n\n<h1 class=\"uppercase\"><span style=\"font-size: 170%;\"><strong>Banni\u00e8res de cl\u00f4ture<\/strong><\/span><\/h1>\n<h3>3 versions : Suntrellis, Pantherace et Tanatone<\/h3>\n<a href=\"https:\/\/marwoodltd.com\/contact\/\" class=\"button secondary\" >\n\t\t<span>Communiquez avec nous pour commander<\/span>\n\t<\/a>\n\n\n\n\t\t<\/div>\n\t\t\t\t\t<\/div>\n\n\t\n\n\n<style>\n#row-7479366 > .col > .col-inner {\n  padding: 29px 0px 0px 0px;\n}\n<\/style>\n<\/div>\n\n\t\t<\/div>\n\n\t\t\n<style>\n#section_411115800 {\n  padding-top: 30px;\n  padding-bottom: 30px;\n  background-color: rgb(205, 204, 204);\n}\n<\/style>\n\t<\/section>\n\t\n\t<div id=\"gap-1858263052\" class=\"gap-element clearfix\" style=\"display:block; height:auto;\">\n\t\t\n<style>\n#gap-1858263052 {\n  padding-top: 30px;\n}\n<\/style>\n\t<\/div>\n\t\n\n\n\t<section class=\"section\" id=\"section_1645734252\">\n\t\t<div class=\"section-bg fill\" >\n\t\t\t<img loading=\"lazy\" decoding=\"async\" width=\"1685\" height=\"1123\" src=\"https:\/\/marwoodltd.com\/wp-content\/uploads\/2018\/04\/Tanatone_slider.jpg\" class=\"bg attachment- size-\" alt=\"\" \/>\t\t\t\t\t\t\n\t\t\t\n\t<div class=\"is-border\"\n\t\tstyle=\"border-color:rgb(235, 235, 235);border-width:1px 0px 0px 0px;\">\n\t<\/div>\n\n\t\t<\/div>\n\n\t\t\n\n\t\t<div class=\"section-content relative\">\n\t\t\t\n\n<div class=\"row align-middle\"  id=\"row-521973144\">\n\n\n\t<div id=\"col-1885242497\" class=\"col medium-3 small-12 large-3\"  >\n\t\t\t\t<div class=\"col-inner text-center\"  >\n\t\t\t\n\t\t\t\n\n\t<div class=\"img has-hover x md-x lg-x y md-y lg-y\" id=\"image_1725616524\">\n\t\t\t\t\t\t<div data-animate=\"bounceIn\">\t\t<div class=\"img-inner dark\" >\n\t\t\t<img loading=\"lazy\" decoding=\"async\" width=\"612\" height=\"792\" src=\"https:\/\/marwoodltd.com\/wp-content\/uploads\/2019\/01\/tanatone-sheet-english.jpg\" class=\"attachment-large size-large\" alt=\"\" srcset=\"https:\/\/marwoodltd.com\/wp-content\/uploads\/2019\/01\/tanatone-sheet-english.jpg 612w, https:\/\/marwoodltd.com\/wp-content\/uploads\/2019\/01\/tanatone-sheet-english-309x400.jpg 309w, https:\/\/marwoodltd.com\/wp-content\/uploads\/2019\/01\/tanatone-sheet-english-600x776.jpg 600w\" sizes=\"auto, (max-width: 612px) 100vw, 612px\" \/>\t\t\t\t\t\t\n\t\t\t\t\t<\/div>\n\t\t<\/div>\t\t\t\t\t\t\n<style>\n#image_1725616524 {\n  width: 100%;\n}\n<\/style>\n\t<\/div>\n\t\n\n<a href=\"https:\/\/marwoodltd.com\/wp-content\/uploads\/2019\/01\/Tanatone-sheet-English.pdf\" target=\"_blank\" class=\"button secondary\" rel=\"noopener\" >\n\t\t<span>T\u00e9l\u00e9charger en anglais<\/span>\n\t<\/a>\n\n\n\n\t\t<\/div>\n\t\t\t\t\t<\/div>\n\n\t\n\n\t<div id=\"col-1942767350\" class=\"col medium-6 small-12 large-6\"  >\n\t\t\t\t<div class=\"col-inner\"  >\n\t\t\t\n\t\t\t\n\n\t<div class=\"img has-hover x md-x lg-x y md-y lg-y\" id=\"image_1504579390\">\n\t\t\t\t\t\t\t\t<div class=\"img-inner dark\" >\n\t\t\t<img loading=\"lazy\" decoding=\"async\" width=\"472\" height=\"225\" src=\"https:\/\/marwoodltd.com\/wp-content\/uploads\/2019\/01\/tanatone_new.png\" class=\"attachment-large size-large\" alt=\"\" \/>\t\t\t\t\t\t\n\t\t\t\t\t<\/div>\n\t\t\t\t\t\t\t\t\n<style>\n#image_1504579390 {\n  width: 100%;\n}\n<\/style>\n\t<\/div>\n\t\n\n<h1 style=\"text-align: center;\"><span style=\"color: #ffffff; font-size: 170%;\">Fiches d\u2019information Tanatone<\/span><\/h1>\n\n\t\t<\/div>\n\t\t\t\t\t<\/div>\n\n\t\n\n\t<div id=\"col-1782826623\" class=\"col medium-3 small-12 large-3\"  >\n\t\t\t\t<div class=\"col-inner text-center\"  >\n\t\t\t\n\t\t\t\n\n\t<div class=\"img has-hover x md-x lg-x y md-y lg-y\" id=\"image_824463265\">\n\t\t\t\t\t\t<div data-animate=\"bounceIn\">\t\t<div class=\"img-inner dark\" >\n\t\t\t<img loading=\"lazy\" decoding=\"async\" width=\"612\" height=\"792\" src=\"https:\/\/marwoodltd.com\/wp-content\/uploads\/2019\/01\/tanatone-sheet-french.jpg\" class=\"attachment-large size-large\" alt=\"\" srcset=\"https:\/\/marwoodltd.com\/wp-content\/uploads\/2019\/01\/tanatone-sheet-french.jpg 612w, https:\/\/marwoodltd.com\/wp-content\/uploads\/2019\/01\/tanatone-sheet-french-309x400.jpg 309w, https:\/\/marwoodltd.com\/wp-content\/uploads\/2019\/01\/tanatone-sheet-french-600x776.jpg 600w\" sizes=\"auto, (max-width: 612px) 100vw, 612px\" \/>\t\t\t\t\t\t\n\t\t\t\t\t<\/div>\n\t\t<\/div>\t\t\t\t\t\t\n<style>\n#image_824463265 {\n  width: 100%;\n}\n<\/style>\n\t<\/div>\n\t\n\n<a href=\"https:\/\/marwoodltd.com\/wp-content\/uploads\/2019\/01\/Tanatone-sheet-French.pdf\" target=\"_blank\" class=\"button secondary\" rel=\"noopener\" >\n\t\t<span>T\u00e9l\u00e9charger en fran\u00e7ais<\/span>\n\t<\/a>\n\n\n\n\t\t<\/div>\n\t\t\t\t\t<\/div>\n\n\t\n\n\n<style>\n#row-521973144 > .col > .col-inner {\n  padding: 0px 10px 0px 10px;\n}\n<\/style>\n<\/div>\n\n\t\t<\/div>\n\n\t\t\n<style>\n#section_1645734252 {\n  padding-top: 60px;\n  padding-bottom: 60px;\n  min-height: 300px;\n  background-color: rgb(245, 245, 245);\n}\n#section_1645734252 .section-bg img {\n  object-position: 0% 60%;\n}\n<\/style>\n\t<\/section>\n\t\n","protected":false},"excerpt":{"rendered":"","protected":false},"author":3,"featured_media":0,"parent":2544,"menu_order":0,"comment_status":"closed","ping_status":"closed","template":"page-blank.php","meta":{"_acf_changed":false,"footnotes":""},"class_list":["post-2969","page","type-page","status-publish","hentry"],"acf":[],"_links":{"self":[{"href":"https:\/\/marwoodltd.com\/fr\/wp-json\/wp\/v2\/pages\/2969","targetHints":{"allow":["GET"]}}],"collection":[{"href":"https:\/\/marwoodltd.com\/fr\/wp-json\/wp\/v2\/pages"}],"about":[{"href":"https:\/\/marwoodltd.com\/fr\/wp-json\/wp\/v2\/types\/page"}],"author":[{"embeddable":true,"href":"https:\/\/marwoodltd.com\/fr\/wp-json\/wp\/v2\/users\/3"}],"replies":[{"embeddable":true,"href":"https:\/\/marwoodltd.com\/fr\/wp-json\/wp\/v2\/comments?post=2969"}],"version-history":[{"count":1,"href":"https:\/\/marwoodltd.com\/fr\/wp-json\/wp\/v2\/pages\/2969\/revisions"}],"predecessor-version":[{"id":3053,"href":"https:\/\/marwoodltd.com\/fr\/wp-json\/wp\/v2\/pages\/2969\/revisions\/3053"}],"up":[{"embeddable":true,"href":"https:\/\/marwoodltd.com\/fr\/wp-json\/wp\/v2\/pages\/2544"}],"wp:attachment":[{"href":"https:\/\/marwoodltd.com\/fr\/wp-json\/wp\/v2\/media?parent=2969"}],"curies":[{"name":"wp","href":"https:\/\/api.w.org\/{rel}","templated":true}]}}