{"id":4012,"date":"2023-12-07T11:25:28","date_gmt":"2023-12-07T15:25:28","guid":{"rendered":"https:\/\/marwoodltd.com\/produits-en-cedre\/"},"modified":"2023-12-12T11:36:50","modified_gmt":"2023-12-12T15:36:50","slug":"produits-en-cedre","status":"publish","type":"page","link":"https:\/\/marwoodltd.com\/fr\/produits-en-cedre\/","title":{"rendered":"Produits en C\u00e8dre"},"content":{"rendered":"\n\n  <div class=\"banner has-hover\" id=\"banner-143444081\">\n          <div class=\"banner-inner fill\">\n        <div class=\"banner-bg fill\" >\n            <img loading=\"lazy\" decoding=\"async\" width=\"1366\" height=\"768\" src=\"https:\/\/marwoodltd.com\/wp-content\/uploads\/2023\/11\/cedar-products-header.jpg\" class=\"bg attachment-orginal size-orginal\" alt=\"\" \/>                        <div class=\"overlay\"><\/div>            \n                    <\/div>\n\t\t\n        <div class=\"banner-layers container\">\n            <div class=\"fill banner-link\"><\/div>            \n\n   <div id=\"text-box-645622499\" class=\"text-box banner-layer x90 md-x90 lg-x90 y50 md-y50 lg-y50 res-text\">\n                                <div class=\"text-box-content text dark\">\n              \n              <div class=\"text-inner text-center\">\n                  \n\n<h2 class=\"uppercase\">Produits en c\u00e8dre<\/h2>\n\n              <\/div>\n           <\/div>\n                            \n<style>\n#text-box-645622499 {\n  width: 60%;\n}\n#text-box-645622499 .text-box-content {\n  font-size: 100%;\n}\n@media (min-width:550px) {\n  #text-box-645622499 {\n    width: 40%;\n  }\n}\n<\/style>\n    <\/div>\n \n\n        <\/div>\n      <\/div>\n\n            \n<style>\n#banner-143444081 {\n  padding-top: 311px;\n}\n#banner-143444081 .overlay {\n  background-color: rgba(0, 0, 0, 0.44);\n}\n#banner-143444081 .banner-bg img {\n  object-position: 2% 36%;\n}\n<\/style>\n  <\/div>\n\n\n\n\t<div id=\"gap-343489848\" class=\"gap-element clearfix\" style=\"display:block; height:auto;\">\n\t\t\n<style>\n#gap-343489848 {\n  padding-top: 30px;\n}\n<\/style>\n\t<\/div>\n\t\n\n<div class=\"row row-dashed\"  id=\"row-1155877970\">\n\n\n\t<div id=\"col-883546447\" class=\"col medium-4 small-12 large-4\"  >\n\t\t\t\t<div class=\"col-inner\"  >\n\t\t\t\n\t\t\t\n\n<h3>Marque respect\u00e9e dans l&rsquo;industrie des produits du bois, Marwood propose une gamme de produits naturels en c\u00e8dre blanc de l&rsquo;Est (Thuja occidentalis) qui sont de premi\u00e8re qualit\u00e9 et qui durent longtemps. Ces produits sont issus d&rsquo;une r\u00e9colte durable et ne contiennent aucun produit chimique.<\/h3>\n<p>Notre processus de fabrication \u00e0 la pointe de la technologie \u2013<br>que nous contr\u00f4lons du d\u00e9but \u00e0 la fin \u2013 combin\u00e9 \u00e0 notre port\u00e9e, notre longue exp\u00e9rience et notre personnel exp\u00e9riment\u00e9, nous permet d&rsquo;assurer un approvisionnement et une uniformit\u00e9 exceptionnels des produits. Marwood est reconnue pour ses pratiques \u00e9prouv\u00e9es en mati\u00e8re de r\u00e9colte, de sciage, de classification et de fabrication.<\/p>\n<p>Pour de plus amples renseignements, communiquez avec <a href=\"mailto:david.camp@marwoodltd.com\">David Camp<\/a> en composant le 506-443-3101.<\/p>\n\n\t\t<\/div>\n\t\t\t\t\t<\/div>\n\n\t\n\n\t<div id=\"col-1241006184\" class=\"col medium-4 small-12 large-4\"  >\n\t\t\t\t<div class=\"col-inner\"  >\n\t\t\t\n\t\t\t\n\n<p><strong>Bandes de moulure en U moul\u00e9e no 1<\/strong><br>1\u201dx2\u201dx8\u2019<br>2\u201dx3\u201dx8\u2019<\/p>\n<p><strong>Planches 5\/4\u201dx4\u201dx8\u2019 B4F<\/strong><br>Classes : no 1, no 2<\/p>\n<p><strong>Traverses 2\u201dx3\u201dx8\u2019<\/strong><br>Classes : no 1, no 2<br>Moul\u00e9es et goujonn\u00e9es ou B4F<\/p>\n<p><strong>Traverses 2\u201dx4\u201dx8\u2019<\/strong><br>Classes : no 1, no 2<br>Moul\u00e9es et goujonn\u00e9es ou B4F<\/p>\n<p><strong>Traverses 2\u201dx6\u201dx8\u2019 B4F<\/strong><br>Classes : no 1, no 2<\/p>\n<p><strong>Poteaux 4\u201dx4\u201dx8\u2019 B4F<\/strong><br>Classes : no 1, no 2<br>Goujonn\u00e9es ou B4F<\/p>\n\n\t\t<\/div>\n\t\t\t\t\t<\/div>\n\n\t\n\n\t<div id=\"col-1118219634\" class=\"col medium-4 small-12 large-4\"  >\n\t\t\t\t<div class=\"col-inner\"  >\n\t\t\t\n\t\t\t\n\n<p><strong>Lattes moul\u00e9es et pointues 3\u201d<\/strong><br>Classes : no 1, no 2, no 3<br>Hauteurs : 4\u2019, 5\u2019, 6\u2019, 8\u2019<\/p>\n<p><strong>Planches 4\u201d bouvet\u00e9es B4F<\/strong><br>Classes : no 1, G1F, no 2, no 3<br>Hauteurs : 4\u2019, 5\u2019, 6\u2019, 8\u2019<\/p>\n<p><strong>Planches 6\u201d bouvet\u00e9es B4F<\/strong><br>Classes : no 1, no 2<br>Hauteurs : 4\u2019, 5\u2019, 6\u2019, 8\u2019<\/p>\n<p><strong>Panneaux standard<\/strong><br>Tailles : 4\u2019x8\u2019, 5\u2019x8\u2019, 6\u2019x8\u2019, 8\u2019x8\u2019<br>Classes : no 1, G1F, no 2, no 3<\/p>\n<p><strong>Panneaux Palissade standard<\/strong><br>Tailles : 4\u2019x8\u2019, 5\u2019x8\u2019, 6\u2019x8\u2019, 8\u2019x8\u2019<br>Classes : no 1, no 2, no 3<\/p>\n\n\t\t<\/div>\n\t\t\t\t\t<\/div>\n\n\t\n\n<\/div>\n","protected":false},"excerpt":{"rendered":"","protected":false},"author":3,"featured_media":0,"parent":0,"menu_order":0,"comment_status":"closed","ping_status":"closed","template":"page-blank.php","meta":{"_acf_changed":false,"footnotes":""},"class_list":["post-4012","page","type-page","status-publish","hentry"],"acf":[],"_links":{"self":[{"href":"https:\/\/marwoodltd.com\/fr\/wp-json\/wp\/v2\/pages\/4012","targetHints":{"allow":["GET"]}}],"collection":[{"href":"https:\/\/marwoodltd.com\/fr\/wp-json\/wp\/v2\/pages"}],"about":[{"href":"https:\/\/marwoodltd.com\/fr\/wp-json\/wp\/v2\/types\/page"}],"author":[{"embeddable":true,"href":"https:\/\/marwoodltd.com\/fr\/wp-json\/wp\/v2\/users\/3"}],"replies":[{"embeddable":true,"href":"https:\/\/marwoodltd.com\/fr\/wp-json\/wp\/v2\/comments?post=4012"}],"version-history":[{"count":4,"href":"https:\/\/marwoodltd.com\/fr\/wp-json\/wp\/v2\/pages\/4012\/revisions"}],"predecessor-version":[{"id":4017,"href":"https:\/\/marwoodltd.com\/fr\/wp-json\/wp\/v2\/pages\/4012\/revisions\/4017"}],"wp:attachment":[{"href":"https:\/\/marwoodltd.com\/fr\/wp-json\/wp\/v2\/media?parent=4012"}],"curies":[{"name":"wp","href":"https:\/\/api.w.org\/{rel}","templated":true}]}}