{"id":4243,"date":"2024-07-24T16:22:45","date_gmt":"2024-07-24T19:22:45","guid":{"rendered":"https:\/\/marwoodltd.com\/?page_id=4243"},"modified":"2024-07-24T16:24:34","modified_gmt":"2024-07-24T19:24:34","slug":"nos-valeurs","status":"publish","type":"page","link":"https:\/\/marwoodltd.com\/fr\/a-propos-de-marwood\/nos-valeurs\/","title":{"rendered":"Nos Valeurs"},"content":{"rendered":"\n\n  <div class=\"banner has-hover has-parallax\" id=\"banner-1424005790\">\n          <div class=\"banner-inner fill\">\n        <div class=\"banner-bg fill\" data-parallax=\"-4\" data-parallax-container=\".banner\" data-parallax-background>\n            <img loading=\"lazy\" decoding=\"async\" width=\"1020\" height=\"680\" src=\"https:\/\/marwoodltd.com\/wp-content\/uploads\/2024\/07\/marwood-mission-values.jpg\" class=\"bg attachment-large size-large\" alt=\"\" \/>                        <div class=\"overlay\"><\/div>            \n                    <\/div>\n\t\t\n        <div class=\"banner-layers container\">\n            <div class=\"fill banner-link\"><\/div>            \n\n   <div id=\"text-box-1200872495\" class=\"text-box banner-layer hide-for-medium x50 md-x50 lg-x50 y50 md-y50 lg-y50 res-text\">\n                                <div class=\"text-box-content text dark\">\n              \n              <div class=\"text-inner text-center\">\n                  \n\n\t<div id=\"text-1526925248\" class=\"text\">\n\t\t\n\n<h2 class=\"uppercase\">Nos Valeurs<\/h2>\n\n\t\t\n<style>\n#text-1526925248 {\n  text-align: left;\n}\n<\/style>\n\t<\/div>\n\t\n\n              <\/div>\n           <\/div>\n                            \n<style>\n#text-box-1200872495 {\n  width: 91%;\n}\n#text-box-1200872495 .text-box-content {\n  font-size: 100%;\n}\n<\/style>\n    <\/div>\n \n\n        <\/div>\n      <\/div>\n\n            \n<style>\n#banner-1424005790 {\n  padding-top: 35%;\n}\n#banner-1424005790 .overlay {\n  background-color: rgba(119, 119, 119, 0.605);\n}\n#banner-1424005790 .banner-bg img {\n  object-position: 51% 31%;\n}\n<\/style>\n  <\/div>\n\n\n\n\t<section class=\"section show-for-medium\" id=\"section_102458420\">\n\t\t<div class=\"section-bg fill\" >\n\t\t\t\t\t\t\t\t\t\n\t\t\t\n\n\t\t<\/div>\n\n\t\t\n\n\t\t<div class=\"section-content relative\">\n\t\t\t\n\n\t<div id=\"text-2789325875\" class=\"text show-for-medium\">\n\t\t\n\n<h2>Our Values<\/h2>\n\t\t\n<style>\n#text-2789325875 {\n  font-size: 2.15rem;\n  text-align: center;\n}\n<\/style>\n\t<\/div>\n\t\n\n\t\t<\/div>\n\n\t\t\n<style>\n#section_102458420 {\n  padding-top: 30px;\n  padding-bottom: 30px;\n}\n<\/style>\n\t<\/section>\n\t\n<div class=\"row row-collapse row-full-width align-equal\"  id=\"row-1066923468\">\n\n\n\t<div id=\"col-673485831\" class=\"col medium-12 small-12 large-6\"  >\n\t\t\t\t<div class=\"col-inner text-center\"  >\n\t\t\t\n\t\t\t\n\n\n\t<section class=\"section dark\" id=\"section_888629766\">\n\t\t<div class=\"section-bg fill\" >\n\t\t\t\t\t\t\t\t\t\n\t\t\t\n\n\t\t<\/div>\n\n\t\t\n\n\t\t<div class=\"section-content relative\">\n\t\t\t\n\n<div class=\"row align-middle align-center\"  id=\"row-2005558167\">\n\n\n\t<div id=\"col-1858409834\" class=\"col medium-7 small-12 large-7\"  >\n\t\t\t\t<div class=\"col-inner text-center\"  >\n\t\t\t\n\t\t\t\n\n\t<div id=\"gap-296088750\" class=\"gap-element clearfix\" style=\"display:block; height:auto;\">\n\t\t\n<style>\n#gap-296088750 {\n  padding-top: 10px;\n}\n<\/style>\n\t<\/div>\n\t\n\n\n\t\t<div class=\"icon-box featured-box icon-box-center text-center\"  >\n\t\t\t\t\t<div class=\"icon-box-img\" style=\"width: 77px\">\n\t\t\t\t<div class=\"icon\">\n\t\t\t\t\t<div class=\"icon-inner\" >\n\t\t\t\t\t\t<img loading=\"lazy\" decoding=\"async\" width=\"150\" height=\"150\" src=\"https:\/\/marwoodltd.com\/wp-content\/uploads\/2024\/07\/vision_icon.png\" class=\"attachment-medium size-medium\" alt=\"\" srcset=\"https:\/\/marwoodltd.com\/wp-content\/uploads\/2024\/07\/vision_icon.png 150w, https:\/\/marwoodltd.com\/wp-content\/uploads\/2024\/07\/vision_icon-100x100.png 100w\" sizes=\"auto, (max-width: 150px) 100vw, 150px\" \/>\t\t\t\t\t<\/div>\n\t\t\t\t<\/div>\n\t\t\t<\/div>\n\t\t\t\t<div class=\"icon-box-text last-reset\">\n\t\t\t\t\t\t\t\t\t\n\n\t<div id=\"text-2245317501\" class=\"text\">\n\t\t\n\n<h3>Vision<\/h3>\n\t\t\n<style>\n#text-2245317501 {\n  font-size: 2.25rem;\n}\n<\/style>\n\t<\/div>\n\t\n\t<div id=\"text-3938632236\" class=\"text\">\n\t\t\n\n<p><strong> Rechercher l\u2019excellence par le biais du personnel, des partenariats et de la performance. <\/strong><\/p>\n\n\t\t\n<style>\n#text-3938632236 {\n  font-size: 1.4rem;\n}\n<\/style>\n\t<\/div>\n\t\n\n\t\t<\/div>\n\t<\/div>\n\t\n\t\n\n\t\t<\/div>\n\t\t\t\t\n<style>\n#col-1858409834 > .col-inner {\n  padding: 0px 0px 0px 0px;\n  margin: 0px 0px 0px 0px;\n}\n<\/style>\n\t<\/div>\n\n\t\n\n<\/div>\n\n\t\t<\/div>\n\n\t\t\n<style>\n#section_888629766 {\n  padding-top: 70px;\n  padding-bottom: 70px;\n  background-color: #084C61;\n}\n@media (min-width:550px) {\n  #section_888629766 {\n    padding-top: 65px;\n    padding-bottom: 65px;\n  }\n}\n<\/style>\n\t<\/section>\n\t\n\n\t\t<\/div>\n\t\t\t\t\t<\/div>\n\n\t\n\n\t<div id=\"col-1967216375\" class=\"col medium-12 small-12 large-6\"  >\n\t\t\t\t<div class=\"col-inner text-center\"  >\n\t\t\t\n\t\t\t\n\n\n\t<section class=\"section dark\" id=\"section_846048012\">\n\t\t<div class=\"section-bg fill\" >\n\t\t\t\t\t\t\t\t\t\n\t\t\t\n\n\t\t<\/div>\n\n\t\t\n\n\t\t<div class=\"section-content relative\">\n\t\t\t\n\n<div class=\"row align-middle align-center\"  id=\"row-1240833396\">\n\n\n\t<div id=\"col-666093160\" class=\"col medium-11 small-12 large-11\"  >\n\t\t\t\t<div class=\"col-inner text-center\"  >\n\t\t\t\n\t\t\t\n\n\t<div id=\"gap-875557139\" class=\"gap-element clearfix\" style=\"display:block; height:auto;\">\n\t\t\n<style>\n#gap-875557139 {\n  padding-top: 10px;\n}\n<\/style>\n\t<\/div>\n\t\n\n\n\t\t<div class=\"icon-box featured-box icon-box-center text-center\"  >\n\t\t\t\t\t<div class=\"icon-box-img\" style=\"width: 77px\">\n\t\t\t\t<div class=\"icon\">\n\t\t\t\t\t<div class=\"icon-inner\" >\n\t\t\t\t\t\t<img loading=\"lazy\" decoding=\"async\" width=\"150\" height=\"150\" src=\"https:\/\/marwoodltd.com\/wp-content\/uploads\/2024\/07\/mission_icon_white.png\" class=\"attachment-medium size-medium\" alt=\"\" srcset=\"https:\/\/marwoodltd.com\/wp-content\/uploads\/2024\/07\/mission_icon_white.png 150w, https:\/\/marwoodltd.com\/wp-content\/uploads\/2024\/07\/mission_icon_white-100x100.png 100w\" sizes=\"auto, (max-width: 150px) 100vw, 150px\" \/>\t\t\t\t\t<\/div>\n\t\t\t\t<\/div>\n\t\t\t<\/div>\n\t\t\t\t<div class=\"icon-box-text last-reset\">\n\t\t\t\t\t\t\t\t\t\n\n\t<div id=\"text-3764357570\" class=\"text\">\n\t\t\n\n<h3>Mission<\/h3>\n\t\t\n<style>\n#text-3764357570 {\n  font-size: 2.25rem;\n}\n<\/style>\n\t<\/div>\n\t\n\t<div id=\"text-678458460\" class=\"text\">\n\t\t\n\n<p><strong> La mission de Marwood est d\u2019\u00eatre le chef de file de notre industrie et de d\u00e9passer constamment les attentes de nos clients en mati\u00e8re de qualit\u00e9, de service et de valeur fournie.  <\/strong><\/p>\n\n\t\t\n<style>\n#text-678458460 {\n  font-size: 1.4rem;\n}\n<\/style>\n\t<\/div>\n\t\n\n\t\t<\/div>\n\t<\/div>\n\t\n\t\n\n\t\t<\/div>\n\t\t\t\t\n<style>\n#col-666093160 > .col-inner {\n  padding: 0px 0px 0px 0px;\n  margin: 0px 0px 0px 0px;\n}\n<\/style>\n\t<\/div>\n\n\t\n\n<\/div>\n\n\t\t<\/div>\n\n\t\t\n<style>\n#section_846048012 {\n  padding-top: 70px;\n  padding-bottom: 70px;\n  background-color: rgb(122, 156, 89);\n}\n@media (min-width:550px) {\n  #section_846048012 {\n    padding-top: 65px;\n    padding-bottom: 65px;\n  }\n}\n<\/style>\n\t<\/section>\n\t\n\n\t\t<\/div>\n\t\t\t\t\t<\/div>\n\n\t\n\n<\/div>\n\n\t<section class=\"section\" id=\"section_1204068720\">\n\t\t<div class=\"section-bg fill\" >\n\t\t\t\t\t\t\t\t\t\n\t\t\t\n\n\t\t<\/div>\n\n\t\t\n\n\t\t<div class=\"section-content relative\">\n\t\t\t\n\n<div class=\"row align-center\"  id=\"row-1211572968\">\n\n\n\t<div id=\"col-402250632\" class=\"col medium-6 small-12 large-5\"  >\n\t\t\t\t<div class=\"col-inner text-center\"  >\n\t\t\t\n\t\t\t\n\n\t<div id=\"gap-1599436525\" class=\"gap-element clearfix\" style=\"display:block; height:auto;\">\n\t\t\n<style>\n#gap-1599436525 {\n  padding-top: 30px;\n}\n<\/style>\n\t<\/div>\n\t\n\n\t<div id=\"text-625151179\" class=\"text\">\n\t\t\n\n<h3>Nos Valeurs<\/h3>\n\n\t\t\n<style>\n#text-625151179 {\n  font-size: 2.25rem;\n  line-height: 0.75;\n}\n<\/style>\n\t<\/div>\n\t\n<div class=\"is-divider divider clearfix\" style=\"max-width:100px;\"><\/div>\n\n\t<div id=\"text-3657612440\" class=\"text\">\n\t\t\n\n<p><strong>L\u2019entreprise Marwood est fond\u00e9e sur des principes et des valeurs solides qui nous guident dans toutes les d\u00e9cisions que nous prenons.  <\/strong><\/p>\n\n\t\t\n<style>\n#text-3657612440 {\n  font-size: 1.4rem;\n}\n<\/style>\n\t<\/div>\n\t\n\n\t\t<\/div>\n\t\t\t\t\t<\/div>\n\n\t\n\n<\/div>\n<div class=\"row row-small align-equal row-box-shadow-3-hover\"  id=\"row-549841033\">\n\n\n\t<div id=\"col-93480979\" class=\"col medium-4 small-12 large-4\"  >\n\t\t\t\t<div class=\"col-inner\" style=\"background-color:rgb(228, 248, 246);\" >\n\t\t\t\n\t\t\t\n\n\n\t<a class=\"plain\" href=\"#\" >\t<div class=\"icon-box featured-box icon-box-center text-center\"  >\n\t\t\t\t\t<div class=\"icon-box-img\" style=\"width: 50px\">\n\t\t\t\t<div class=\"icon\">\n\t\t\t\t\t<div class=\"icon-inner\" >\n\t\t\t\t\t\t<img loading=\"lazy\" decoding=\"async\" width=\"150\" height=\"150\" src=\"https:\/\/marwoodltd.com\/wp-content\/uploads\/2024\/07\/safety_icon.png\" class=\"attachment-medium size-medium\" alt=\"\" srcset=\"https:\/\/marwoodltd.com\/wp-content\/uploads\/2024\/07\/safety_icon.png 150w, https:\/\/marwoodltd.com\/wp-content\/uploads\/2024\/07\/safety_icon-100x100.png 100w\" sizes=\"auto, (max-width: 150px) 100vw, 150px\" \/>\t\t\t\t\t<\/div>\n\t\t\t\t<\/div>\n\t\t\t<\/div>\n\t\t\t\t<div class=\"icon-box-text last-reset\">\n\t\t\t\t\t\t\t\t\t\n\n\t<div id=\"text-676327401\" class=\"text\">\n\t\t\n\n<h2> S\u00e9curit\u00e9 <\/h2>\n\n\t\t\n<style>\n#text-676327401 {\n  font-size: 1rem;\n}\n@media (min-width:850px) {\n  #text-676327401 {\n    font-size: 1.25rem;\n  }\n}\n<\/style>\n\t<\/div>\n\t\n\t<div id=\"gap-1570934654\" class=\"gap-element clearfix\" style=\"display:block; height:auto;\">\n\t\t\n<style>\n#gap-1570934654 {\n  padding-top: 10px;\n}\n<\/style>\n\t<\/div>\n\t\n\n<p> Accorder la priorit\u00e9 \u00e0 la s\u00e9curit\u00e9 et au bien-\u00eatre de nos employ\u00e9s dans toutes les op\u00e9rations. <\/p>\n\n\n\t\t<\/div>\n\t<\/div>\n\t<\/a>\n\t\n\n\t\t<\/div>\n\t\t\t\t\t<\/div>\n\n\t\n\n\t<div id=\"col-1038733261\" class=\"col medium-4 small-12 large-4\"  >\n\t\t\t\t<div class=\"col-inner\" style=\"background-color:rgb(237, 250, 254);\" >\n\t\t\t\n\t\t\t\n\n\n\t<a class=\"plain\" href=\"#\" >\t<div class=\"icon-box featured-box icon-box-center text-center\"  >\n\t\t\t\t\t<div class=\"icon-box-img\" style=\"width: 50px\">\n\t\t\t\t<div class=\"icon\">\n\t\t\t\t\t<div class=\"icon-inner\" >\n\t\t\t\t\t\t<img loading=\"lazy\" decoding=\"async\" width=\"150\" height=\"150\" src=\"https:\/\/marwoodltd.com\/wp-content\/uploads\/2024\/07\/quality_icon.png\" class=\"attachment-medium size-medium\" alt=\"\" srcset=\"https:\/\/marwoodltd.com\/wp-content\/uploads\/2024\/07\/quality_icon.png 150w, https:\/\/marwoodltd.com\/wp-content\/uploads\/2024\/07\/quality_icon-100x100.png 100w\" sizes=\"auto, (max-width: 150px) 100vw, 150px\" \/>\t\t\t\t\t<\/div>\n\t\t\t\t<\/div>\n\t\t\t<\/div>\n\t\t\t\t<div class=\"icon-box-text last-reset\">\n\t\t\t\t\t\t\t\t\t\n\n\t<div id=\"text-1905111023\" class=\"text\">\n\t\t\n\n<h2>Qualit\u00e9<\/h2>\n\n\t\t\n<style>\n#text-1905111023 {\n  font-size: 1rem;\n}\n@media (min-width:850px) {\n  #text-1905111023 {\n    font-size: 1.25rem;\n  }\n}\n<\/style>\n\t<\/div>\n\t\n\t<div id=\"gap-804927413\" class=\"gap-element clearfix\" style=\"display:block; height:auto;\">\n\t\t\n<style>\n#gap-804927413 {\n  padding-top: 10px;\n}\n<\/style>\n\t<\/div>\n\t\n\n<p> Proposer les normes de qualit\u00e9 et de service les plus rigoureuses de toute l\u2019industrie. <\/p>\n\n\n\t\t<\/div>\n\t<\/div>\n\t<\/a>\n\t\n\n\t\t<\/div>\n\t\t\t\t\t<\/div>\n\n\t\n\n\t<div id=\"col-311351027\" class=\"col medium-4 small-12 large-4\"  >\n\t\t\t\t<div class=\"col-inner\" style=\"background-color:rgb(228, 248, 246);\" >\n\t\t\t\n\t\t\t\n\n\n\t<a class=\"plain\" href=\"#\" >\t<div class=\"icon-box featured-box icon-box-center text-center\"  >\n\t\t\t\t\t<div class=\"icon-box-img\" style=\"width: 50px\">\n\t\t\t\t<div class=\"icon\">\n\t\t\t\t\t<div class=\"icon-inner\" >\n\t\t\t\t\t\t<img loading=\"lazy\" decoding=\"async\" width=\"150\" height=\"150\" src=\"https:\/\/marwoodltd.com\/wp-content\/uploads\/2024\/07\/customer_icon.png\" class=\"attachment-medium size-medium\" alt=\"\" srcset=\"https:\/\/marwoodltd.com\/wp-content\/uploads\/2024\/07\/customer_icon.png 150w, https:\/\/marwoodltd.com\/wp-content\/uploads\/2024\/07\/customer_icon-100x100.png 100w\" sizes=\"auto, (max-width: 150px) 100vw, 150px\" \/>\t\t\t\t\t<\/div>\n\t\t\t\t<\/div>\n\t\t\t<\/div>\n\t\t\t\t<div class=\"icon-box-text last-reset\">\n\t\t\t\t\t\t\t\t\t\n\n\t<div id=\"text-4185606173\" class=\"text\">\n\t\t\n\n<h2>Souci du client <\/h2>\n\n\t\t\n<style>\n#text-4185606173 {\n  font-size: 1rem;\n}\n@media (min-width:850px) {\n  #text-4185606173 {\n    font-size: 1.25rem;\n  }\n}\n<\/style>\n\t<\/div>\n\t\n\t<div id=\"gap-601181659\" class=\"gap-element clearfix\" style=\"display:block; height:auto;\">\n\t\t\n<style>\n#gap-601181659 {\n  padding-top: 10px;\n}\n<\/style>\n\t<\/div>\n\t\n\n<p>Fournir des solutions personnalis\u00e9es et s\u2019efforcer de d\u00e9passer les attentes.<\/p>\n\n\n\t\t<\/div>\n\t<\/div>\n\t<\/a>\n\t\n\n\t\t<\/div>\n\t\t\t\t\t<\/div>\n\n\t\n\n\t<div id=\"col-340061672\" class=\"col medium-4 small-12 large-4\"  >\n\t\t\t\t<div class=\"col-inner\" style=\"background-color:rgb(237, 250, 254);\" >\n\t\t\t\n\t\t\t\n\n\n\t<a class=\"plain\" href=\"#\" >\t<div class=\"icon-box featured-box icon-box-center text-center\"  >\n\t\t\t\t\t<div class=\"icon-box-img\" style=\"width: 50px\">\n\t\t\t\t<div class=\"icon\">\n\t\t\t\t\t<div class=\"icon-inner\" >\n\t\t\t\t\t\t<img loading=\"lazy\" decoding=\"async\" width=\"150\" height=\"150\" src=\"https:\/\/marwoodltd.com\/wp-content\/uploads\/2024\/07\/accountability_icon.png\" class=\"attachment-medium size-medium\" alt=\"\" srcset=\"https:\/\/marwoodltd.com\/wp-content\/uploads\/2024\/07\/accountability_icon.png 150w, https:\/\/marwoodltd.com\/wp-content\/uploads\/2024\/07\/accountability_icon-100x100.png 100w\" sizes=\"auto, (max-width: 150px) 100vw, 150px\" \/>\t\t\t\t\t<\/div>\n\t\t\t\t<\/div>\n\t\t\t<\/div>\n\t\t\t\t<div class=\"icon-box-text last-reset\">\n\t\t\t\t\t\t\t\t\t\n\n\t<div id=\"text-1339478802\" class=\"text\">\n\t\t\n\n<h2>Responsabilit\u00e9 <\/h2>\n\n\t\t\n<style>\n#text-1339478802 {\n  font-size: 1rem;\n}\n@media (min-width:850px) {\n  #text-1339478802 {\n    font-size: 1.25rem;\n  }\n}\n<\/style>\n\t<\/div>\n\t\n\t<div id=\"gap-674877953\" class=\"gap-element clearfix\" style=\"display:block; height:auto;\">\n\t\t\n<style>\n#gap-674877953 {\n  padding-top: 10px;\n}\n<\/style>\n\t<\/div>\n\t\n\n<p>Faire preuve de diligence pour respecter les engagements et se concentrer sur l\u2019am\u00e9lioration continue.  <\/p>\n\n\n\t\t<\/div>\n\t<\/div>\n\t<\/a>\n\t\n\n\t\t<\/div>\n\t\t\t\t\t<\/div>\n\n\t\n\n\t<div id=\"col-676463560\" class=\"col medium-4 small-12 large-4\"  >\n\t\t\t\t<div class=\"col-inner\" style=\"background-color:rgb(228, 248, 246);\" >\n\t\t\t\n\t\t\t\n\n\n\t<a class=\"plain\" href=\"#\" >\t<div class=\"icon-box featured-box icon-box-center text-center\"  >\n\t\t\t\t\t<div class=\"icon-box-img\" style=\"width: 50px\">\n\t\t\t\t<div class=\"icon\">\n\t\t\t\t\t<div class=\"icon-inner\" >\n\t\t\t\t\t\t<img loading=\"lazy\" decoding=\"async\" width=\"150\" height=\"150\" src=\"https:\/\/marwoodltd.com\/wp-content\/uploads\/2024\/07\/team_icon.png\" class=\"attachment-medium size-medium\" alt=\"\" srcset=\"https:\/\/marwoodltd.com\/wp-content\/uploads\/2024\/07\/team_icon.png 150w, https:\/\/marwoodltd.com\/wp-content\/uploads\/2024\/07\/team_icon-100x100.png 100w\" sizes=\"auto, (max-width: 150px) 100vw, 150px\" \/>\t\t\t\t\t<\/div>\n\t\t\t\t<\/div>\n\t\t\t<\/div>\n\t\t\t\t<div class=\"icon-box-text last-reset\">\n\t\t\t\t\t\t\t\t\t\n\n\t<div id=\"text-1688188187\" class=\"text\">\n\t\t\n\n<h2>Int\u00e9grit\u00e9 et travail d\u2019\u00e9quipe<\/h2>\n\n\t\t\n<style>\n#text-1688188187 {\n  font-size: 1rem;\n}\n@media (min-width:850px) {\n  #text-1688188187 {\n    font-size: 1.25rem;\n  }\n}\n<\/style>\n\t<\/div>\n\t\n<p> Exercer nos activit\u00e9s de mani\u00e8re honn\u00eate et \u00e9thique, tout en encourageant la collaboration, le respect, la confiance et la responsabilisation dans l\u2019ensemble de l\u2019organisation. <\/p>\n\n\t<div id=\"gap-439768812\" class=\"gap-element clearfix\" style=\"display:block; height:auto;\">\n\t\t\n<style>\n#gap-439768812 {\n  padding-top: 10px;\n}\n<\/style>\n\t<\/div>\n\t\n\n\n\t\t<\/div>\n\t<\/div>\n\t<\/a>\n\t\n\n\t\t<\/div>\n\t\t\t\t\t<\/div>\n\n\t\n\n\t<div id=\"col-573894256\" class=\"col medium-4 small-12 large-4\"  >\n\t\t\t\t<div class=\"col-inner\" style=\"background-color:rgb(237, 250, 254);\" >\n\t\t\t\n\t\t\t\n\n\n\t<a class=\"plain\" href=\"#\" >\t<div class=\"icon-box featured-box icon-box-center text-center\"  >\n\t\t\t\t\t<div class=\"icon-box-img\" style=\"width: 50px\">\n\t\t\t\t<div class=\"icon\">\n\t\t\t\t\t<div class=\"icon-inner\" >\n\t\t\t\t\t\t<img loading=\"lazy\" decoding=\"async\" width=\"150\" height=\"150\" src=\"https:\/\/marwoodltd.com\/wp-content\/uploads\/2024\/07\/corporate_responsibility_icon.png\" class=\"attachment-medium size-medium\" alt=\"\" srcset=\"https:\/\/marwoodltd.com\/wp-content\/uploads\/2024\/07\/corporate_responsibility_icon.png 150w, https:\/\/marwoodltd.com\/wp-content\/uploads\/2024\/07\/corporate_responsibility_icon-100x100.png 100w\" sizes=\"auto, (max-width: 150px) 100vw, 150px\" \/>\t\t\t\t\t<\/div>\n\t\t\t\t<\/div>\n\t\t\t<\/div>\n\t\t\t\t<div class=\"icon-box-text last-reset\">\n\t\t\t\t\t\t\t\t\t\n\n\t<div id=\"text-1432732802\" class=\"text\">\n\t\t\n\n<h2>Responsabilit\u00e9 de l\u2019entreprise<\/h2>\n\n\t\t\n<style>\n#text-1432732802 {\n  font-size: 1rem;\n}\n@media (min-width:850px) {\n  #text-1432732802 {\n    font-size: 1.25rem;\n  }\n}\n<\/style>\n\t<\/div>\n\t\n\t<div id=\"gap-1625817513\" class=\"gap-element clearfix\" style=\"display:block; height:auto;\">\n\t\t\n<style>\n#gap-1625817513 {\n  padding-top: 10px;\n}\n<\/style>\n\t<\/div>\n\t\n\n<p>Contribuer au bien-\u00eatre et au d\u00e9veloppement de nos collectivit\u00e9s, tout en nous engageant \u00e0 adopter des pratiques durables et une gestion responsable des ressources.<\/p>\n\n\n\t\t<\/div>\n\t<\/div>\n\t<\/a>\n\t\n\n\t\t<\/div>\n\t\t\t\t\t<\/div>\n\n\t\n\n\n<style>\n#row-549841033 > .col > .col-inner {\n  padding: 30px 20px 30px 20px;\n  border-radius: 5px;\n}\n@media (min-width:850px) {\n  #row-549841033 > .col > .col-inner {\n    padding: 70px 40px 70px 40px;\n  }\n}\n<\/style>\n<\/div>\n\n\t\t<\/div>\n\n\t\t\n<style>\n#section_1204068720 {\n  padding-top: 40px;\n  padding-bottom: 40px;\n}\n@media (min-width:550px) {\n  #section_1204068720 {\n    padding-top: 70px;\n    padding-bottom: 70px;\n  }\n}\n<\/style>\n\t<\/section>\n\t\n\n","protected":false},"excerpt":{"rendered":"","protected":false},"author":3,"featured_media":0,"parent":2544,"menu_order":0,"comment_status":"closed","ping_status":"closed","template":"page-blank.php","meta":{"_acf_changed":false,"footnotes":""},"class_list":["post-4243","page","type-page","status-publish","hentry"],"acf":[],"_links":{"self":[{"href":"https:\/\/marwoodltd.com\/fr\/wp-json\/wp\/v2\/pages\/4243","targetHints":{"allow":["GET"]}}],"collection":[{"href":"https:\/\/marwoodltd.com\/fr\/wp-json\/wp\/v2\/pages"}],"about":[{"href":"https:\/\/marwoodltd.com\/fr\/wp-json\/wp\/v2\/types\/page"}],"author":[{"embeddable":true,"href":"https:\/\/marwoodltd.com\/fr\/wp-json\/wp\/v2\/users\/3"}],"replies":[{"embeddable":true,"href":"https:\/\/marwoodltd.com\/fr\/wp-json\/wp\/v2\/comments?post=4243"}],"version-history":[{"count":3,"href":"https:\/\/marwoodltd.com\/fr\/wp-json\/wp\/v2\/pages\/4243\/revisions"}],"predecessor-version":[{"id":4246,"href":"https:\/\/marwoodltd.com\/fr\/wp-json\/wp\/v2\/pages\/4243\/revisions\/4246"}],"up":[{"embeddable":true,"href":"https:\/\/marwoodltd.com\/fr\/wp-json\/wp\/v2\/pages\/2544"}],"wp:attachment":[{"href":"https:\/\/marwoodltd.com\/fr\/wp-json\/wp\/v2\/media?parent=4243"}],"curies":[{"name":"wp","href":"https:\/\/api.w.org\/{rel}","templated":true}]}}