{"id":2592,"date":"2018-01-23T08:58:04","date_gmt":"2019-03-11T16:22:49","guid":{"rendered":"http:\/\/bilingual.marwoodltd.com\/product\/cloture-bon-voisin-palis-a-coins-coupes-6%e2%80%b2-x-8%e2%80%b2\/"},"modified":"2020-01-21T15:04:12","modified_gmt":"2020-01-21T19:04:12","slug":"cloture-bon-voisin-palis-a-coins-coupes-6%e2%80%b2-x-8%e2%80%b2","status":"publish","type":"product","link":"https:\/\/marwoodltd.com\/fr\/produit\/cloture-bon-voisin-palis-a-coins-coupes-6%e2%80%b2-x-8%e2%80%b2\/","title":{"rendered":"Cl\u00f4ture bon voisin, palis \u00e0 coins coup\u00e9s 6\u2032 x 8\u2032"},"content":{"rendered":"","protected":false},"excerpt":{"rendered":"","protected":false},"featured_media":2398,"template":"","meta":{"_acf_changed":false},"product_brand":[],"product_cat":[138],"product_tag":[],"class_list":{"0":"post-2592","1":"product","2":"type-product","3":"status-publish","4":"has-post-thumbnail","6":"product_cat-clotures","8":"first","9":"instock","10":"shipping-taxable","11":"product-type-simple"},"acf":[],"_links":{"self":[{"href":"https:\/\/marwoodltd.com\/fr\/wp-json\/wp\/v2\/product\/2592","targetHints":{"allow":["GET"]}}],"collection":[{"href":"https:\/\/marwoodltd.com\/fr\/wp-json\/wp\/v2\/product"}],"about":[{"href":"https:\/\/marwoodltd.com\/fr\/wp-json\/wp\/v2\/types\/product"}],"wp:featuredmedia":[{"embeddable":true,"href":"https:\/\/marwoodltd.com\/fr\/wp-json\/wp\/v2\/media\/2398"}],"wp:attachment":[{"href":"https:\/\/marwoodltd.com\/fr\/wp-json\/wp\/v2\/media?parent=2592"}],"wp:term":[{"taxonomy":"product_brand","embeddable":true,"href":"https:\/\/marwoodltd.com\/fr\/wp-json\/wp\/v2\/product_brand?post=2592"},{"taxonomy":"product_cat","embeddable":true,"href":"https:\/\/marwoodltd.com\/fr\/wp-json\/wp\/v2\/product_cat?post=2592"},{"taxonomy":"product_tag","embeddable":true,"href":"https:\/\/marwoodltd.com\/fr\/wp-json\/wp\/v2\/product_tag?post=2592"}],"curies":[{"name":"wp","href":"https:\/\/api.w.org\/{rel}","templated":true}]}}