{"id":2604,"date":"2017-11-30T09:01:53","date_gmt":"2019-03-11T16:24:35","guid":{"rendered":"http:\/\/bilingual.marwoodltd.com\/product\/kit-de-rampe-prepercee-rampe-rapide\/"},"modified":"2020-12-10T10:40:04","modified_gmt":"2020-12-10T14:40:04","slug":"kit-de-rampe-prepercee-rampe-rapide","status":"publish","type":"product","link":"https:\/\/marwoodltd.com\/fr\/produit\/kit-de-rampe-prepercee-rampe-rapide\/","title":{"rendered":"Kit de rampe pr\u00e9perc\u00e9e Rampe Rapide"},"content":{"rendered":"<h2>KIT DE RAMPE PR\u00c9PERC\u00c9E<\/h2>\n<p>Utilisez Quick Rail pour mettre en valeur votre terrasse ou votre v\u00e9randa. Toutes les mains courantes et les lisses sont dot\u00e9es d\u2019un profil d\u00e9coratif et sont pr\u00e9perc\u00e9es afin de r\u00e9duire au minimum les frais de main-d\u2019oeuvre et le temps requis pour l\u2019assemblage. Chaque ensemble comprend une main courante et une lisse, des barreaux m\u00e9talliques et les autres composantes n\u00e9cessaires pour faciliter l\u2019installation de votre Quick Rail. <strong>Nous recommandons aux propri\u00e9taires de v\u00e9rifier les exigences du code du b\u00e2timent en vigueur avant de proc\u00e9der \u00e0 l\u2019installation.<\/strong><\/p>\n<h5><i>Peu importe le style choisi, votre projet d\u2019ext\u00e9rieur saura se d\u00e9marquer gr\u00e2ce \u00e0 Quick Rail.<\/i><\/h5>\n","protected":false},"excerpt":{"rendered":"<p>Offert en vert et en brun.<br \/>\nDimensions nominales : 2\u2033 x 4\u2033 x 72\u2033<br \/>\nDimensions r\u00e9elles : 1 5\/16&Prime; x 3 1\/8&Prime; x 71.5&Prime;<\/p>\n<p><a href=\"https:\/\/marwoodltd.com\/wp-content\/uploads\/2020\/12\/Quick-Rail-Installation-FR.pdf\" target=\"_blank\" rel=\"noopener noreferrer\">Quick Rail Instructions D&rsquo;Installation<\/a><\/p>\n","protected":false},"featured_media":2342,"template":"","meta":{"_acf_changed":false},"product_brand":[],"product_cat":[148,154],"product_tag":[],"class_list":{"0":"post-2604","1":"product","2":"type-product","3":"status-publish","4":"has-post-thumbnail","6":"product_cat-les-accessoires-dexterieur","7":"product_cat-main-courante","9":"first","10":"instock","11":"shipping-taxable","12":"product-type-variable","13":"has-default-attributes"},"acf":[],"_links":{"self":[{"href":"https:\/\/marwoodltd.com\/fr\/wp-json\/wp\/v2\/product\/2604","targetHints":{"allow":["GET"]}}],"collection":[{"href":"https:\/\/marwoodltd.com\/fr\/wp-json\/wp\/v2\/product"}],"about":[{"href":"https:\/\/marwoodltd.com\/fr\/wp-json\/wp\/v2\/types\/product"}],"wp:featuredmedia":[{"embeddable":true,"href":"https:\/\/marwoodltd.com\/fr\/wp-json\/wp\/v2\/media\/2342"}],"wp:attachment":[{"href":"https:\/\/marwoodltd.com\/fr\/wp-json\/wp\/v2\/media?parent=2604"}],"wp:term":[{"taxonomy":"product_brand","embeddable":true,"href":"https:\/\/marwoodltd.com\/fr\/wp-json\/wp\/v2\/product_brand?post=2604"},{"taxonomy":"product_cat","embeddable":true,"href":"https:\/\/marwoodltd.com\/fr\/wp-json\/wp\/v2\/product_cat?post=2604"},{"taxonomy":"product_tag","embeddable":true,"href":"https:\/\/marwoodltd.com\/fr\/wp-json\/wp\/v2\/product_tag?post=2604"}],"curies":[{"name":"wp","href":"https:\/\/api.w.org\/{rel}","templated":true}]}}