{"id":3231,"date":"2020-01-02T11:38:06","date_gmt":"2020-01-29T14:54:59","guid":{"rendered":"https:\/\/marwoodltd.com\/?post_type=product&#038;p=3231"},"modified":"2020-01-29T10:55:00","modified_gmt":"2020-01-29T14:55:00","slug":"poteaux-ronds","status":"publish","type":"product","link":"https:\/\/marwoodltd.com\/fr\/produit\/poteaux-ronds\/","title":{"rendered":"Poteaux ronds"},"content":{"rendered":"","protected":false},"excerpt":{"rendered":"<ul>\n<li>Longueurs : 6 pi, 8 pi, 10 pi, 12 pi, 13 pi, 14 pi et 16 pi<\/li>\n<li>Diam\u00e8tre : 3 po et plus<\/li>\n<li>Extr\u00e9mit\u00e9s arrondies ou pointues<\/li>\n<li>Palettes carr\u00e9es ou rondes<\/li>\n<li>En \u00e9pinette ou en pin rouge trait\u00e9 au CCA<\/li>\n<li>Dot\u00e9s d\u2019une garantie de 30 ans contre les dommages caus\u00e9s par la pourriture et les insectes<\/li>\n<li>Poteaux \u00e0 usage agricole ou poteaux de cl\u00f4ture<\/li>\n<li>Utilis\u00e9s pour les enclos de b\u00e9tail et les syst\u00e8mes de treillis d\u2019arbres fruitiers<\/li>\n<\/ul>\n","protected":false},"featured_media":3292,"template":"","meta":{"_acf_changed":false},"product_brand":[],"product_cat":[193],"product_tag":[],"class_list":{"0":"post-3231","1":"product","2":"type-product","3":"status-publish","4":"has-post-thumbnail","6":"product_cat-produits-industriels","8":"first","9":"instock","10":"shipping-taxable","11":"product-type-simple"},"acf":[],"_links":{"self":[{"href":"https:\/\/marwoodltd.com\/fr\/wp-json\/wp\/v2\/product\/3231","targetHints":{"allow":["GET"]}}],"collection":[{"href":"https:\/\/marwoodltd.com\/fr\/wp-json\/wp\/v2\/product"}],"about":[{"href":"https:\/\/marwoodltd.com\/fr\/wp-json\/wp\/v2\/types\/product"}],"wp:featuredmedia":[{"embeddable":true,"href":"https:\/\/marwoodltd.com\/fr\/wp-json\/wp\/v2\/media\/3292"}],"wp:attachment":[{"href":"https:\/\/marwoodltd.com\/fr\/wp-json\/wp\/v2\/media?parent=3231"}],"wp:term":[{"taxonomy":"product_brand","embeddable":true,"href":"https:\/\/marwoodltd.com\/fr\/wp-json\/wp\/v2\/product_brand?post=3231"},{"taxonomy":"product_cat","embeddable":true,"href":"https:\/\/marwoodltd.com\/fr\/wp-json\/wp\/v2\/product_cat?post=3231"},{"taxonomy":"product_tag","embeddable":true,"href":"https:\/\/marwoodltd.com\/fr\/wp-json\/wp\/v2\/product_tag?post=3231"}],"curies":[{"name":"wp","href":"https:\/\/api.w.org\/{rel}","templated":true}]}}