{"id":3233,"date":"2020-01-02T14:15:15","date_gmt":"2020-01-29T14:54:43","guid":{"rendered":"https:\/\/marwoodltd.com\/?post_type=product&#038;p=3233"},"modified":"2020-01-29T10:54:43","modified_gmt":"2020-01-29T14:54:43","slug":"poteaux-de-ligne-de-transmission","status":"publish","type":"product","link":"https:\/\/marwoodltd.com\/fr\/produit\/poteaux-de-ligne-de-transmission\/","title":{"rendered":"Poteaux de ligne de transmission"},"content":{"rendered":"","protected":false},"excerpt":{"rendered":"<ul>\n<li>Longueurs : 30 pi \u00e0 70 pi<\/li>\n<li>Classe 6 \u00e0 classe 1<\/li>\n<li>En pin rouge ou en pin jaune trait\u00e9 au CCA<\/li>\n<li>Dot\u00e9s d\u2019une garantie de 30 ans contre les dommages caus\u00e9s par la pourriture et les insectes<\/li>\n<li>Utilis\u00e9s pour les poteaux de distribution \u00e9lectrique, les tours Internet, les poteaux de t\u00e9l\u00e9phone et les r\u00e9p\u00e9teurs<\/li>\n<\/ul>\n","protected":false},"featured_media":3297,"template":"","meta":{"_acf_changed":false},"product_brand":[],"product_cat":[193],"product_tag":[],"class_list":{"0":"post-3233","1":"product","2":"type-product","3":"status-publish","4":"has-post-thumbnail","6":"product_cat-produits-industriels","8":"first","9":"instock","10":"shipping-taxable","11":"product-type-simple"},"acf":[],"_links":{"self":[{"href":"https:\/\/marwoodltd.com\/fr\/wp-json\/wp\/v2\/product\/3233","targetHints":{"allow":["GET"]}}],"collection":[{"href":"https:\/\/marwoodltd.com\/fr\/wp-json\/wp\/v2\/product"}],"about":[{"href":"https:\/\/marwoodltd.com\/fr\/wp-json\/wp\/v2\/types\/product"}],"wp:featuredmedia":[{"embeddable":true,"href":"https:\/\/marwoodltd.com\/fr\/wp-json\/wp\/v2\/media\/3297"}],"wp:attachment":[{"href":"https:\/\/marwoodltd.com\/fr\/wp-json\/wp\/v2\/media?parent=3233"}],"wp:term":[{"taxonomy":"product_brand","embeddable":true,"href":"https:\/\/marwoodltd.com\/fr\/wp-json\/wp\/v2\/product_brand?post=3233"},{"taxonomy":"product_cat","embeddable":true,"href":"https:\/\/marwoodltd.com\/fr\/wp-json\/wp\/v2\/product_cat?post=3233"},{"taxonomy":"product_tag","embeddable":true,"href":"https:\/\/marwoodltd.com\/fr\/wp-json\/wp\/v2\/product_tag?post=3233"}],"curies":[{"name":"wp","href":"https:\/\/api.w.org\/{rel}","templated":true}]}}