{"id":3236,"date":"2020-01-02T13:11:17","date_gmt":"2020-01-29T14:54:54","guid":{"rendered":"https:\/\/marwoodltd.com\/?post_type=product&#038;p=3236"},"modified":"2020-01-29T10:54:54","modified_gmt":"2020-01-29T14:54:54","slug":"plateformes-de-protection-environnementale-plateformes-pour-grues-et-plateformes-de-marais","status":"publish","type":"product","link":"https:\/\/marwoodltd.com\/fr\/produit\/plateformes-de-protection-environnementale-plateformes-pour-grues-et-plateformes-de-marais\/","title":{"rendered":"Plateformes de protection environnementale, plateformes pour grues et plateformes de marais"},"content":{"rendered":"","protected":false},"excerpt":{"rendered":"<ul>\n<li>Dimensions : 8 po, 10 po et 12 po par 4 pi de largeur et 16 pi, 18 pi ou 20 pi de longueur<\/li>\n<li>En pruche ou en bois franc<\/li>\n<li>Utilis\u00e9es pour les zones humides, les zones \u00e9cosensibles, les passages \u00e0 niveau et les plateformes d\u2019\u00e9quipement<\/li>\n<\/ul>\n","protected":false},"featured_media":3261,"template":"","meta":{"_acf_changed":false},"product_brand":[],"product_cat":[193],"product_tag":[],"class_list":{"0":"post-3236","1":"product","2":"type-product","3":"status-publish","4":"has-post-thumbnail","6":"product_cat-produits-industriels","8":"first","9":"instock","10":"shipping-taxable","11":"product-type-simple"},"acf":[],"_links":{"self":[{"href":"https:\/\/marwoodltd.com\/fr\/wp-json\/wp\/v2\/product\/3236","targetHints":{"allow":["GET"]}}],"collection":[{"href":"https:\/\/marwoodltd.com\/fr\/wp-json\/wp\/v2\/product"}],"about":[{"href":"https:\/\/marwoodltd.com\/fr\/wp-json\/wp\/v2\/types\/product"}],"wp:featuredmedia":[{"embeddable":true,"href":"https:\/\/marwoodltd.com\/fr\/wp-json\/wp\/v2\/media\/3261"}],"wp:attachment":[{"href":"https:\/\/marwoodltd.com\/fr\/wp-json\/wp\/v2\/media?parent=3236"}],"wp:term":[{"taxonomy":"product_brand","embeddable":true,"href":"https:\/\/marwoodltd.com\/fr\/wp-json\/wp\/v2\/product_brand?post=3236"},{"taxonomy":"product_cat","embeddable":true,"href":"https:\/\/marwoodltd.com\/fr\/wp-json\/wp\/v2\/product_cat?post=3236"},{"taxonomy":"product_tag","embeddable":true,"href":"https:\/\/marwoodltd.com\/fr\/wp-json\/wp\/v2\/product_tag?post=3236"}],"curies":[{"name":"wp","href":"https:\/\/api.w.org\/{rel}","templated":true}]}}