{"id":3237,"date":"2020-01-02T13:12:52","date_gmt":"2020-01-29T14:54:53","guid":{"rendered":"https:\/\/marwoodltd.com\/?post_type=product&#038;p=3237"},"modified":"2020-01-29T11:10:45","modified_gmt":"2020-01-29T15:10:45","slug":"poteaux-de-glissieres-de-securite","status":"publish","type":"product","link":"https:\/\/marwoodltd.com\/fr\/produit\/poteaux-de-glissieres-de-securite\/","title":{"rendered":"Poteaux de glissi\u00e8res de s\u00e9curit\u00e9"},"content":{"rendered":"","protected":false},"excerpt":{"rendered":"<ul>\n<li>Dimensions : 6 po x 6 po, 6 po x 8 po, 8 po x 8 po et 10 po x 10 po<\/li>\n<li>Bois franc : 6 po x 6 po ou 6 po x 8 po en longueurs de 6 pi \u00e0 10 pi<\/li>\n<li>Pruche : 6 po x 8 po ou 8 po x 8 po en longueurs de 6 pi \u00e0 16 pi<\/li>\n<li>Cales d\u2019espacement disponibles<\/li>\n<li>Options : pi\u00e8ces coup\u00e9es de longueur, biseaut\u00e9es et perc\u00e9es<\/li>\n<li>En bois franc trait\u00e9 au CCA<\/li>\n<li>Utilis\u00e9s comme poteaux de glissi\u00e8res de s\u00e9curit\u00e9 pour les autoroutes et les terrains de stationnement<\/li>\n<\/ul>\n","protected":false},"featured_media":3263,"template":"","meta":{"_acf_changed":false},"product_brand":[],"product_cat":[193],"product_tag":[],"class_list":{"0":"post-3237","1":"product","2":"type-product","3":"status-publish","4":"has-post-thumbnail","6":"product_cat-produits-industriels","8":"first","9":"instock","10":"shipping-taxable","11":"product-type-simple"},"acf":[],"_links":{"self":[{"href":"https:\/\/marwoodltd.com\/fr\/wp-json\/wp\/v2\/product\/3237","targetHints":{"allow":["GET"]}}],"collection":[{"href":"https:\/\/marwoodltd.com\/fr\/wp-json\/wp\/v2\/product"}],"about":[{"href":"https:\/\/marwoodltd.com\/fr\/wp-json\/wp\/v2\/types\/product"}],"wp:featuredmedia":[{"embeddable":true,"href":"https:\/\/marwoodltd.com\/fr\/wp-json\/wp\/v2\/media\/3263"}],"wp:attachment":[{"href":"https:\/\/marwoodltd.com\/fr\/wp-json\/wp\/v2\/media?parent=3237"}],"wp:term":[{"taxonomy":"product_brand","embeddable":true,"href":"https:\/\/marwoodltd.com\/fr\/wp-json\/wp\/v2\/product_brand?post=3237"},{"taxonomy":"product_cat","embeddable":true,"href":"https:\/\/marwoodltd.com\/fr\/wp-json\/wp\/v2\/product_cat?post=3237"},{"taxonomy":"product_tag","embeddable":true,"href":"https:\/\/marwoodltd.com\/fr\/wp-json\/wp\/v2\/product_tag?post=3237"}],"curies":[{"name":"wp","href":"https:\/\/api.w.org\/{rel}","templated":true}]}}