{"id":3238,"date":"2020-01-02T13:14:11","date_gmt":"2020-01-29T14:54:51","guid":{"rendered":"https:\/\/marwoodltd.com\/?post_type=product&#038;p=3238"},"modified":"2020-01-29T11:06:17","modified_gmt":"2020-01-29T15:06:17","slug":"poutres-et-platelage-de-pont","status":"publish","type":"product","link":"https:\/\/marwoodltd.com\/fr\/produit\/poutres-et-platelage-de-pont\/","title":{"rendered":"Poutres et platelage de pont"},"content":{"rendered":"","protected":false},"excerpt":{"rendered":"<ul>\n<li>Dimensions des poutres \u00e9quarries : 6 po x 6 po, 8 po x 8 po, 10 po x 10 po et 12 po x 12 po jusqu\u2019\u00e0 40 pi de longueur. Les poutres supportent un platelage de 2 po, 3 po ou 4 po.<\/li>\n<li>En pruche ou en sapin Douglas<\/li>\n<li>Utilis\u00e9es pour les cul\u00e9es de pont, les structures et les tabliers de routes pav\u00e9es, les chemins forestiers, et les sentiers de VTT, de motoneiges, de bicyclettes et de pi\u00e9tons<\/li>\n<\/ul>\n","protected":false},"featured_media":3251,"template":"","meta":{"_acf_changed":false},"product_brand":[],"product_cat":[193],"product_tag":[],"class_list":{"0":"post-3238","1":"product","2":"type-product","3":"status-publish","4":"has-post-thumbnail","6":"product_cat-produits-industriels","8":"first","9":"instock","10":"shipping-taxable","11":"product-type-simple"},"acf":[],"_links":{"self":[{"href":"https:\/\/marwoodltd.com\/fr\/wp-json\/wp\/v2\/product\/3238","targetHints":{"allow":["GET"]}}],"collection":[{"href":"https:\/\/marwoodltd.com\/fr\/wp-json\/wp\/v2\/product"}],"about":[{"href":"https:\/\/marwoodltd.com\/fr\/wp-json\/wp\/v2\/types\/product"}],"wp:featuredmedia":[{"embeddable":true,"href":"https:\/\/marwoodltd.com\/fr\/wp-json\/wp\/v2\/media\/3251"}],"wp:attachment":[{"href":"https:\/\/marwoodltd.com\/fr\/wp-json\/wp\/v2\/media?parent=3238"}],"wp:term":[{"taxonomy":"product_brand","embeddable":true,"href":"https:\/\/marwoodltd.com\/fr\/wp-json\/wp\/v2\/product_brand?post=3238"},{"taxonomy":"product_cat","embeddable":true,"href":"https:\/\/marwoodltd.com\/fr\/wp-json\/wp\/v2\/product_cat?post=3238"},{"taxonomy":"product_tag","embeddable":true,"href":"https:\/\/marwoodltd.com\/fr\/wp-json\/wp\/v2\/product_tag?post=3238"}],"curies":[{"name":"wp","href":"https:\/\/api.w.org\/{rel}","templated":true}]}}