{"id":3239,"date":"2020-01-02T13:15:34","date_gmt":"2020-01-29T14:54:48","guid":{"rendered":"https:\/\/marwoodltd.com\/?post_type=product&#038;p=3239"},"modified":"2020-01-29T10:54:49","modified_gmt":"2020-01-29T14:54:49","slug":"poutres-de-cales-de-halage-et-de-fondations-marines","status":"publish","type":"product","link":"https:\/\/marwoodltd.com\/fr\/produit\/poutres-de-cales-de-halage-et-de-fondations-marines\/","title":{"rendered":"Poutres de cales de halage et de fondations marines"},"content":{"rendered":"","protected":false},"excerpt":{"rendered":"<ul>\n<li>Dimensions : 2 po x 6 po \u00e0 12 po x 12 po jusqu\u2019\u00e0 40 pi de longueur<\/li>\n<li>En pruche, en pin rouge ou en sapin Douglas<\/li>\n<li>Trait\u00e9es \u00e0 un haut niveau de r\u00e9tention de CCA dans le but de r\u00e9sister aux dommages caus\u00e9s par les gast\u00e9ropodes<\/li>\n<li>Utilis\u00e9es pour retenir le roc servant de base pour les quais, ainsi que pour les surfaces d\u2019usure pour les rampes, les cales de halage, les d\u00e9fenses d\u2019embarcation, les traverses et le platelage<\/li>\n<\/ul>\n","protected":false},"featured_media":3284,"template":"","meta":{"_acf_changed":false},"product_brand":[],"product_cat":[193],"product_tag":[],"class_list":{"0":"post-3239","1":"product","2":"type-product","3":"status-publish","4":"has-post-thumbnail","6":"product_cat-produits-industriels","8":"first","9":"instock","10":"shipping-taxable","11":"product-type-simple"},"acf":[],"_links":{"self":[{"href":"https:\/\/marwoodltd.com\/fr\/wp-json\/wp\/v2\/product\/3239","targetHints":{"allow":["GET"]}}],"collection":[{"href":"https:\/\/marwoodltd.com\/fr\/wp-json\/wp\/v2\/product"}],"about":[{"href":"https:\/\/marwoodltd.com\/fr\/wp-json\/wp\/v2\/types\/product"}],"wp:featuredmedia":[{"embeddable":true,"href":"https:\/\/marwoodltd.com\/fr\/wp-json\/wp\/v2\/media\/3284"}],"wp:attachment":[{"href":"https:\/\/marwoodltd.com\/fr\/wp-json\/wp\/v2\/media?parent=3239"}],"wp:term":[{"taxonomy":"product_brand","embeddable":true,"href":"https:\/\/marwoodltd.com\/fr\/wp-json\/wp\/v2\/product_brand?post=3239"},{"taxonomy":"product_cat","embeddable":true,"href":"https:\/\/marwoodltd.com\/fr\/wp-json\/wp\/v2\/product_cat?post=3239"},{"taxonomy":"product_tag","embeddable":true,"href":"https:\/\/marwoodltd.com\/fr\/wp-json\/wp\/v2\/product_tag?post=3239"}],"curies":[{"name":"wp","href":"https:\/\/api.w.org\/{rel}","templated":true}]}}